{"id":19770,"date":"2026-02-27T00:46:42","date_gmt":"2026-02-27T00:46:42","guid":{"rendered":"https:\/\/nordicmart.andreevmaster.com\/product\/set-moses-basket-meeko-med-madrassstativtextilier-poppy\/"},"modified":"2026-02-27T08:33:29","modified_gmt":"2026-02-27T08:33:29","slug":"set-moses-basket-meeko-med-madrassstativtextilier-poppy","status":"publish","type":"product","link":"https:\/\/nordicmart.andreevmaster.com\/sv\/produkt\/set-moses-basket-meeko-med-madrassstativtextilier-poppy\/","title":{"rendered":"Set: Moses Basket Meeko med madrass+stativ+textilier Poppy"},"content":{"rendered":"<p>Moseskorgen \u00e4r ett M\u00c5STE i en babyutrustning <\/p>\n<p>Den \u00e4r perfekt f\u00f6r en nyf\u00f6dd bebis som vill sova tryggt och lugnt n\u00e4ra mamma. Den fungerar bra n\u00e4r bebisen reser f\u00f6r f\u00f6rsta g\u00e5ngen. Den kan ocks\u00e5 fungera som ett alternativ till en spj\u00e4ls\u00e4ng eller vagga. Perfekt som present till babyshower eller vid det f\u00f6rsta m\u00f6tet med en nyf\u00f6dd. <\/p>\n<p>Setet inneh\u00e5ller: moseskorg, madrass, stativ, muslintyg med fyllning best\u00e5ende av stoppning, lakan, t\u00e4cke och kudde med plats f\u00f6r huvudet <\/p>\n<p>Produktens egenskaper: <\/p>\n<p>&#8211; alternativ till spj\u00e4ls\u00e4ng och vagga under barnets f\u00f6rsta m\u00e5nader,<br \/>\n &#8211; ger ditt barn en k\u00e4nsla av komfort och trygghet,<br \/>\n &#8211; tack vare handtagen kan korgen enkelt b\u00e4ras runt och du kan alltid ha ditt barn n\u00e4ra dig (OBS: det \u00e4r inte till\u00e5tet att b\u00e4ra korgen med ett barn i),<br \/>\n &#8211; stativet under korgen kan enkelt f\u00e4llas ihop f\u00f6r bekv\u00e4m transport,<br \/>\n &#8211; korgen \u00e4r handv\u00e4vd, 100 % naturlig och milj\u00f6v\u00e4nlig,<br \/>\n &#8211; en madrass med skumfyllning och avtagbart \u00f6verdrag som \u00e4r allergiv\u00e4nligt och motst\u00e5ndskraftigt mot m\u00f6gel, svamp och mal,<br \/>\n &#8211; naturliga, extremt luftiga och mjuka muslintextilier med fyllning ing\u00e5r,<br \/>\n &#8211; du kan k\u00f6pa utbytbara textilier till korgen, <\/p>\n<p>&#8211; kudden har en f\u00f6rdjupning f\u00f6r huvudet \u2013 tack vare denna l\u00f6sning kommer barnets huvud inte att bli platt<br \/>\n &#8211; b\u00e5de korgen och muslinfyllningen s\u00e4kerst\u00e4ller tillr\u00e4cklig luftcirkulation. <\/p>\n<p>Korgens maximala belastning: <\/p>\n<p>9 kg eller tills barnet b\u00f6rjar v\u00e4nda sig fr\u00e5n sida till sida eller sitta upp utan hj\u00e4lp <\/p>\n<p>Tyg och finish:<br \/>\n &#8211; korg med handtag: majsskal<br \/>\n \u2013 korgstativ: vitlackerat furu med barns\u00e4ker f\u00e4rg<br \/>\n &#8211; madrass: polyuretanskum, avtagbart polyester\u00f6verdrag<br \/>\n &#8211; textilier:<br \/>\n &#8211; Oeko-TEX Standard 100-certifierad bomullsmuslin<br \/>\n &#8211; allergiv\u00e4nlig silikonfleece <\/p>\n<p>M\u00e5tt (cm): <\/p>\n<p>&#8211; korg: 86x43x26<br \/>\n -st\u00e4llning: 90 x 59 x 46<br \/>\n -madrass: 72&#215;25<br \/>\n Textilier (cm):<br \/>\n -lakan: passar madrasserna 75&#215;90 och 65&#215;31<br \/>\n -t\u00e4cke: 77&#215;63 (+\/- 2 cm)<br \/>\n -kudde: 24&#215;18 (+\/- 2 cm) <\/p>\n<p>F\u00e4rg: <\/p>\n<p>&#8211; korg med handtag: naturligt majsskal<br \/>\n &#8211; korgstativ: vitt <\/p>\n<p>Anv\u00e4ndarhandbok:<br \/>\n\u2022 B\u00e4r eller flytta inte korgen med barnet i. Korgen ska alltid b\u00e4ras tom. \u2022 Korgen ska placeras p\u00e5 stativet som ing\u00e5r i satsen eller p\u00e5 en stabil och plan yta. \u2022 L\u00e5t inte barn leka i n\u00e4rheten av korgen utan uppsikt. \u2022 Anv\u00e4nds under f\u00f6r\u00e4ldrarnas uppsikt. \u2022 Reng\u00f6r med en fuktig trasa och torka omedelbart.   \u2022 Korgen kan anv\u00e4ndas tills barnet v\u00e4ger 9 kg eller tills det b\u00f6rjar v\u00e4nda sig fr\u00e5n sida till sida eller sitta upp utan hj\u00e4lp.<\/p>\n","protected":false},"excerpt":{"rendered":"<p>Moseskorgen \u00e4r ett M\u00c5STE i en babyutrustning Den \u00e4r perfekt f\u00f6r en nyf\u00f6dd bebis som vill sova tryggt och lugnt n\u00e4ra mamma. Den fungerar bra n\u00e4r bebisen reser f\u00f6r f\u00f6rsta g\u00e5ngen. Den kan ocks\u00e5 fungera som ett alternativ till en spj\u00e4ls\u00e4ng eller vagga. Perfekt som present till babyshower eller vid det f\u00f6rsta m\u00f6tet med en [&hellip;]<\/p>\n","protected":false},"featured_media":0,"comment_status":"open","ping_status":"closed","template":"","meta":[],"product_brand":[],"product_cat":[33],"product_tag":[],"class_list":{"0":"post-19770","1":"product","2":"type-product","3":"status-publish","5":"product_cat-okategoriserad","7":"first","8":"instock","9":"shipping-taxable","10":"purchasable","11":"product-type-simple"},"_links":{"self":[{"href":"https:\/\/nordicmart.andreevmaster.com\/sv\/wp-json\/wp\/v2\/product\/19770","targetHints":{"allow":["GET"]}}],"collection":[{"href":"https:\/\/nordicmart.andreevmaster.com\/sv\/wp-json\/wp\/v2\/product"}],"about":[{"href":"https:\/\/nordicmart.andreevmaster.com\/sv\/wp-json\/wp\/v2\/types\/product"}],"replies":[{"embeddable":true,"href":"https:\/\/nordicmart.andreevmaster.com\/sv\/wp-json\/wp\/v2\/comments?post=19770"}],"wp:attachment":[{"href":"https:\/\/nordicmart.andreevmaster.com\/sv\/wp-json\/wp\/v2\/media?parent=19770"}],"wp:term":[{"taxonomy":"product_brand","embeddable":true,"href":"https:\/\/nordicmart.andreevmaster.com\/sv\/wp-json\/wp\/v2\/product_brand?post=19770"},{"taxonomy":"product_cat","embeddable":true,"href":"https:\/\/nordicmart.andreevmaster.com\/sv\/wp-json\/wp\/v2\/product_cat?post=19770"},{"taxonomy":"product_tag","embeddable":true,"href":"https:\/\/nordicmart.andreevmaster.com\/sv\/wp-json\/wp\/v2\/product_tag?post=19770"}],"curies":[{"name":"wp","href":"https:\/\/api.w.org\/{rel}","templated":true}]}}