{"id":19761,"date":"2026-02-27T00:46:39","date_gmt":"2026-02-27T00:46:39","guid":{"rendered":"https:\/\/nordicmart.andreevmaster.com\/product\/pall-woody-elegant-vit\/"},"modified":"2026-02-27T08:33:26","modified_gmt":"2026-02-27T08:33:26","slug":"pall-woody-elegant-vit","status":"publish","type":"product","link":"https:\/\/nordicmart.andreevmaster.com\/sv\/produkt\/pall-woody-elegant-vit\/","title":{"rendered":"Pall Woody elegant vit"},"content":{"rendered":"<p>Woody-kollektionen med bord och pallar \u00e4r avsedd f\u00f6r sm\u00e5 barn. Den \u00e4r ett m\u00e5ste i varje barnrum.<br \/>\n Den skapar en plats f\u00f6r l\u00e4rande, lek, samtal, konstn\u00e4rliga aktiviteter och organisering av utrymmet, vilket st\u00f6djer barnets naturliga utveckling. Den kan ocks\u00e5 anv\u00e4ndas p\u00e5 m\u00e5nga andra s\u00e4tt, till exempel som nattduksbord, extrabord etc. Den blir ett fantastiskt tillskott till rum som \u00e4r inredda med v\u00e5ra m\u00f6bler.<br \/>\n Woody-bord och -pallar har en minimalistisk, harmonisk stil och \u00e4r tillverkade av s\u00e4kra, solida och naturliga material. Finns i tre vackra f\u00e4rger: ren, gr\u00e5, dammrosa, som kan kombineras f\u00f6r att skapa unika kompositioner.  **M\u00e5tt:**<br \/>\n bord: B60 x D60 x H48,5<br \/>\n pall: B30 x D30 x H30,7<\/p>\n<p> Anv\u00e4nds fr\u00e5n 2 till 5 \u00e5r **Material och ytbehandling:**<br \/>\n &#8211; Skivan \u00e4r tillverkad av h\u00f6gkvalitativ MDF lackerad i en av tre f\u00e4rger<br \/>\n &#8211; Benen \u00e4r tillverkade av boktr\u00e4 lackerat med f\u00e4rgl\u00f6s f\u00e4rg<br \/>\n &#8211; F\u00e4rgerna som anv\u00e4nds i m\u00e5lningsprocessen \u00e4r s\u00e4kra f\u00f6r barn och orsakar inte allergier.     **Tillg\u00e4ngliga f\u00e4rger:**<br \/>\n sits:<br \/>\n&#8211; elegant vit<br \/>\n&#8211; sn\u00f6vit<br \/>\n&#8211; gr\u00e5<br \/>\n&#8211; dammrosa  ben:<br \/>\n &#8211; boktr\u00e4   **Anv\u00e4ndningsanvisning:**<br \/>\n M\u00f6blerna ska torkas av med en mjuk bomullsduk fuktad med vatten eller ett m\u00f6belv\u00e5rdsmedel.<\/p>\n<p> **Ytterligare information:**<br \/>\n M\u00f6blerna levereras i paket, avsedda f\u00f6r sj\u00e4lvmontering. Paketen inneh\u00e5ller detaljerade monteringsanvisningar samt tillbeh\u00f6r (skruvar etc.).<\/p>\n","protected":false},"excerpt":{"rendered":"<p>Woody-kollektionen med bord och pallar \u00e4r avsedd f\u00f6r sm\u00e5 barn. Den \u00e4r ett m\u00e5ste i varje barnrum. Den skapar en plats f\u00f6r l\u00e4rande, lek, samtal, konstn\u00e4rliga aktiviteter och organisering av utrymmet, vilket st\u00f6djer barnets naturliga utveckling. Den kan ocks\u00e5 anv\u00e4ndas p\u00e5 m\u00e5nga andra s\u00e4tt, till exempel som nattduksbord, extrabord etc. Den blir ett fantastiskt tillskott [&hellip;]<\/p>\n","protected":false},"featured_media":0,"comment_status":"open","ping_status":"closed","template":"","meta":[],"product_brand":[],"product_cat":[33],"product_tag":[],"class_list":{"0":"post-19761","1":"product","2":"type-product","3":"status-publish","5":"product_cat-okategoriserad","7":"first","8":"instock","9":"shipping-taxable","10":"purchasable","11":"product-type-simple"},"_links":{"self":[{"href":"https:\/\/nordicmart.andreevmaster.com\/sv\/wp-json\/wp\/v2\/product\/19761","targetHints":{"allow":["GET"]}}],"collection":[{"href":"https:\/\/nordicmart.andreevmaster.com\/sv\/wp-json\/wp\/v2\/product"}],"about":[{"href":"https:\/\/nordicmart.andreevmaster.com\/sv\/wp-json\/wp\/v2\/types\/product"}],"replies":[{"embeddable":true,"href":"https:\/\/nordicmart.andreevmaster.com\/sv\/wp-json\/wp\/v2\/comments?post=19761"}],"wp:attachment":[{"href":"https:\/\/nordicmart.andreevmaster.com\/sv\/wp-json\/wp\/v2\/media?parent=19761"}],"wp:term":[{"taxonomy":"product_brand","embeddable":true,"href":"https:\/\/nordicmart.andreevmaster.com\/sv\/wp-json\/wp\/v2\/product_brand?post=19761"},{"taxonomy":"product_cat","embeddable":true,"href":"https:\/\/nordicmart.andreevmaster.com\/sv\/wp-json\/wp\/v2\/product_cat?post=19761"},{"taxonomy":"product_tag","embeddable":true,"href":"https:\/\/nordicmart.andreevmaster.com\/sv\/wp-json\/wp\/v2\/product_tag?post=19761"}],"curies":[{"name":"wp","href":"https:\/\/api.w.org\/{rel}","templated":true}]}}