{"id":19759,"date":"2026-02-27T00:46:38","date_gmt":"2026-02-27T00:46:38","guid":{"rendered":"https:\/\/nordicmart.andreevmaster.com\/product\/bord-woody-neutralgra\/"},"modified":"2026-02-27T08:33:26","modified_gmt":"2026-02-27T08:33:26","slug":"bord-woody-neutralgra","status":"publish","type":"product","link":"https:\/\/nordicmart.andreevmaster.com\/sv\/produkt\/bord-woody-neutralgra\/","title":{"rendered":"Bord Woody neutralgr\u00e5"},"content":{"rendered":"<p>Woody bord- och pallkollektion \u00e4r till\u00e4gnad sm\u00e5 barn. Det \u00e4r ett m\u00e5ste i varje barnrum.<br \/>\n Den skapar en plats f\u00f6r l\u00e4rande, lek, samtal, konstn\u00e4rliga aktiviteter och organisering av utrymmet, och st\u00f6djer d\u00e4rmed barnets naturliga utveckling. De kan ocks\u00e5 ha m\u00e5nga alternativa anv\u00e4ndningsomr\u00e5den, s\u00e5som nattduksbord, hj\u00e4lpbord osv. Det blir ett underbart till\u00e4gg till rum inredda med v\u00e5ra m\u00f6bler.<br \/>\n Woody bord och pallar \u00e4r h\u00e5llna i en minimalistisk, harmonisk stil, tillverkade av s\u00e4kra, solida och naturliga material. Tillg\u00e4ngliga i tre vackra f\u00e4rger: pure, gr\u00e5, dammig rosa, som kan kombineras f\u00f6r att skapa unika kompositioner.  **M\u00e5tt:**<br \/>\n bord: B60 x D60 x H48,5<br \/>\n pall: B30 x D30 x H30,7<\/p>\n<p> Anv\u00e4ndning fr\u00e5n 2 \u00e5r till 5 \u00e5r<br \/>\n **Material och finish:**<br \/>\n &#8211; ovansidan \u00e4r tillverkad av h\u00f6gkvalitativ MDF lackerad i en av tre f\u00e4rger<br \/>\n &#8211; benen \u00e4r tillverkade av boktr\u00e4 lackerade med f\u00e4rgl\u00f6st lack<br \/>\n &#8211; f\u00e4rgerna som anv\u00e4nds i m\u00e5lningsprocessen \u00e4r s\u00e4kra f\u00f6r barn och orsakar inte allergier.   **Tillg\u00e4ngliga f\u00e4rger:**<br \/>\n ovansida: &#8211; pure<br \/>\n &#8211; snow<br \/>\n &#8211; gr\u00e5<br \/>\n &#8211; dammig rosa<br \/>\n ben:<br \/>\n &#8211; boktr\u00e4   **Sk\u00f6tselr\u00e5d:**<br \/>\n M\u00f6beln b\u00f6r torkas av med en mjuk bomullsduk fuktad med vatten eller en produkt avsedd f\u00f6r m\u00f6belv\u00e5rd.<\/p>\n<p> **Ytterligare information:**<br \/>\n M\u00f6beln levereras i paket, avsedd f\u00f6r sj\u00e4lvmontering. Paketen inneh\u00e5ller detaljerade monteringsanvisningar samt tillbeh\u00f6r (skruvar m.m.).<\/p>\n","protected":false},"excerpt":{"rendered":"<p>Woody bord- och pallkollektion \u00e4r till\u00e4gnad sm\u00e5 barn. Det \u00e4r ett m\u00e5ste i varje barnrum. Den skapar en plats f\u00f6r l\u00e4rande, lek, samtal, konstn\u00e4rliga aktiviteter och organisering av utrymmet, och st\u00f6djer d\u00e4rmed barnets naturliga utveckling. De kan ocks\u00e5 ha m\u00e5nga alternativa anv\u00e4ndningsomr\u00e5den, s\u00e5som nattduksbord, hj\u00e4lpbord osv. Det blir ett underbart till\u00e4gg till rum inredda med [&hellip;]<\/p>\n","protected":false},"featured_media":0,"comment_status":"open","ping_status":"closed","template":"","meta":[],"product_brand":[],"product_cat":[33],"product_tag":[],"class_list":{"0":"post-19759","1":"product","2":"type-product","3":"status-publish","5":"product_cat-okategoriserad","7":"first","8":"instock","9":"shipping-taxable","10":"purchasable","11":"product-type-simple"},"_links":{"self":[{"href":"https:\/\/nordicmart.andreevmaster.com\/sv\/wp-json\/wp\/v2\/product\/19759","targetHints":{"allow":["GET"]}}],"collection":[{"href":"https:\/\/nordicmart.andreevmaster.com\/sv\/wp-json\/wp\/v2\/product"}],"about":[{"href":"https:\/\/nordicmart.andreevmaster.com\/sv\/wp-json\/wp\/v2\/types\/product"}],"replies":[{"embeddable":true,"href":"https:\/\/nordicmart.andreevmaster.com\/sv\/wp-json\/wp\/v2\/comments?post=19759"}],"wp:attachment":[{"href":"https:\/\/nordicmart.andreevmaster.com\/sv\/wp-json\/wp\/v2\/media?parent=19759"}],"wp:term":[{"taxonomy":"product_brand","embeddable":true,"href":"https:\/\/nordicmart.andreevmaster.com\/sv\/wp-json\/wp\/v2\/product_brand?post=19759"},{"taxonomy":"product_cat","embeddable":true,"href":"https:\/\/nordicmart.andreevmaster.com\/sv\/wp-json\/wp\/v2\/product_cat?post=19759"},{"taxonomy":"product_tag","embeddable":true,"href":"https:\/\/nordicmart.andreevmaster.com\/sv\/wp-json\/wp\/v2\/product_tag?post=19759"}],"curies":[{"name":"wp","href":"https:\/\/api.w.org\/{rel}","templated":true}]}}