{"id":19738,"date":"2026-02-27T00:46:32","date_gmt":"2026-02-27T00:46:32","guid":{"rendered":"https:\/\/nordicmart.andreevmaster.com\/product\/flatad-sangkant-gra\/"},"modified":"2026-02-27T08:33:20","modified_gmt":"2026-02-27T08:33:20","slug":"flatad-sangkant-gra","status":"publish","type":"product","link":"https:\/\/nordicmart.andreevmaster.com\/sv\/produkt\/flatad-sangkant-gra\/","title":{"rendered":"Fl\u00e4tad s\u00e4ngkant gr\u00e5"},"content":{"rendered":"<p>En skyddande fl\u00e4tad s\u00e4ngkant \u00e4r en vacker detalj, tillverkad av mjuk, h\u00f6gkvalitativ bomullssammet med kvalitetscertifikatet STANDARD 100 by OEKO-TEX.<br \/>\nDetaljer:<br \/>\n-H\u00f6g kvalitet och precist hantverk<br \/>\n-H\u00f6gkvalitativ bomullssammet med OEKO-TEX-certifiering<br \/>\n-Fylld med mjuk silikonfiber med utm\u00e4rkta v\u00e4rmereglerande egenskaper<br \/>\n-Tillverkad i Polen<br \/>\n-Passar spj\u00e4ls\u00e4ngar i storlekarna 120&#215;60 cm och 70&#215;140 cm <\/p>\n<p>Material: 100 % bomull, 150 g\/m\u00b2, OEKO-TEX Standard 100-certifierad Antiallergisk silikonfiber, 200 g\/m\u00b2 <\/p>\n<p>Total l\u00e4ngd:<br \/>\n240 cm<br \/>\nBredd: 12 cm <\/p>\n<p>L\u00e4mplig f\u00f6r barn fr\u00e5n f\u00f6dseln. B\u00f6r anv\u00e4ndas under f\u00f6r\u00e4ldrarnas uppsikt. <\/p>\n<p>Tv\u00e4ttanvisningar:<br \/>\n-Tv\u00e4ttbar i maskin vid 40 \u00b0C<br \/>\n-Stryk inte<br \/>\n-Blek inte<br \/>\n-Torktumla inte<\/p>\n","protected":false},"excerpt":{"rendered":"<p>En skyddande fl\u00e4tad s\u00e4ngkant \u00e4r en vacker detalj, tillverkad av mjuk, h\u00f6gkvalitativ bomullssammet med kvalitetscertifikatet STANDARD 100 by OEKO-TEX. Detaljer: -H\u00f6g kvalitet och precist hantverk -H\u00f6gkvalitativ bomullssammet med OEKO-TEX-certifiering -Fylld med mjuk silikonfiber med utm\u00e4rkta v\u00e4rmereglerande egenskaper -Tillverkad i Polen -Passar spj\u00e4ls\u00e4ngar i storlekarna 120&#215;60 cm och 70&#215;140 cm Material: 100 % bomull, 150 g\/m\u00b2, [&hellip;]<\/p>\n","protected":false},"featured_media":0,"comment_status":"open","ping_status":"closed","template":"","meta":[],"product_brand":[],"product_cat":[33],"product_tag":[],"class_list":{"0":"post-19738","1":"product","2":"type-product","3":"status-publish","5":"product_cat-okategoriserad","7":"first","8":"instock","9":"shipping-taxable","10":"purchasable","11":"product-type-simple"},"_links":{"self":[{"href":"https:\/\/nordicmart.andreevmaster.com\/sv\/wp-json\/wp\/v2\/product\/19738","targetHints":{"allow":["GET"]}}],"collection":[{"href":"https:\/\/nordicmart.andreevmaster.com\/sv\/wp-json\/wp\/v2\/product"}],"about":[{"href":"https:\/\/nordicmart.andreevmaster.com\/sv\/wp-json\/wp\/v2\/types\/product"}],"replies":[{"embeddable":true,"href":"https:\/\/nordicmart.andreevmaster.com\/sv\/wp-json\/wp\/v2\/comments?post=19738"}],"wp:attachment":[{"href":"https:\/\/nordicmart.andreevmaster.com\/sv\/wp-json\/wp\/v2\/media?parent=19738"}],"wp:term":[{"taxonomy":"product_brand","embeddable":true,"href":"https:\/\/nordicmart.andreevmaster.com\/sv\/wp-json\/wp\/v2\/product_brand?post=19738"},{"taxonomy":"product_cat","embeddable":true,"href":"https:\/\/nordicmart.andreevmaster.com\/sv\/wp-json\/wp\/v2\/product_cat?post=19738"},{"taxonomy":"product_tag","embeddable":true,"href":"https:\/\/nordicmart.andreevmaster.com\/sv\/wp-json\/wp\/v2\/product_tag?post=19738"}],"curies":[{"name":"wp","href":"https:\/\/api.w.org\/{rel}","templated":true}]}}