{"id":19735,"date":"2026-02-27T00:46:31","date_gmt":"2026-02-27T00:46:31","guid":{"rendered":"https:\/\/nordicmart.andreevmaster.com\/product\/waffle-roller-poppy-2\/"},"modified":"2026-02-27T08:33:20","modified_gmt":"2026-02-27T08:33:20","slug":"waffle-roller-poppy-2","status":"publish","type":"product","link":"https:\/\/nordicmart.andreevmaster.com\/sv\/produkt\/waffle-roller-poppy-2\/","title":{"rendered":"Waffle roller poppy"},"content":{"rendered":"<p>Bolsterkudden \u00e4r inte bara ett bekv\u00e4mt st\u00f6d utan ocks\u00e5 en stilfull dekoration f\u00f6r barns\u00e4ngar. Den kan anv\u00e4ndas vid matning, gymnastik eller lek med ditt barn, och genom att kombinera tre kuddar kan den ocks\u00e5 fungera som spj\u00e4lskydd. Den har ett avtagbart \u00f6verdrag f\u00f6r enkel reng\u00f6ring.<br \/>\nDetaljer:<br \/>\n-Alternativ till spj\u00e4lskydd<br \/>\n-Kan anv\u00e4ndas under \u00f6vningar och lek med barnet<br \/>\n-En dekorativ detalj f\u00f6r barnets spj\u00e4ls\u00e4ng<br \/>\n-Kan anv\u00e4ndas f\u00f6r att st\u00f6dja barnet under matning Huvud- eller benst\u00f6d<br \/>\n-Avtagbart \u00f6verdrag<br \/>\nMaterial: -100 % v\u00e5ffelbomull, 150 g\/m\u00b2, med Oeko-TEX Standard 100-certifiering IW 00034 -Antiallergisk silikonfiber, 200 g\/m\u00b2 Storlek: 60 cm x 13 cm Tv\u00e4ttanvisningar: -\u00d6verdraget kan tv\u00e4ttas i maskin vid 40 \u00b0C -Blek inte -Kan torktumlas p\u00e5 program f\u00f6r \u00f6mt\u00e5liga tyger<\/p>\n","protected":false},"excerpt":{"rendered":"<p>Bolsterkudden \u00e4r inte bara ett bekv\u00e4mt st\u00f6d utan ocks\u00e5 en stilfull dekoration f\u00f6r barns\u00e4ngar. Den kan anv\u00e4ndas vid matning, gymnastik eller lek med ditt barn, och genom att kombinera tre kuddar kan den ocks\u00e5 fungera som spj\u00e4lskydd. Den har ett avtagbart \u00f6verdrag f\u00f6r enkel reng\u00f6ring. Detaljer: -Alternativ till spj\u00e4lskydd -Kan anv\u00e4ndas under \u00f6vningar och lek [&hellip;]<\/p>\n","protected":false},"featured_media":0,"comment_status":"open","ping_status":"closed","template":"","meta":[],"product_brand":[],"product_cat":[33],"product_tag":[],"class_list":{"0":"post-19735","1":"product","2":"type-product","3":"status-publish","5":"product_cat-okategoriserad","7":"first","8":"instock","9":"shipping-taxable","10":"purchasable","11":"product-type-simple"},"_links":{"self":[{"href":"https:\/\/nordicmart.andreevmaster.com\/sv\/wp-json\/wp\/v2\/product\/19735","targetHints":{"allow":["GET"]}}],"collection":[{"href":"https:\/\/nordicmart.andreevmaster.com\/sv\/wp-json\/wp\/v2\/product"}],"about":[{"href":"https:\/\/nordicmart.andreevmaster.com\/sv\/wp-json\/wp\/v2\/types\/product"}],"replies":[{"embeddable":true,"href":"https:\/\/nordicmart.andreevmaster.com\/sv\/wp-json\/wp\/v2\/comments?post=19735"}],"wp:attachment":[{"href":"https:\/\/nordicmart.andreevmaster.com\/sv\/wp-json\/wp\/v2\/media?parent=19735"}],"wp:term":[{"taxonomy":"product_brand","embeddable":true,"href":"https:\/\/nordicmart.andreevmaster.com\/sv\/wp-json\/wp\/v2\/product_brand?post=19735"},{"taxonomy":"product_cat","embeddable":true,"href":"https:\/\/nordicmart.andreevmaster.com\/sv\/wp-json\/wp\/v2\/product_cat?post=19735"},{"taxonomy":"product_tag","embeddable":true,"href":"https:\/\/nordicmart.andreevmaster.com\/sv\/wp-json\/wp\/v2\/product_tag?post=19735"}],"curies":[{"name":"wp","href":"https:\/\/api.w.org\/{rel}","templated":true}]}}