{"id":19731,"date":"2026-02-27T00:46:30","date_gmt":"2026-02-27T00:46:30","guid":{"rendered":"https:\/\/nordicmart.andreevmaster.com\/product\/skotunderlagg-i-vaffeltyg-med-overdrag-och-handduk-i-vallmo\/"},"modified":"2026-02-27T08:33:18","modified_gmt":"2026-02-27T08:33:18","slug":"skotunderlagg-i-vaffeltyg-med-overdrag-och-handduk-i-vallmo","status":"publish","type":"product","link":"https:\/\/nordicmart.andreevmaster.com\/sv\/produkt\/skotunderlagg-i-vaffeltyg-med-overdrag-och-handduk-i-vallmo\/","title":{"rendered":"Sk\u00f6tunderl\u00e4gg i v\u00e5ffeltyg med \u00f6verdrag och handduk i vallmo"},"content":{"rendered":"<p>Sk\u00f6tunderl\u00e4gget i v\u00e5ffeltyg \u00e4r den perfekta l\u00f6sningen f\u00f6r f\u00f6r\u00e4ldrar som v\u00e4rdes\u00e4tter funktionalitet och komfort. Det \u00e4r tillverkat av h\u00f6gkvalitativ bomull och garanterar mjukhet och s\u00e4kerhet f\u00f6r ditt barns k\u00e4nsliga hud. Tack vare dess absorptionsf\u00f6rm\u00e5ga och antibakteriella egenskaper \u00e4r det ett utm\u00e4rkt val f\u00f6r daglig anv\u00e4ndning. Dessutom \u00e4r sk\u00f6tunderl\u00e4gget l\u00e4ttsk\u00f6tt, vilket g\u00f6r det till ett praktiskt tillskott till alla barnrum. <\/p>\n<p>Varf\u00f6r v\u00e5ffeltyg?<br \/>\n-Det har antibakteriella egenskaper.<br \/>\n-Det \u00e4r allergiv\u00e4nligt och orsakar inte allergier.<br \/>\n-Det \u00e4r skonsamt mot huden och behagligt att ta p\u00e5.-Det har h\u00f6g fuktabsorptionsf\u00f6rm\u00e5ga. -Det har termoreglering \u2013 h\u00f6g luftgenomsl\u00e4pplighet och v\u00e4rmeledning. -Det kyler p\u00e5 varma dagar och v\u00e4rmer n\u00e4r det \u00e4r kallare. -Det \u00e4r motst\u00e5ndskraftigt mot n\u00f6tning och t\u00f6jning.-Det genererar inte statisk elektricitet.<br \/>\n-Det \u00e4r biologiskt nedbrytbart. <\/p>\n<p>V\u00e4xlingsunderl\u00e4gget i v\u00e5ffeltyg inneh\u00e5ller:<br \/>\nEn styv insats tillverkad av vattent\u00e4tt material.<br \/>\nEtt \u00f6verdrag tillverkat av antibakteriellt och mjukt v\u00e5ffeltyg.<br \/>\n En v\u00e4ndbar bas tillverkad av v\u00e5ffeltyg och frott\u00e9, skyddad av ett vattent\u00e4tt membran. <\/p>\n<p>M\u00e5tt:<br \/>\n75 x 55 cm <\/p>\n<p>F\u00e4rgalternativ:<br \/>\nSn\u00f6vit \/ Ros \/ Mj\u00f6lk <\/p>\n<p>Material:<br \/>\n\u00d6verdragets sammans\u00e4ttning: 100 % bomull med en vikt p\u00e5 154 g\/m\u00b2, certifierad enligt OEKO-TEX Standard 100.<br \/>\nSk\u00f6tselr\u00e5d:<br \/>\nSkonsam tv\u00e4tt i 40 grader.<br \/>\nKan strykas i fuktigt tillst\u00e5nd vid h\u00f6g temperatur.<br \/>\nBlek inte.<br \/>\nKan torktumlas p\u00e5 program f\u00f6r \u00f6mt\u00e5liga tyger. <\/p>\n<p>Ytterligare information:<br \/>\nSydd i Polen av lokala material.<br \/>\nPassar alla sk\u00f6tbord i v\u00e5rt sortiment.<\/p>\n","protected":false},"excerpt":{"rendered":"<p>Sk\u00f6tunderl\u00e4gget i v\u00e5ffeltyg \u00e4r den perfekta l\u00f6sningen f\u00f6r f\u00f6r\u00e4ldrar som v\u00e4rdes\u00e4tter funktionalitet och komfort. Det \u00e4r tillverkat av h\u00f6gkvalitativ bomull och garanterar mjukhet och s\u00e4kerhet f\u00f6r ditt barns k\u00e4nsliga hud. Tack vare dess absorptionsf\u00f6rm\u00e5ga och antibakteriella egenskaper \u00e4r det ett utm\u00e4rkt val f\u00f6r daglig anv\u00e4ndning. Dessutom \u00e4r sk\u00f6tunderl\u00e4gget l\u00e4ttsk\u00f6tt, vilket g\u00f6r det till ett praktiskt [&hellip;]<\/p>\n","protected":false},"featured_media":0,"comment_status":"open","ping_status":"closed","template":"","meta":[],"product_brand":[],"product_cat":[33],"product_tag":[],"class_list":{"0":"post-19731","1":"product","2":"type-product","3":"status-publish","5":"product_cat-okategoriserad","7":"first","8":"instock","9":"shipping-taxable","10":"purchasable","11":"product-type-simple"},"_links":{"self":[{"href":"https:\/\/nordicmart.andreevmaster.com\/sv\/wp-json\/wp\/v2\/product\/19731","targetHints":{"allow":["GET"]}}],"collection":[{"href":"https:\/\/nordicmart.andreevmaster.com\/sv\/wp-json\/wp\/v2\/product"}],"about":[{"href":"https:\/\/nordicmart.andreevmaster.com\/sv\/wp-json\/wp\/v2\/types\/product"}],"replies":[{"embeddable":true,"href":"https:\/\/nordicmart.andreevmaster.com\/sv\/wp-json\/wp\/v2\/comments?post=19731"}],"wp:attachment":[{"href":"https:\/\/nordicmart.andreevmaster.com\/sv\/wp-json\/wp\/v2\/media?parent=19731"}],"wp:term":[{"taxonomy":"product_brand","embeddable":true,"href":"https:\/\/nordicmart.andreevmaster.com\/sv\/wp-json\/wp\/v2\/product_brand?post=19731"},{"taxonomy":"product_cat","embeddable":true,"href":"https:\/\/nordicmart.andreevmaster.com\/sv\/wp-json\/wp\/v2\/product_cat?post=19731"},{"taxonomy":"product_tag","embeddable":true,"href":"https:\/\/nordicmart.andreevmaster.com\/sv\/wp-json\/wp\/v2\/product_tag?post=19731"}],"curies":[{"name":"wp","href":"https:\/\/api.w.org\/{rel}","templated":true}]}}