{"id":19728,"date":"2026-02-27T00:46:29","date_gmt":"2026-02-27T00:46:29","guid":{"rendered":"https:\/\/nordicmart.andreevmaster.com\/product\/kudde-och-overkastset-poppy\/"},"modified":"2026-02-27T08:33:18","modified_gmt":"2026-02-27T08:33:18","slug":"kudde-och-overkastset-poppy","status":"publish","type":"product","link":"https:\/\/nordicmart.andreevmaster.com\/sv\/produkt\/kudde-och-overkastset-poppy\/","title":{"rendered":"Kudde- och \u00f6verkastset poppy"},"content":{"rendered":"<p>Setet best\u00e5r av ett \u00f6rngott och ett \u00f6verkast och \u00e4r den perfekta kombinationen av stil och komfort. Det \u00e4r tillverkat av h\u00f6gkvalitativt v\u00e5ffeltyg (100 % bomull) och \u00e4r ett utm\u00e4rkt tillskott till alla barnrum, d\u00e4r det ger en mysig k\u00e4nsla. \u00d6verkastet kan ocks\u00e5 anv\u00e4ndas som filt, vilket g\u00f6r det till en s\u00e4rskilt praktisk inredningsdetalj. B\u00e5de \u00f6rngottet och \u00f6verkastet \u00e4r ett praktiskt och estetiskt val som garanterar bekv\u00e4m vila och ett elegant utseende f\u00f6r s\u00e4ngen. Ett idealiskt set f\u00f6r vardagsbruk eller som present. <\/p>\n<p>Material:<br \/>\n100 % v\u00e5ffelbomull, 150 g\/m\u00b2, med Oeko-TEX Standard 100-certifiering IW 00034. <\/p>\n<p>Storlek:<br \/>\n\u00d6rngott: 50 cm x 70 cm<br \/>\nS\u00e4ng\u00f6verkast: 100 cm x 180 cm<\/p>\n<p>Tv\u00e4ttanvisningar:<br \/>\n Maskintv\u00e4tt 40 \u00b0C<br \/>\nBlek inte<br \/>\nKan torktumlas p\u00e5 program f\u00f6r \u00f6mt\u00e5liga tyger<\/p>\n","protected":false},"excerpt":{"rendered":"<p>Setet best\u00e5r av ett \u00f6rngott och ett \u00f6verkast och \u00e4r den perfekta kombinationen av stil och komfort. Det \u00e4r tillverkat av h\u00f6gkvalitativt v\u00e5ffeltyg (100 % bomull) och \u00e4r ett utm\u00e4rkt tillskott till alla barnrum, d\u00e4r det ger en mysig k\u00e4nsla. \u00d6verkastet kan ocks\u00e5 anv\u00e4ndas som filt, vilket g\u00f6r det till en s\u00e4rskilt praktisk inredningsdetalj. B\u00e5de [&hellip;]<\/p>\n","protected":false},"featured_media":0,"comment_status":"open","ping_status":"closed","template":"","meta":[],"product_brand":[],"product_cat":[33],"product_tag":[],"class_list":{"0":"post-19728","1":"product","2":"type-product","3":"status-publish","5":"product_cat-okategoriserad","7":"first","8":"instock","9":"shipping-taxable","10":"purchasable","11":"product-type-simple"},"_links":{"self":[{"href":"https:\/\/nordicmart.andreevmaster.com\/sv\/wp-json\/wp\/v2\/product\/19728","targetHints":{"allow":["GET"]}}],"collection":[{"href":"https:\/\/nordicmart.andreevmaster.com\/sv\/wp-json\/wp\/v2\/product"}],"about":[{"href":"https:\/\/nordicmart.andreevmaster.com\/sv\/wp-json\/wp\/v2\/types\/product"}],"replies":[{"embeddable":true,"href":"https:\/\/nordicmart.andreevmaster.com\/sv\/wp-json\/wp\/v2\/comments?post=19728"}],"wp:attachment":[{"href":"https:\/\/nordicmart.andreevmaster.com\/sv\/wp-json\/wp\/v2\/media?parent=19728"}],"wp:term":[{"taxonomy":"product_brand","embeddable":true,"href":"https:\/\/nordicmart.andreevmaster.com\/sv\/wp-json\/wp\/v2\/product_brand?post=19728"},{"taxonomy":"product_cat","embeddable":true,"href":"https:\/\/nordicmart.andreevmaster.com\/sv\/wp-json\/wp\/v2\/product_cat?post=19728"},{"taxonomy":"product_tag","embeddable":true,"href":"https:\/\/nordicmart.andreevmaster.com\/sv\/wp-json\/wp\/v2\/product_tag?post=19728"}],"curies":[{"name":"wp","href":"https:\/\/api.w.org\/{rel}","templated":true}]}}