{"id":19724,"date":"2026-02-27T00:46:28","date_gmt":"2026-02-27T00:46:28","guid":{"rendered":"https:\/\/nordicmart.andreevmaster.com\/product\/up-sang-70x120-gra\/"},"modified":"2026-02-27T08:33:17","modified_gmt":"2026-02-27T08:33:17","slug":"up-sang-70x120-gra","status":"publish","type":"product","link":"https:\/\/nordicmart.andreevmaster.com\/sv\/produkt\/up-sang-70x120-gra\/","title":{"rendered":"UP! S\u00e4ng 70&#215;120 gr\u00e5"},"content":{"rendered":"<p>UP! \u2013 helt \u00e5tervinningsbart \u2013 f\u00f6r l\u00e5ngvarig anv\u00e4ndning UP!<br \/>\nSpj\u00e4ls\u00e4ng med sk\u00e5p, sk\u00f6tbord, l\u00e5da (tillval) och hyllor \u00e4r en m\u00f6bel som f\u00f6r\u00e4ndras tillsammans med ditt barn och anpassar sig efter dess behov. F\u00f6r sp\u00e4dbarn \u00e4r det en underbar, s\u00e4ker plats att sova, leka och vila p\u00e5, och f\u00f6r f\u00f6r\u00e4ldrarna \u00e4r det ett funktionellt f\u00f6rvaringsutrymme f\u00f6r alla saker som beh\u00f6vs f\u00f6r att ta hand om barnet. F\u00f6r \u00e4ldre barn kan m\u00f6beln omvandlas till en st\u00f6rre s\u00e4ng (160 cm) genom att komplettera med ett skrivbord med justerbar skiva och ett sk\u00e5p f\u00f6r barnets skatter. Tack vare omvandlingsm\u00f6jligheten \u00e4r UP! ett utm\u00e4rkt val f\u00f6r alla som vill ha en snygg och funktionell l\u00f6sning som h\u00e5ller i m\u00e5nga \u00e5r. UP! Tillverkat av MDF-skiva, ekfan\u00e9r, m\u00f6belskiva och massivt tr\u00e4. Finns i gr\u00e5tt med ekben. **Huvudsakliga f\u00f6rdelar:**<br \/>\n&#8211; spj\u00e4ls\u00e4ng utrustad med sk\u00f6tbord, f\u00f6rvaringsl\u00e5da med l\u00e5da, sk\u00e5p och hyllor<br \/>\n&#8211; tre niv\u00e5er f\u00f6r madrassramen anpassade efter barnets utveckling (29\/47,8\/60,5 cm fr\u00e5n golvet) &#8211; Avtagbar del av den fr\u00e4mre ramen<br \/>\n\u2013 underl\u00e4ttar f\u00f6r barnet att sj\u00e4lv kliva i och ur s\u00e4ngen<br \/>\n&#8211; m\u00f6jlighet att bygga om till soffa genom att demontera den fr\u00e4mre ramen<br \/>\n&#8211; efter demontering av de tv\u00e5 sidoramarna f\u00e5r man en juniors\u00e4ng med en l\u00e4ngd p\u00e5 160 cm, medan de \u00e5terst\u00e5ende delarna kan anv\u00e4ndas f\u00f6r att bygga ett skrivbord med justerbar skiva och en praktisk f\u00f6rvaringsl\u00e5da<br \/>\n &#8211; rymlig, praktisk l\u00e5da p\u00e5 hjul med gummid\u00e4ck (l\u00e5dan \u00e4r ett tillval som kan k\u00f6pas separat)<br \/>\n-l\u00e5dan i sk\u00e5pet \u00e4r utrustad med tysta sj\u00e4lvst\u00e4ngande skenor fr\u00e5n H\u00e4fele<br \/>\n-f\u00e4rgerna som anv\u00e4nds i lackeringsprocessen \u00e4r s\u00e4kra f\u00f6r barn, certifierade enligt standarden EN71\/3, och orsakar inte allergier<\/p>\n<p> **M\u00e5tt (cm):**<br \/>\nl\u00e4ngd \u2013 163,5<br \/>\nbredd \u2013 77,5<br \/>\nh\u00f6jd \u2013 100 **Ytterligare information:**<br \/>\n &#8211; till spj\u00e4ls\u00e4ngen passar en madrass med m\u00e5tten: 70&#215;120 cm,<br \/>\n&#8211; till juniors\u00e4ngen passar en madrass med m\u00e5tten: 70&#215;160 cm<br \/>\n &#8211; anv\u00e4ndningstid: fr\u00e5n f\u00f6dseln till ca 8\/10 \u00e5r<br \/>\nTillverkning och finish av m\u00f6bler: &#8211; L\u00e5dans framsida, sk\u00e5p, juniorlister, spj\u00e4ls\u00e4ngens ramar \u00e4r tillverkade av MDF-skiva lackerad med vit, barns\u00e4ker f\u00e4rg. &#8211; Sk\u00e5pets stomme och spj\u00e4ls\u00e4ngens s\u00e4nggavel \u00e4r tillverkade av h\u00f6gkvalitativ laminatskiva som \u00e4r motst\u00e5ndskraftig mot skador och fukt och l\u00e4tt att h\u00e5lla ren.- M\u00f6belns ben \u00e4r tillverkade av ekfan\u00e9r. &#8211; H\u00e4fele-skenor utrustade med ett system som bromsar l\u00e5dans st\u00e4ngning. &#8211; F\u00e4rgerna som anv\u00e4nds i lackeringsprocessen \u00e4r barns\u00e4kra, certifierade och allergiv\u00e4nliga. **F\u00e4rger:** &#8211; gr\u00e5, ek, matt yta ** Bruksanvisning:**<br \/>\nS\u00e4ngen ska torkas av med en mjuk bomullsduk fuktad med vatten eller ett reng\u00f6ringsmedel avsett f\u00f6r m\u00f6bler. **Ytterligare information:** S\u00e4ngen levereras i paket f\u00f6r sj\u00e4lvmontering. Paketen inneh\u00e5ller detaljerade monteringsanvisningar samt tillbeh\u00f6r (skruvar etc.).<\/p>\n","protected":false},"excerpt":{"rendered":"<p>UP! \u2013 helt \u00e5tervinningsbart \u2013 f\u00f6r l\u00e5ngvarig anv\u00e4ndning UP! Spj\u00e4ls\u00e4ng med sk\u00e5p, sk\u00f6tbord, l\u00e5da (tillval) och hyllor \u00e4r en m\u00f6bel som f\u00f6r\u00e4ndras tillsammans med ditt barn och anpassar sig efter dess behov. F\u00f6r sp\u00e4dbarn \u00e4r det en underbar, s\u00e4ker plats att sova, leka och vila p\u00e5, och f\u00f6r f\u00f6r\u00e4ldrarna \u00e4r det ett funktionellt f\u00f6rvaringsutrymme f\u00f6r [&hellip;]<\/p>\n","protected":false},"featured_media":0,"comment_status":"open","ping_status":"closed","template":"","meta":[],"product_brand":[],"product_cat":[33],"product_tag":[],"class_list":{"0":"post-19724","1":"product","2":"type-product","3":"status-publish","5":"product_cat-okategoriserad","7":"first","8":"instock","9":"shipping-taxable","10":"purchasable","11":"product-type-simple"},"_links":{"self":[{"href":"https:\/\/nordicmart.andreevmaster.com\/sv\/wp-json\/wp\/v2\/product\/19724","targetHints":{"allow":["GET"]}}],"collection":[{"href":"https:\/\/nordicmart.andreevmaster.com\/sv\/wp-json\/wp\/v2\/product"}],"about":[{"href":"https:\/\/nordicmart.andreevmaster.com\/sv\/wp-json\/wp\/v2\/types\/product"}],"replies":[{"embeddable":true,"href":"https:\/\/nordicmart.andreevmaster.com\/sv\/wp-json\/wp\/v2\/comments?post=19724"}],"wp:attachment":[{"href":"https:\/\/nordicmart.andreevmaster.com\/sv\/wp-json\/wp\/v2\/media?parent=19724"}],"wp:term":[{"taxonomy":"product_brand","embeddable":true,"href":"https:\/\/nordicmart.andreevmaster.com\/sv\/wp-json\/wp\/v2\/product_brand?post=19724"},{"taxonomy":"product_cat","embeddable":true,"href":"https:\/\/nordicmart.andreevmaster.com\/sv\/wp-json\/wp\/v2\/product_cat?post=19724"},{"taxonomy":"product_tag","embeddable":true,"href":"https:\/\/nordicmart.andreevmaster.com\/sv\/wp-json\/wp\/v2\/product_tag?post=19724"}],"curies":[{"name":"wp","href":"https:\/\/api.w.org\/{rel}","templated":true}]}}