{"id":19722,"date":"2026-02-27T00:46:27","date_gmt":"2026-02-27T00:46:27","guid":{"rendered":"https:\/\/nordicmart.andreevmaster.com\/product\/up-sang-70x120\/"},"modified":"2026-02-27T08:33:16","modified_gmt":"2026-02-27T08:33:16","slug":"up-sang-70x120","status":"publish","type":"product","link":"https:\/\/nordicmart.andreevmaster.com\/sv\/produkt\/up-sang-70x120\/","title":{"rendered":"UP! S\u00e4ng 70&#215;120"},"content":{"rendered":"<p>**UP!cycling \u2013 f\u00f6r l\u00e5ngvarig anv\u00e4ndning**  UP! \u00e4r en idealisk l\u00f6sning f\u00f6r alla barnrum. Spj\u00e4ls\u00e4ngen med ett litet sk\u00e5p, sk\u00f6tbord, l\u00e5da (tillval) och hyllor \u00e4r en m\u00f6bel som f\u00f6r\u00e4ndras med ditt barn och anpassar sig efter dess behov. F\u00f6r sp\u00e4dbarnet \u00e4r det en trygg plats att sova, leka och vila p\u00e5, medan det f\u00f6r f\u00f6r\u00e4ldrarna \u00e4r ett funktionellt utrymme f\u00f6r f\u00f6rvaring av allt som beh\u00f6vs f\u00f6r barnomsorgen. N\u00e4r ditt barn blir \u00e4ldre kan den enkelt och snabbt f\u00f6rvandlas till en st\u00f6rre s\u00e4ng (160 cm) genom att l\u00e4gga till ett litet skrivbord med justerbar skiva och plats f\u00f6r barnets skatter. Tack vare dessa alternativ \u00e4r det en utm\u00e4rkt l\u00f6sning f\u00f6r alla som vill ha en snygg och funktionell l\u00f6sning som h\u00e5ller i m\u00e5nga \u00e5r fram\u00f6ver.  **Huvudsakliga f\u00f6rdelar:** &#8211; uppfyller europeiska s\u00e4kerhetsstandarder &#8211; **tre niv\u00e5er p\u00e5 madrassramen** som kan justeras efter barnets l\u00e4ngd (60,5\/47,8\/29 cm fr\u00e5n golvet)<br \/>\n**- m\u00f6jlighet att ta bort 1\/3 av **ramen, vilket g\u00f6r det m\u00f6jligt att kliva i och ur s\u00e4ngen**<br \/>\n&#8211; m\u00f6jlighet att omvandlas till en soffa** genom att ta bort den fr\u00e4mre ramen<br \/>\n**- m\u00f6jlighet att omvandlas till en juniors\u00e4ng 160 cm l\u00e5ng,<br \/>\n**- **m\u00f6jlighet att skapa ett skrivbord **med justerbar skiva och sk\u00e5p med l\u00e5da och hyllor &#8211; **rymlig l\u00e5da** p\u00e5 hjul med d\u00e4ck, s\u00e4ker f\u00f6r golvet (tillval)<br \/>\n&#8211; lock som d\u00f6ljer inneh\u00e5llet i l\u00e5dan.<\/p>\n<p>**M\u00e5tt (cm):**<br \/>\nl\u00e4ngd: 144 \u2013 164<br \/>\nbredd: 74<br \/>\nh\u00f6jd: 94<\/p>\n<p>**Ytterligare information:**<br \/>\n&#8211; madrass som passar till spj\u00e4ls\u00e4ngen: 70 cm x 120 cm<br \/>\n&#8211; madrass som passar till juniors\u00e4ngen: 70 cm x 160 cm<br \/>\n&#8211; livsl\u00e4ngd: till cirka 8\/10 \u00e5rs \u00e5lder. **M\u00f6belns material och ytbehandling:****<br \/>\n**- benen \u00e4r tillverkade av ekfan\u00e9r, lackerade med f\u00e4rgl\u00f6s barns\u00e4ker f\u00e4rg &#8211; sk\u00e5psfronter, s\u00e4ngstegar, juniorst\u00e4nger och sidor p\u00e5 sk\u00f6tbord \u00e4r tillverkade av vitlackerad MDF-skiva<br \/>\n&#8211; S\u00e4ngens huvud- och fotgavel samt sk\u00e5psidorna \u00e4r tillverkade av vitlaminerad skiva som \u00e4r t\u00e5lig mot skador och fukt och l\u00e4tt att h\u00e5lla ren &#8211; Madrassramen \u00e4r tillverkad av bokplywood<br \/>\n&#8211; F\u00e4rgerna som anv\u00e4nds vid lackeringen \u00e4r barns\u00e4kra, EN71\/3-godk\u00e4nda och allergiv\u00e4nliga.   **F\u00e4rger:** &#8211; vit, ekfan\u00e9r, matt yta **Anv\u00e4ndningsanvisning:** M\u00f6blerna ska torkas av med en mjuk bomullsduk fuktad med vatten eller ett reng\u00f6ringsmedel avsett f\u00f6r m\u00f6bler. **<br \/>\nYtterligare information:** M\u00f6blerna levereras i paket och \u00e4r avsedda f\u00f6r sj\u00e4lvmontering. Paketen inneh\u00e5ller detaljerade monteringsanvisningar samt tillbeh\u00f6r (skruvar etc.).<\/p>\n","protected":false},"excerpt":{"rendered":"<p>**UP!cycling \u2013 f\u00f6r l\u00e5ngvarig anv\u00e4ndning** UP! \u00e4r en idealisk l\u00f6sning f\u00f6r alla barnrum. Spj\u00e4ls\u00e4ngen med ett litet sk\u00e5p, sk\u00f6tbord, l\u00e5da (tillval) och hyllor \u00e4r en m\u00f6bel som f\u00f6r\u00e4ndras med ditt barn och anpassar sig efter dess behov. F\u00f6r sp\u00e4dbarnet \u00e4r det en trygg plats att sova, leka och vila p\u00e5, medan det f\u00f6r f\u00f6r\u00e4ldrarna \u00e4r [&hellip;]<\/p>\n","protected":false},"featured_media":0,"comment_status":"open","ping_status":"closed","template":"","meta":[],"product_brand":[],"product_cat":[33],"product_tag":[],"class_list":{"0":"post-19722","1":"product","2":"type-product","3":"status-publish","5":"product_cat-okategoriserad","7":"first","8":"instock","9":"shipping-taxable","10":"purchasable","11":"product-type-simple"},"_links":{"self":[{"href":"https:\/\/nordicmart.andreevmaster.com\/sv\/wp-json\/wp\/v2\/product\/19722","targetHints":{"allow":["GET"]}}],"collection":[{"href":"https:\/\/nordicmart.andreevmaster.com\/sv\/wp-json\/wp\/v2\/product"}],"about":[{"href":"https:\/\/nordicmart.andreevmaster.com\/sv\/wp-json\/wp\/v2\/types\/product"}],"replies":[{"embeddable":true,"href":"https:\/\/nordicmart.andreevmaster.com\/sv\/wp-json\/wp\/v2\/comments?post=19722"}],"wp:attachment":[{"href":"https:\/\/nordicmart.andreevmaster.com\/sv\/wp-json\/wp\/v2\/media?parent=19722"}],"wp:term":[{"taxonomy":"product_brand","embeddable":true,"href":"https:\/\/nordicmart.andreevmaster.com\/sv\/wp-json\/wp\/v2\/product_brand?post=19722"},{"taxonomy":"product_cat","embeddable":true,"href":"https:\/\/nordicmart.andreevmaster.com\/sv\/wp-json\/wp\/v2\/product_cat?post=19722"},{"taxonomy":"product_tag","embeddable":true,"href":"https:\/\/nordicmart.andreevmaster.com\/sv\/wp-json\/wp\/v2\/product_tag?post=19722"}],"curies":[{"name":"wp","href":"https:\/\/api.w.org\/{rel}","templated":true}]}}