{"id":19721,"date":"2026-02-27T00:46:27","date_gmt":"2026-02-27T00:46:27","guid":{"rendered":"https:\/\/nordicmart.andreevmaster.com\/product\/bellamy-universal-bed-rail-snow-timeless-white-2\/"},"modified":"2026-02-27T08:33:16","modified_gmt":"2026-02-27T08:33:16","slug":"bellamy-universal-bed-rail-snow-timeless-white-2","status":"publish","type":"product","link":"https:\/\/nordicmart.andreevmaster.com\/sv\/produkt\/bellamy-universal-bed-rail-snow-timeless-white-2\/","title":{"rendered":"Bellamy Universal Bed Rail Snow\/Timeless White"},"content":{"rendered":"<p>Skyddsbarri\u00e4ren minskar risken f\u00f6r att barnet faller ur s\u00e4ngen under s\u00f6mnen. Den \u00e4r enkel att montera och l\u00e4mnar inga m\u00e4rken p\u00e5 s\u00e4ngens sidor. Passar s\u00e4ngar med en rak st\u00e5ngtjocklek p\u00e5 16-20 mm.<br \/>\nM\u00e5tt:<br \/>\nl\u00e4ngd: 90 cm<br \/>\ntotal h\u00f6jd: 27 cm<br \/>\ndjup: 10 cm<br \/>\nRekommenderad madrassh\u00f6jd: 7\u201315 cm<\/p>\n<p>Material:<br \/>\nMDF lackerad med barns\u00e4ker f\u00e4rg<\/p>\n<p>F\u00e4rg:<br \/>\n&#8211; vit (passar  Royal timeless white, Lotta snow, So sixty, Tatam, Pinette )<\/p>\n<p>Bruksanvisning:<br \/>\nM\u00f6blerna ska torkas av med en mjuk bomullsduk fuktad med vatten eller m\u00f6belpolish.<\/p>\n<p>Ytterligare information:<br \/>\nM\u00f6blerna levereras i l\u00e5dor f\u00f6r sj\u00e4lvmontering. L\u00e5dan inneh\u00e5ller en detaljerad monteringsanvisning samt tillbeh\u00f6r (skruvar etc.).<\/p>\n","protected":false},"excerpt":{"rendered":"<p>Skyddsbarri\u00e4ren minskar risken f\u00f6r att barnet faller ur s\u00e4ngen under s\u00f6mnen. Den \u00e4r enkel att montera och l\u00e4mnar inga m\u00e4rken p\u00e5 s\u00e4ngens sidor. Passar s\u00e4ngar med en rak st\u00e5ngtjocklek p\u00e5 16-20 mm. M\u00e5tt: l\u00e4ngd: 90 cm total h\u00f6jd: 27 cm djup: 10 cm Rekommenderad madrassh\u00f6jd: 7\u201315 cm Material: MDF lackerad med barns\u00e4ker f\u00e4rg F\u00e4rg: &#8211; [&hellip;]<\/p>\n","protected":false},"featured_media":0,"comment_status":"open","ping_status":"closed","template":"","meta":[],"product_brand":[],"product_cat":[33],"product_tag":[],"class_list":{"0":"post-19721","1":"product","2":"type-product","3":"status-publish","5":"product_cat-okategoriserad","7":"first","8":"instock","9":"shipping-taxable","10":"purchasable","11":"product-type-simple"},"_links":{"self":[{"href":"https:\/\/nordicmart.andreevmaster.com\/sv\/wp-json\/wp\/v2\/product\/19721","targetHints":{"allow":["GET"]}}],"collection":[{"href":"https:\/\/nordicmart.andreevmaster.com\/sv\/wp-json\/wp\/v2\/product"}],"about":[{"href":"https:\/\/nordicmart.andreevmaster.com\/sv\/wp-json\/wp\/v2\/types\/product"}],"replies":[{"embeddable":true,"href":"https:\/\/nordicmart.andreevmaster.com\/sv\/wp-json\/wp\/v2\/comments?post=19721"}],"wp:attachment":[{"href":"https:\/\/nordicmart.andreevmaster.com\/sv\/wp-json\/wp\/v2\/media?parent=19721"}],"wp:term":[{"taxonomy":"product_brand","embeddable":true,"href":"https:\/\/nordicmart.andreevmaster.com\/sv\/wp-json\/wp\/v2\/product_brand?post=19721"},{"taxonomy":"product_cat","embeddable":true,"href":"https:\/\/nordicmart.andreevmaster.com\/sv\/wp-json\/wp\/v2\/product_cat?post=19721"},{"taxonomy":"product_tag","embeddable":true,"href":"https:\/\/nordicmart.andreevmaster.com\/sv\/wp-json\/wp\/v2\/product_tag?post=19721"}],"curies":[{"name":"wp","href":"https:\/\/api.w.org\/{rel}","templated":true}]}}