{"id":19716,"date":"2026-02-27T00:46:25","date_gmt":"2026-02-27T00:46:25","guid":{"rendered":"https:\/\/nordicmart.andreevmaster.com\/product\/tatam-phoebe-bokhylla\/"},"modified":"2026-02-27T08:33:15","modified_gmt":"2026-02-27T08:33:15","slug":"tatam-phoebe-bokhylla","status":"publish","type":"product","link":"https:\/\/nordicmart.andreevmaster.com\/sv\/produkt\/tatam-phoebe-bokhylla\/","title":{"rendered":"Tatam Phoebe  bokhylla"},"content":{"rendered":"<p>Den nedre hyllan i TATAM-serien kompletterar perfekt varje barnrum. Den \u00e4r perfekt f\u00f6r f\u00f6rvaring av barnets skatter, leksaker och till och med kl\u00e4der.<br \/>\nDe rymliga sk\u00e5pen rymmer alla n\u00f6dv\u00e4ndiga saker, s\u00e5som leksaker, kl\u00e4der eller b\u00f6cker. <\/p>\n<p>Viktiga f\u00f6rdelar:<br \/>\n &#8211; sex hyllor<br \/>\n &#8211; tv\u00e5 sk\u00e5p<br \/>\n &#8211; tv\u00e5 l\u00e5dor<br \/>\n &#8211; praktisk anv\u00e4ndning av bokhyllans ovansida<br \/>\n &#8211; tidl\u00f6s design<br \/>\n &#8211; m\u00f6jlighet att montera p\u00e5 v\u00e4ggen \u2013 rekommenderas<br \/>\n &#8211; fri tillg\u00e5ng till hyllorna f\u00f6r de yngsta barnen<br \/>\n &#8211; uppfyller europeiska s\u00e4kerhetsstandarder <\/p>\n<p>Ytbehandling och tillverkningsdetaljer:<br \/>\n &#8211; tillverkad av h\u00f6gkvalitativ laminerad skiva<br \/>\n &#8211; tr\u00e4konstruktion i furu, plywood <\/p>\n<p>F\u00e4rger:<br \/>\n &#8211; vit, furutr\u00e4 <\/p>\n<p>M\u00e5tt (cm):<br \/>\n h\u00f6jd: 130<br \/>\n bredd: 89<br \/>\n djup: 37 <\/p>\n<p>Bruksanvisning:<br \/>\n M\u00f6blerna ska torkas av med en mjuk bomullsduk fuktad med vatten eller m\u00f6belpolish. <\/p>\n<p>Ytterligare information:<br \/>\n M\u00f6blerna levereras i l\u00e5dor f\u00f6r sj\u00e4lvmontering. L\u00e5dorna inneh\u00e5ller en detaljerad monteringsanvisning samt tillbeh\u00f6r (skruvar etc.).<\/p>\n","protected":false},"excerpt":{"rendered":"<p>Den nedre hyllan i TATAM-serien kompletterar perfekt varje barnrum. Den \u00e4r perfekt f\u00f6r f\u00f6rvaring av barnets skatter, leksaker och till och med kl\u00e4der. De rymliga sk\u00e5pen rymmer alla n\u00f6dv\u00e4ndiga saker, s\u00e5som leksaker, kl\u00e4der eller b\u00f6cker. Viktiga f\u00f6rdelar: &#8211; sex hyllor &#8211; tv\u00e5 sk\u00e5p &#8211; tv\u00e5 l\u00e5dor &#8211; praktisk anv\u00e4ndning av bokhyllans ovansida &#8211; tidl\u00f6s design [&hellip;]<\/p>\n","protected":false},"featured_media":0,"comment_status":"open","ping_status":"closed","template":"","meta":[],"product_brand":[],"product_cat":[33],"product_tag":[],"class_list":{"0":"post-19716","1":"product","2":"type-product","3":"status-publish","5":"product_cat-okategoriserad","7":"first","8":"instock","9":"shipping-taxable","10":"purchasable","11":"product-type-simple"},"_links":{"self":[{"href":"https:\/\/nordicmart.andreevmaster.com\/sv\/wp-json\/wp\/v2\/product\/19716","targetHints":{"allow":["GET"]}}],"collection":[{"href":"https:\/\/nordicmart.andreevmaster.com\/sv\/wp-json\/wp\/v2\/product"}],"about":[{"href":"https:\/\/nordicmart.andreevmaster.com\/sv\/wp-json\/wp\/v2\/types\/product"}],"replies":[{"embeddable":true,"href":"https:\/\/nordicmart.andreevmaster.com\/sv\/wp-json\/wp\/v2\/comments?post=19716"}],"wp:attachment":[{"href":"https:\/\/nordicmart.andreevmaster.com\/sv\/wp-json\/wp\/v2\/media?parent=19716"}],"wp:term":[{"taxonomy":"product_brand","embeddable":true,"href":"https:\/\/nordicmart.andreevmaster.com\/sv\/wp-json\/wp\/v2\/product_brand?post=19716"},{"taxonomy":"product_cat","embeddable":true,"href":"https:\/\/nordicmart.andreevmaster.com\/sv\/wp-json\/wp\/v2\/product_cat?post=19716"},{"taxonomy":"product_tag","embeddable":true,"href":"https:\/\/nordicmart.andreevmaster.com\/sv\/wp-json\/wp\/v2\/product_tag?post=19716"}],"curies":[{"name":"wp","href":"https:\/\/api.w.org\/{rel}","templated":true}]}}