{"id":19715,"date":"2026-02-27T00:46:25","date_gmt":"2026-02-27T00:46:25","guid":{"rendered":"https:\/\/nordicmart.andreevmaster.com\/product\/tatam-joey-bokhylla\/"},"modified":"2026-02-27T08:33:15","modified_gmt":"2026-02-27T08:33:15","slug":"tatam-joey-bokhylla","status":"publish","type":"product","link":"https:\/\/nordicmart.andreevmaster.com\/sv\/produkt\/tatam-joey-bokhylla\/","title":{"rendered":"Tatam   Joey bokhylla"},"content":{"rendered":"<p>Denna h\u00f6ga och rymliga hyllanl\u00e4ggning i form av ett hus, med hyllor, f\u00f6rvaringssk\u00e5p och l\u00e5dor i olika storlekar, g\u00f6r det m\u00f6jligt f\u00f6r varje liten uppt\u00e4cktsresande att leka kreativt och hj\u00e4lper till att h\u00e5lla ordning p\u00e5 leksakerna.Dessutom rymmer den utdragbara leksakskistan alla dina barns favoritprylar, medan den mjuka sitsen g\u00f6r att de kan sitta bekv\u00e4mt medan de leker eller pratar med en kompis. Den \u00f6ppna formen p\u00e5 denna m\u00f6bel visar upp alla f\u00f6rem\u00e5l som placeras p\u00e5 de tr\u00e4hyllorna p\u00e5 ett perfekt s\u00e4tt. <\/p>\n<p>Viktiga f\u00f6rdelar:<br \/>\n &#8211; fem hyllor<br \/>\n &#8211; tv\u00e5 sk\u00e5p<br \/>\n &#8211; praktisk anv\u00e4ndning av bokhyllans ovansida<br \/>\n &#8211; tidl\u00f6s design<br \/>\n &#8211; m\u00f6jlighet att montera p\u00e5 v\u00e4ggen \u2013 rekommenderas<br \/>\n &#8211; fri tillg\u00e5ng till hyllorna f\u00f6r de yngsta barnen<br \/>\n &#8211; uppfyller europeiska s\u00e4kerhetsstandarder <\/p>\n<p>Ytbehandling och tillverkningsdetaljer:<br \/>\n &#8211; tillverkad av h\u00f6gkvalitativ laminerad skiva<br \/>\n &#8211; tr\u00e4konstruktion i furu, plywood<\/p>\n<p> F\u00e4rger:<br \/>\n &#8211; vit, furutr\u00e4 <\/p>\n<p>M\u00e5tt (cm):<br \/>\n h\u00f6jd: 160<br \/>\n bredd: 46<br \/>\n djup: 37 <\/p>\n<p>Bruksanvisning:<br \/>\n M\u00f6blerna ska torkas av med en mjuk bomullsduk fuktad med vatten eller m\u00f6belpolish. <\/p>\n<p>Ytterligare information:<br \/>\n M\u00f6blerna levereras i l\u00e5dor f\u00f6r sj\u00e4lvmontering. L\u00e5dorna inneh\u00e5ller en detaljerad monteringsanvisning samt tillbeh\u00f6r (skruvar etc.).<\/p>\n","protected":false},"excerpt":{"rendered":"<p>Denna h\u00f6ga och rymliga hyllanl\u00e4ggning i form av ett hus, med hyllor, f\u00f6rvaringssk\u00e5p och l\u00e5dor i olika storlekar, g\u00f6r det m\u00f6jligt f\u00f6r varje liten uppt\u00e4cktsresande att leka kreativt och hj\u00e4lper till att h\u00e5lla ordning p\u00e5 leksakerna.Dessutom rymmer den utdragbara leksakskistan alla dina barns favoritprylar, medan den mjuka sitsen g\u00f6r att de kan sitta bekv\u00e4mt medan [&hellip;]<\/p>\n","protected":false},"featured_media":0,"comment_status":"open","ping_status":"closed","template":"","meta":[],"product_brand":[],"product_cat":[33],"product_tag":[],"class_list":{"0":"post-19715","1":"product","2":"type-product","3":"status-publish","5":"product_cat-okategoriserad","7":"first","8":"instock","9":"shipping-taxable","10":"purchasable","11":"product-type-simple"},"_links":{"self":[{"href":"https:\/\/nordicmart.andreevmaster.com\/sv\/wp-json\/wp\/v2\/product\/19715","targetHints":{"allow":["GET"]}}],"collection":[{"href":"https:\/\/nordicmart.andreevmaster.com\/sv\/wp-json\/wp\/v2\/product"}],"about":[{"href":"https:\/\/nordicmart.andreevmaster.com\/sv\/wp-json\/wp\/v2\/types\/product"}],"replies":[{"embeddable":true,"href":"https:\/\/nordicmart.andreevmaster.com\/sv\/wp-json\/wp\/v2\/comments?post=19715"}],"wp:attachment":[{"href":"https:\/\/nordicmart.andreevmaster.com\/sv\/wp-json\/wp\/v2\/media?parent=19715"}],"wp:term":[{"taxonomy":"product_brand","embeddable":true,"href":"https:\/\/nordicmart.andreevmaster.com\/sv\/wp-json\/wp\/v2\/product_brand?post=19715"},{"taxonomy":"product_cat","embeddable":true,"href":"https:\/\/nordicmart.andreevmaster.com\/sv\/wp-json\/wp\/v2\/product_cat?post=19715"},{"taxonomy":"product_tag","embeddable":true,"href":"https:\/\/nordicmart.andreevmaster.com\/sv\/wp-json\/wp\/v2\/product_tag?post=19715"}],"curies":[{"name":"wp","href":"https:\/\/api.w.org\/{rel}","templated":true}]}}