{"id":19714,"date":"2026-02-27T00:46:25","date_gmt":"2026-02-27T00:46:25","guid":{"rendered":"https:\/\/nordicmart.andreevmaster.com\/product\/tatam-lada-70x140\/"},"modified":"2026-02-27T08:33:14","modified_gmt":"2026-02-27T08:33:14","slug":"tatam-lada-70x140","status":"publish","type":"product","link":"https:\/\/nordicmart.andreevmaster.com\/sv\/produkt\/tatam-lada-70x140\/","title":{"rendered":"Tatam-l\u00e5da 70&#215;140"},"content":{"rendered":"<p>En l\u00e5da f\u00f6r en spj\u00e4ls\u00e4ng 70&#215;140 <\/p>\n<p>Produktegenskaper: <\/p>\n<p>&#8211; en l\u00e5da p\u00e5 hjul med gummid\u00e4ck, s\u00e4ker f\u00f6r golvet   <\/p>\n<p>&#8211; tillverkad enligt europeiska standarder och s\u00e4kerhetsnormer <\/p>\n<p>M\u00e5tt (cm): &#8211; l\u00e4ngd: 139,7 &#8211; h\u00f6jd: 17,5 &#8211; bredd: 73 M\u00f6beltillverkning och ytbehandling: &#8211; h\u00f6gkvalitativ laminerad skiva, t\u00e5lig mot skador och fukt, l\u00e4tt att h\u00e5lla ren F\u00e4rg:- vit <\/p>\n<p>Anv\u00e4ndningsanvisning: <\/p>\n<p>M\u00f6blerna ska torkas av med en mjuk bomullsduk fuktad med vatten eller ett m\u00f6belv\u00e5rdsmedel. <\/p>\n<p>Montering: <\/p>\n<p>M\u00f6blerna levereras i paket f\u00f6r sj\u00e4lvmontering. Detaljerade monteringsanvisningar medf\u00f6ljer i paketen tillsammans med utrustningen.<\/p>\n","protected":false},"excerpt":{"rendered":"<p>En l\u00e5da f\u00f6r en spj\u00e4ls\u00e4ng 70&#215;140 Produktegenskaper: &#8211; en l\u00e5da p\u00e5 hjul med gummid\u00e4ck, s\u00e4ker f\u00f6r golvet &#8211; tillverkad enligt europeiska standarder och s\u00e4kerhetsnormer M\u00e5tt (cm): &#8211; l\u00e4ngd: 139,7 &#8211; h\u00f6jd: 17,5 &#8211; bredd: 73 M\u00f6beltillverkning och ytbehandling: &#8211; h\u00f6gkvalitativ laminerad skiva, t\u00e5lig mot skador och fukt, l\u00e4tt att h\u00e5lla ren F\u00e4rg:- vit Anv\u00e4ndningsanvisning: M\u00f6blerna [&hellip;]<\/p>\n","protected":false},"featured_media":0,"comment_status":"open","ping_status":"closed","template":"","meta":[],"product_brand":[],"product_cat":[33],"product_tag":[],"class_list":{"0":"post-19714","1":"product","2":"type-product","3":"status-publish","5":"product_cat-okategoriserad","7":"first","8":"instock","9":"shipping-taxable","10":"purchasable","11":"product-type-simple"},"_links":{"self":[{"href":"https:\/\/nordicmart.andreevmaster.com\/sv\/wp-json\/wp\/v2\/product\/19714","targetHints":{"allow":["GET"]}}],"collection":[{"href":"https:\/\/nordicmart.andreevmaster.com\/sv\/wp-json\/wp\/v2\/product"}],"about":[{"href":"https:\/\/nordicmart.andreevmaster.com\/sv\/wp-json\/wp\/v2\/types\/product"}],"replies":[{"embeddable":true,"href":"https:\/\/nordicmart.andreevmaster.com\/sv\/wp-json\/wp\/v2\/comments?post=19714"}],"wp:attachment":[{"href":"https:\/\/nordicmart.andreevmaster.com\/sv\/wp-json\/wp\/v2\/media?parent=19714"}],"wp:term":[{"taxonomy":"product_brand","embeddable":true,"href":"https:\/\/nordicmart.andreevmaster.com\/sv\/wp-json\/wp\/v2\/product_brand?post=19714"},{"taxonomy":"product_cat","embeddable":true,"href":"https:\/\/nordicmart.andreevmaster.com\/sv\/wp-json\/wp\/v2\/product_cat?post=19714"},{"taxonomy":"product_tag","embeddable":true,"href":"https:\/\/nordicmart.andreevmaster.com\/sv\/wp-json\/wp\/v2\/product_tag?post=19714"}],"curies":[{"name":"wp","href":"https:\/\/api.w.org\/{rel}","templated":true}]}}