{"id":19713,"date":"2026-02-27T00:46:24","date_gmt":"2026-02-27T00:46:24","guid":{"rendered":"https:\/\/nordicmart.andreevmaster.com\/product\/tatam-barnsang-70x140\/"},"modified":"2026-02-27T08:33:14","modified_gmt":"2026-02-27T08:33:14","slug":"tatam-barnsang-70x140","status":"publish","type":"product","link":"https:\/\/nordicmart.andreevmaster.com\/sv\/produkt\/tatam-barnsang-70x140\/","title":{"rendered":"Tatam barns\u00e4ng 70&#215;140"},"content":{"rendered":"<p>Barns\u00e4ng 70&#215;140 <\/p>\n<p>Huvudsakliga f\u00f6rdelar: &#8211; milj\u00f6smarta l\u00f6sningar: ->kan omvandlas till en soffa ->m\u00f6jlighet att omvandla till en soffa genom att demontera ramarna och st\u00f6dbenen ->setet inneh\u00e5ller tv\u00e5 skyddsbarri\u00e4rer som skapas n\u00e4r spj\u00e4ls\u00e4ngen omvandlas till en s\u00e4ng och skyddar barnet fr\u00e5n att falla ur spj\u00e4ls\u00e4ngen under s\u00f6mnen- tre avtagbara stegpinnar i en av spj\u00e4ls\u00e4ngens ramar f\u00f6r att underl\u00e4tta att kliva i och ur spj\u00e4ls\u00e4ngen, <\/p>\n<p>&#8211; tre niv\u00e5er p\u00e5 madrassramen som kan justeras efter barnets utveckling (bel\u00e4gna p\u00e5 en h\u00f6jd av 59,5\/45,5\/28 cm fr\u00e5n golvet), <\/p>\n<p>&#8211; en l\u00e5da p\u00e5 hjul, utrustad med praktiska gummiband f\u00f6r att f\u00f6rhindra repor p\u00e5 ytan (l\u00e5dan \u00e4r ett tillval \u2013 den kan k\u00f6pas separat) <\/p>\n<p>&#8211; tillverkad enligt europeiska s\u00e4kerhetsstandarder och normer <\/p>\n<p>M\u00e5tt (cm): <\/p>\n<p>l\u00e4ngd: 147,5 <\/p>\n<p>bredd: 77,7 <\/p>\n<p>h\u00f6jd: 91,6 <\/p>\n<p>Ytterligare information : <\/p>\n<p>-s\u00e4ngen kan utrustas med en madrass <\/p>\n<p>&#8211; m\u00e5tt: 140 cm x 70 cm <\/p>\n<p>-anv\u00e4ndningsperiod: upp till cirka 6 \u00e5rs \u00e5lder. \u00a0 Design och finish: &#8211; h\u00f6gkvalitativ laminerad skiva som \u00e4r t\u00e5lig mot skador och fukt, l\u00e4tt att h\u00e5lla ren. &#8211; furu (eftersom det \u00e4r ett naturmaterial kan f\u00e4rgskillnader f\u00f6rekomma), &#8211; bok, lackad med vit f\u00e4rg som \u00e4r s\u00e4ker f\u00f6r barn, &#8211; bokplywood. \u00a0 <\/p>\n<p>F\u00e4rg: <\/p>\n<p>-vit\/furu <\/p>\n<p>Anv\u00e4ndningsanvisning: <\/p>\n<p>M\u00f6blerna ska torkas av med en mjuk bomullsduk fuktad med vatten eller ett m\u00f6belv\u00e5rdsmedel. <\/p>\n<p>Montering: M\u00f6blerna levereras i paket f\u00f6r sj\u00e4lvmontering. Detaljerade monteringsanvisningar medf\u00f6ljer i paketen tillsammans med utrustningen.<\/p>\n","protected":false},"excerpt":{"rendered":"<p>Barns\u00e4ng 70&#215;140 Huvudsakliga f\u00f6rdelar: &#8211; milj\u00f6smarta l\u00f6sningar: ->kan omvandlas till en soffa ->m\u00f6jlighet att omvandla till en soffa genom att demontera ramarna och st\u00f6dbenen ->setet inneh\u00e5ller tv\u00e5 skyddsbarri\u00e4rer som skapas n\u00e4r spj\u00e4ls\u00e4ngen omvandlas till en s\u00e4ng och skyddar barnet fr\u00e5n att falla ur spj\u00e4ls\u00e4ngen under s\u00f6mnen- tre avtagbara stegpinnar i en av spj\u00e4ls\u00e4ngens ramar f\u00f6r [&hellip;]<\/p>\n","protected":false},"featured_media":0,"comment_status":"open","ping_status":"closed","template":"","meta":[],"product_brand":[],"product_cat":[33],"product_tag":[],"class_list":{"0":"post-19713","1":"product","2":"type-product","3":"status-publish","5":"product_cat-okategoriserad","7":"first","8":"instock","9":"shipping-taxable","10":"purchasable","11":"product-type-simple"},"_links":{"self":[{"href":"https:\/\/nordicmart.andreevmaster.com\/sv\/wp-json\/wp\/v2\/product\/19713","targetHints":{"allow":["GET"]}}],"collection":[{"href":"https:\/\/nordicmart.andreevmaster.com\/sv\/wp-json\/wp\/v2\/product"}],"about":[{"href":"https:\/\/nordicmart.andreevmaster.com\/sv\/wp-json\/wp\/v2\/types\/product"}],"replies":[{"embeddable":true,"href":"https:\/\/nordicmart.andreevmaster.com\/sv\/wp-json\/wp\/v2\/comments?post=19713"}],"wp:attachment":[{"href":"https:\/\/nordicmart.andreevmaster.com\/sv\/wp-json\/wp\/v2\/media?parent=19713"}],"wp:term":[{"taxonomy":"product_brand","embeddable":true,"href":"https:\/\/nordicmart.andreevmaster.com\/sv\/wp-json\/wp\/v2\/product_brand?post=19713"},{"taxonomy":"product_cat","embeddable":true,"href":"https:\/\/nordicmart.andreevmaster.com\/sv\/wp-json\/wp\/v2\/product_cat?post=19713"},{"taxonomy":"product_tag","embeddable":true,"href":"https:\/\/nordicmart.andreevmaster.com\/sv\/wp-json\/wp\/v2\/product_tag?post=19713"}],"curies":[{"name":"wp","href":"https:\/\/api.w.org\/{rel}","templated":true}]}}