{"id":19712,"date":"2026-02-27T00:46:24","date_gmt":"2026-02-27T00:46:24","guid":{"rendered":"https:\/\/nordicmart.andreevmaster.com\/product\/tatam-byra-med-3-lador\/"},"modified":"2026-02-27T08:33:14","modified_gmt":"2026-02-27T08:33:14","slug":"tatam-byra-med-3-lador","status":"publish","type":"product","link":"https:\/\/nordicmart.andreevmaster.com\/sv\/produkt\/tatam-byra-med-3-lador\/","title":{"rendered":"Tatam byr\u00e5 med 3 l\u00e5dor"},"content":{"rendered":"<p>3-l\u00e5dig byr\u00e5 <\/p>\n<p>Huvudsakliga f\u00f6rdelar: <\/p>\n<p>&#8211; tre rymliga l\u00e5dor <\/p>\n<p>&#8211; l\u00e5dorna \u00f6ppnas med &#8221;push to open&#8221;-systemet, <\/p>\n<p>&#8211; 2 hyllor, <\/p>\n<p>-f\u00f6rberedd f\u00f6r montering av sk\u00f6tbord , <\/p>\n<p>&#8211; kan monteras p\u00e5 v\u00e4ggen \u2013 rekommenderas, <\/p>\n<p>&#8211; uppfyller europeiska s\u00e4kerhetsstandarder och normer.   <\/p>\n<p>M\u00e5tt (cm): <\/p>\n<p>h\u00f6jd: 91,6 <\/p>\n<p>djup: 50 <\/p>\n<p>bredd: 100 <\/p>\n<p>Design och finish: <\/p>\n<p>&#8211;  h\u00f6gkvalitativ laminerad skiva som \u00e4r motst\u00e5ndskraftig mot skador och fukt, l\u00e4tt att h\u00e5lla ren, <\/p>\n<p>&#8211;  furu (eftersom det \u00e4r ett naturmaterial kan f\u00e4rgskillnader f\u00f6rekomma). <\/p>\n<p>F\u00e4rg: <\/p>\n<p>-vit\/furu <\/p>\n<p>Anv\u00e4ndningsanvisning: <\/p>\n<p>M\u00f6blerna ska torkas av med en mjuk bomullsduk fuktad med vatten eller ett m\u00f6belv\u00e5rdsmedel. <\/p>\n<p>Montering: M\u00f6blerna levereras i paket f\u00f6r sj\u00e4lvmontering. Detaljerade monteringsanvisningar medf\u00f6ljer i paketen tillsammans med utrustningen.<\/p>\n","protected":false},"excerpt":{"rendered":"<p>3-l\u00e5dig byr\u00e5 Huvudsakliga f\u00f6rdelar: &#8211; tre rymliga l\u00e5dor &#8211; l\u00e5dorna \u00f6ppnas med &#8221;push to open&#8221;-systemet, &#8211; 2 hyllor, -f\u00f6rberedd f\u00f6r montering av sk\u00f6tbord , &#8211; kan monteras p\u00e5 v\u00e4ggen \u2013 rekommenderas, &#8211; uppfyller europeiska s\u00e4kerhetsstandarder och normer. M\u00e5tt (cm): h\u00f6jd: 91,6 djup: 50 bredd: 100 Design och finish: &#8211; h\u00f6gkvalitativ laminerad skiva som \u00e4r motst\u00e5ndskraftig [&hellip;]<\/p>\n","protected":false},"featured_media":0,"comment_status":"open","ping_status":"closed","template":"","meta":[],"product_brand":[],"product_cat":[33],"product_tag":[],"class_list":{"0":"post-19712","1":"product","2":"type-product","3":"status-publish","5":"product_cat-okategoriserad","7":"first","8":"instock","9":"shipping-taxable","10":"purchasable","11":"product-type-simple"},"_links":{"self":[{"href":"https:\/\/nordicmart.andreevmaster.com\/sv\/wp-json\/wp\/v2\/product\/19712","targetHints":{"allow":["GET"]}}],"collection":[{"href":"https:\/\/nordicmart.andreevmaster.com\/sv\/wp-json\/wp\/v2\/product"}],"about":[{"href":"https:\/\/nordicmart.andreevmaster.com\/sv\/wp-json\/wp\/v2\/types\/product"}],"replies":[{"embeddable":true,"href":"https:\/\/nordicmart.andreevmaster.com\/sv\/wp-json\/wp\/v2\/comments?post=19712"}],"wp:attachment":[{"href":"https:\/\/nordicmart.andreevmaster.com\/sv\/wp-json\/wp\/v2\/media?parent=19712"}],"wp:term":[{"taxonomy":"product_brand","embeddable":true,"href":"https:\/\/nordicmart.andreevmaster.com\/sv\/wp-json\/wp\/v2\/product_brand?post=19712"},{"taxonomy":"product_cat","embeddable":true,"href":"https:\/\/nordicmart.andreevmaster.com\/sv\/wp-json\/wp\/v2\/product_cat?post=19712"},{"taxonomy":"product_tag","embeddable":true,"href":"https:\/\/nordicmart.andreevmaster.com\/sv\/wp-json\/wp\/v2\/product_tag?post=19712"}],"curies":[{"name":"wp","href":"https:\/\/api.w.org\/{rel}","templated":true}]}}