{"id":19711,"date":"2026-02-27T00:46:24","date_gmt":"2026-02-27T00:46:24","guid":{"rendered":"https:\/\/nordicmart.andreevmaster.com\/product\/tooky-toy-rosa-sminkbord-i-tra-med-spegel\/"},"modified":"2026-02-27T08:33:14","modified_gmt":"2026-02-27T08:33:14","slug":"tooky-toy-rosa-sminkbord-i-tra-med-spegel","status":"publish","type":"product","link":"https:\/\/nordicmart.andreevmaster.com\/sv\/produkt\/tooky-toy-rosa-sminkbord-i-tra-med-spegel\/","title":{"rendered":"TOOKY TOY Rosa sminkbord i tr\u00e4 med spegel"},"content":{"rendered":"<p>Detta vackra rosa sminkbord fr\u00e5n Tooky Toy \u00e4r den perfekta m\u00f6beln f\u00f6r alla flickors rum. Sminkbordet har tv\u00e5 utdragbara l\u00e5dor d\u00e4r din lilla prinsessa kan f\u00f6rvara sina skatter. Setet inneh\u00e5ller ocks\u00e5 m\u00e5nga tillbeh\u00f6r. Hela m\u00f6beln \u00e4r tillverkad av tr\u00e4 och m\u00e5lad med giftfria f\u00e4rger som \u00e4r s\u00e4kra f\u00f6r barn och milj\u00f6.<\/p>\n<p>Egenskaper:<\/p>\n<p>* &#8211; sminkbordet har tv\u00e5 utdragbara l\u00e5dor och en spegel, helt tillverkat av tr\u00e4,<br \/>\n* &#8211; setet inneh\u00e5ller tillbeh\u00f6r i tr\u00e4: nagellack, l\u00e4ppstift, armband, \u00f6rh\u00e4ngen, h\u00e5rborste, parfym, puder och \u00f6gonskugga,* &#8211; tack vare sminkbordet kan flickor sminka sig tillsammans med sina mammor,<br \/>\n* &#8211; hela setet \u00e4r i en delikat rosa f\u00e4rgskala,<br \/>\n* &#8211; leksaken har inga vassa kanter,<br \/>\n* &#8211; m\u00e5lad med giftfria f\u00e4rger,<br \/>\n* &#8211; produkten \u00e4r tillverkad av material av h\u00f6gsta kvalitet.<\/p>\n<p>Leksaken utvecklar:<\/p>\n<p>* &#8211; kreativitet,<br \/>\n* &#8211; manuell skicklighet,<br \/>\n* &#8211; fantasi,<br \/>\n* &#8211; r\u00f6relseprecision.<\/p>\n<p>Tooky Toy \u00e4r ett f\u00f6retag som tillverkar tr\u00e4leksaker f\u00f6r barn och har funnits p\u00e5 marknaden sedan 2004. \u00d6ver ett decennium av erfarenhet inom branschen garanterar h\u00f6gkvalitativa produkter som tillverkas med barns s\u00e4kerhet i \u00e5tanke. Tooky Toy-leksaker har ett flertal certifikat som bekr\u00e4ftar s\u00e4kerheten hos dessa milj\u00f6v\u00e4nliga produkter. Leksakerna \u00e4r v\u00e4lslipade, fria fr\u00e5n splitter och vassa kanter och t\u00e4ckta endast med s\u00e4kra, giftfria f\u00e4rger, f\u00e4rg\u00e4mnen och lacker. Allt detta g\u00f6r att Tooky Toy-leksaker \u00e4r \u00e4lskade av barn och uppskattade av f\u00f6r\u00e4ldrar \u00f6ver hela v\u00e4rlden.<\/p>\n","protected":false},"excerpt":{"rendered":"<p>Detta vackra rosa sminkbord fr\u00e5n Tooky Toy \u00e4r den perfekta m\u00f6beln f\u00f6r alla flickors rum. Sminkbordet har tv\u00e5 utdragbara l\u00e5dor d\u00e4r din lilla prinsessa kan f\u00f6rvara sina skatter. Setet inneh\u00e5ller ocks\u00e5 m\u00e5nga tillbeh\u00f6r. Hela m\u00f6beln \u00e4r tillverkad av tr\u00e4 och m\u00e5lad med giftfria f\u00e4rger som \u00e4r s\u00e4kra f\u00f6r barn och milj\u00f6. Egenskaper: * &#8211; sminkbordet [&hellip;]<\/p>\n","protected":false},"featured_media":0,"comment_status":"open","ping_status":"closed","template":"","meta":[],"product_brand":[],"product_cat":[33],"product_tag":[],"class_list":{"0":"post-19711","1":"product","2":"type-product","3":"status-publish","5":"product_cat-okategoriserad","7":"first","8":"instock","9":"shipping-taxable","10":"purchasable","11":"product-type-simple"},"_links":{"self":[{"href":"https:\/\/nordicmart.andreevmaster.com\/sv\/wp-json\/wp\/v2\/product\/19711","targetHints":{"allow":["GET"]}}],"collection":[{"href":"https:\/\/nordicmart.andreevmaster.com\/sv\/wp-json\/wp\/v2\/product"}],"about":[{"href":"https:\/\/nordicmart.andreevmaster.com\/sv\/wp-json\/wp\/v2\/types\/product"}],"replies":[{"embeddable":true,"href":"https:\/\/nordicmart.andreevmaster.com\/sv\/wp-json\/wp\/v2\/comments?post=19711"}],"wp:attachment":[{"href":"https:\/\/nordicmart.andreevmaster.com\/sv\/wp-json\/wp\/v2\/media?parent=19711"}],"wp:term":[{"taxonomy":"product_brand","embeddable":true,"href":"https:\/\/nordicmart.andreevmaster.com\/sv\/wp-json\/wp\/v2\/product_brand?post=19711"},{"taxonomy":"product_cat","embeddable":true,"href":"https:\/\/nordicmart.andreevmaster.com\/sv\/wp-json\/wp\/v2\/product_cat?post=19711"},{"taxonomy":"product_tag","embeddable":true,"href":"https:\/\/nordicmart.andreevmaster.com\/sv\/wp-json\/wp\/v2\/product_tag?post=19711"}],"curies":[{"name":"wp","href":"https:\/\/api.w.org\/{rel}","templated":true}]}}