{"id":19710,"date":"2026-02-27T00:46:23","date_gmt":"2026-02-27T00:46:23","guid":{"rendered":"https:\/\/nordicmart.andreevmaster.com\/product\/tooky-toy-pedagogisk-montessori-lada-pussel-abakus-vaderbrada-6-i-1-fran-3-ar\/"},"modified":"2026-02-27T08:33:13","modified_gmt":"2026-02-27T08:33:13","slug":"tooky-toy-pedagogisk-montessori-lada-pussel-abakus-vaderbrada-6-i-1-fran-3-ar","status":"publish","type":"product","link":"https:\/\/nordicmart.andreevmaster.com\/sv\/produkt\/tooky-toy-pedagogisk-montessori-lada-pussel-abakus-vaderbrada-6-i-1-fran-3-ar\/","title":{"rendered":"Tooky Toy Pedagogisk Montessori-l\u00e5da Pussel Abakus V\u00e4derbr\u00e4da 6-i-1 fr\u00e5n 3 \u00e5r"},"content":{"rendered":"<p>Tooky Toys pedagogiska l\u00e5da \u00e4r avsedd f\u00f6r barn fr\u00e5n 3 \u00e5r. Den inneh\u00e5ller 6 sensoriska och pedagogiska Montessori-leksaker som st\u00f6der ditt barns h\u00e4lsosamma psykomotoriska utveckling och stimulerar deras sinnen: syn, k\u00e4nsel och h\u00f6rsel. Den utvecklar ocks\u00e5 logiskt t\u00e4nkande och hand-\u00f6ga-koordination. Det finns ocks\u00e5 en detaljerad guide f\u00f6r f\u00f6r\u00e4ldrar, som hj\u00e4lper dig att l\u00e4ra dig n\u00e4r du ska introducera leksaken f\u00f6r ditt barn och hur du leker med den. Tooky Toy pedagogiska boxen \u00e4r l\u00e4mplig som present till ett barn. L\u00e5dan inneh\u00e5ller 6 pedagogiska leksaker f\u00f6r barn fr\u00e5n 3 \u00e5r i ett paket:<\/p>\n<p>* &#8211; en l\u00e5da med 3 olika l\u00e5s och f\u00e4rger,<br \/>\n* &#8211; 8 balansstenar i tr\u00e4,<br \/>\n* &#8211; en pedagogisk v\u00e4derbr\u00e4da i tr\u00e4,<br \/>\n* &#8211; ett r\u00e4knespel i tr\u00e4 1-10,<br \/>\n* &#8211; kreativt set &#8211; min f\u00f6rsta m\u00e5larbok med djur niv\u00e5 1, 6 mjuka kritor,* &#8211; en f\u00e4rgglad bok &#8221;Jag \u00e4r 3 \u00e5r gammal&#8221;.<\/p>\n<p>Tooky Toy \u00e4r ett f\u00f6retag som tillverkar tr\u00e4leksaker f\u00f6r barn och har funnits p\u00e5 marknaden sedan 2004. \u00d6ver ett decennium av erfarenhet inom branschen garanterar h\u00f6gkvalitativa produkter som tillverkas med barns s\u00e4kerhet i \u00e5tanke. Tooky Toy-leksaker har ett flertal certifikat som bekr\u00e4ftar s\u00e4kerheten hos dessa milj\u00f6v\u00e4nliga produkter. Leksakerna \u00e4r v\u00e4lslipade, fria fr\u00e5n splitter och vassa kanter och t\u00e4ckta endast med s\u00e4kra, giftfria f\u00e4rger, f\u00e4rg\u00e4mnen och lacker. Allt detta g\u00f6r att Tooky Toy-leksaker \u00e4r \u00e4lskade av barn och uppskattade av f\u00f6r\u00e4ldrar \u00f6ver hela v\u00e4rlden.<\/p>\n","protected":false},"excerpt":{"rendered":"<p>Tooky Toys pedagogiska l\u00e5da \u00e4r avsedd f\u00f6r barn fr\u00e5n 3 \u00e5r. Den inneh\u00e5ller 6 sensoriska och pedagogiska Montessori-leksaker som st\u00f6der ditt barns h\u00e4lsosamma psykomotoriska utveckling och stimulerar deras sinnen: syn, k\u00e4nsel och h\u00f6rsel. Den utvecklar ocks\u00e5 logiskt t\u00e4nkande och hand-\u00f6ga-koordination. Det finns ocks\u00e5 en detaljerad guide f\u00f6r f\u00f6r\u00e4ldrar, som hj\u00e4lper dig att l\u00e4ra dig n\u00e4r [&hellip;]<\/p>\n","protected":false},"featured_media":0,"comment_status":"open","ping_status":"closed","template":"","meta":[],"product_brand":[],"product_cat":[33],"product_tag":[],"class_list":{"0":"post-19710","1":"product","2":"type-product","3":"status-publish","5":"product_cat-okategoriserad","7":"first","8":"instock","9":"shipping-taxable","10":"purchasable","11":"product-type-simple"},"_links":{"self":[{"href":"https:\/\/nordicmart.andreevmaster.com\/sv\/wp-json\/wp\/v2\/product\/19710","targetHints":{"allow":["GET"]}}],"collection":[{"href":"https:\/\/nordicmart.andreevmaster.com\/sv\/wp-json\/wp\/v2\/product"}],"about":[{"href":"https:\/\/nordicmart.andreevmaster.com\/sv\/wp-json\/wp\/v2\/types\/product"}],"replies":[{"embeddable":true,"href":"https:\/\/nordicmart.andreevmaster.com\/sv\/wp-json\/wp\/v2\/comments?post=19710"}],"wp:attachment":[{"href":"https:\/\/nordicmart.andreevmaster.com\/sv\/wp-json\/wp\/v2\/media?parent=19710"}],"wp:term":[{"taxonomy":"product_brand","embeddable":true,"href":"https:\/\/nordicmart.andreevmaster.com\/sv\/wp-json\/wp\/v2\/product_brand?post=19710"},{"taxonomy":"product_cat","embeddable":true,"href":"https:\/\/nordicmart.andreevmaster.com\/sv\/wp-json\/wp\/v2\/product_cat?post=19710"},{"taxonomy":"product_tag","embeddable":true,"href":"https:\/\/nordicmart.andreevmaster.com\/sv\/wp-json\/wp\/v2\/product_tag?post=19710"}],"curies":[{"name":"wp","href":"https:\/\/api.w.org\/{rel}","templated":true}]}}