{"id":19709,"date":"2026-02-27T00:46:23","date_gmt":"2026-02-27T00:46:23","guid":{"rendered":"https:\/\/nordicmart.andreevmaster.com\/product\/tooky-toy-box-xxl-montessori-educational-6-in-1-sensory-19-24-manader\/"},"modified":"2026-02-27T08:33:13","modified_gmt":"2026-02-27T08:33:13","slug":"tooky-toy-box-xxl-montessori-educational-6-in-1-sensory-19-24-manader","status":"publish","type":"product","link":"https:\/\/nordicmart.andreevmaster.com\/sv\/produkt\/tooky-toy-box-xxl-montessori-educational-6-in-1-sensory-19-24-manader\/","title":{"rendered":"TOOKY TOY Box XXL Montessori Educational 6-in-1 Sensory 19-24 m\u00e5nader"},"content":{"rendered":"<p>Tooky Toy-pedagogiska l\u00e5dan \u00e4r avsedd f\u00f6r barn fr\u00e5n 19 m\u00e5nader. Den inneh\u00e5ller 6 sensoriska och Montessori-pedagogiska leksaker som st\u00f6der ditt barns h\u00e4lsosamma psykomotoriska utveckling och stimulerar dess sinnen: syn, k\u00e4nsel och h\u00f6rsel. Den utvecklar ocks\u00e5 logiskt t\u00e4nkande och hand-\u00f6ga-koordination. Det finns ocks\u00e5 en detaljerad guide f\u00f6r f\u00f6r\u00e4ldrar, som hj\u00e4lper dig att l\u00e4ra dig n\u00e4r du ska introducera leksaken f\u00f6r ditt barn och hur du leker med den. Tooky Toy-pedagogiska l\u00e5dan \u00e4r l\u00e4mplig som present till ett litet barn. <\/p>\n<p>L\u00e5dan inneh\u00e5ller 6 pedagogiska leksaker f\u00f6r barn fr\u00e5n 19 m\u00e5nader i ett paket: <\/p>\n<p>* &#8211; ett hopf\u00e4llbart pussel i tr\u00e4 best\u00e5ende av 4 delar,<br \/>\n* &#8211; en hund p\u00e5 hjul med en sn\u00f6re att dra i,* &#8211; p\u00e4rlor med en sn\u00f6re, en tr\u00e4pinne och en p\u00e5se,<br \/>\n* &#8211; en triangul\u00e4r leksak med sorterare, labyrint, kugghjul och kulram,<br \/>\n* &#8211; bilder att ordna med roterande block,<br \/>\n* &#8211; bilderboken &#8221;Small and Big&#8221;.<\/p>\n<p>Tooky Toy \u00e4r ett f\u00f6retag som tillverkar tr\u00e4leksaker f\u00f6r barn och har funnits p\u00e5 marknaden sedan 2004. \u00d6ver ett decennium av erfarenhet inom branschen garanterar h\u00f6gkvalitativa produkter som tillverkas med barns s\u00e4kerhet i \u00e5tanke. Tooky Toy-leksaker har ett flertal certifikat som bekr\u00e4ftar s\u00e4kerheten hos dessa milj\u00f6v\u00e4nliga produkter. Leksakerna \u00e4r v\u00e4lslipade, fria fr\u00e5n splitter och vassa kanter och t\u00e4ckta endast med s\u00e4kra, giftfria f\u00e4rger, f\u00e4rg\u00e4mnen och lacker. Allt detta g\u00f6r att Tooky Toy-leksaker \u00e4r \u00e4lskade av barn och uppskattade av f\u00f6r\u00e4ldrar \u00f6ver hela v\u00e4rlden.<\/p>\n","protected":false},"excerpt":{"rendered":"<p>Tooky Toy-pedagogiska l\u00e5dan \u00e4r avsedd f\u00f6r barn fr\u00e5n 19 m\u00e5nader. Den inneh\u00e5ller 6 sensoriska och Montessori-pedagogiska leksaker som st\u00f6der ditt barns h\u00e4lsosamma psykomotoriska utveckling och stimulerar dess sinnen: syn, k\u00e4nsel och h\u00f6rsel. Den utvecklar ocks\u00e5 logiskt t\u00e4nkande och hand-\u00f6ga-koordination. Det finns ocks\u00e5 en detaljerad guide f\u00f6r f\u00f6r\u00e4ldrar, som hj\u00e4lper dig att l\u00e4ra dig n\u00e4r du [&hellip;]<\/p>\n","protected":false},"featured_media":0,"comment_status":"open","ping_status":"closed","template":"","meta":[],"product_brand":[],"product_cat":[33],"product_tag":[],"class_list":{"0":"post-19709","1":"product","2":"type-product","3":"status-publish","5":"product_cat-okategoriserad","7":"first","8":"instock","9":"shipping-taxable","10":"purchasable","11":"product-type-simple"},"_links":{"self":[{"href":"https:\/\/nordicmart.andreevmaster.com\/sv\/wp-json\/wp\/v2\/product\/19709","targetHints":{"allow":["GET"]}}],"collection":[{"href":"https:\/\/nordicmart.andreevmaster.com\/sv\/wp-json\/wp\/v2\/product"}],"about":[{"href":"https:\/\/nordicmart.andreevmaster.com\/sv\/wp-json\/wp\/v2\/types\/product"}],"replies":[{"embeddable":true,"href":"https:\/\/nordicmart.andreevmaster.com\/sv\/wp-json\/wp\/v2\/comments?post=19709"}],"wp:attachment":[{"href":"https:\/\/nordicmart.andreevmaster.com\/sv\/wp-json\/wp\/v2\/media?parent=19709"}],"wp:term":[{"taxonomy":"product_brand","embeddable":true,"href":"https:\/\/nordicmart.andreevmaster.com\/sv\/wp-json\/wp\/v2\/product_brand?post=19709"},{"taxonomy":"product_cat","embeddable":true,"href":"https:\/\/nordicmart.andreevmaster.com\/sv\/wp-json\/wp\/v2\/product_cat?post=19709"},{"taxonomy":"product_tag","embeddable":true,"href":"https:\/\/nordicmart.andreevmaster.com\/sv\/wp-json\/wp\/v2\/product_tag?post=19709"}],"curies":[{"name":"wp","href":"https:\/\/api.w.org\/{rel}","templated":true}]}}