{"id":19708,"date":"2026-02-27T00:46:23","date_gmt":"2026-02-27T00:46:23","guid":{"rendered":"https:\/\/nordicmart.andreevmaster.com\/product\/tooky-toy-trakladskap-i-rosa-med-stol\/"},"modified":"2026-02-27T08:33:13","modified_gmt":"2026-02-27T08:33:13","slug":"tooky-toy-trakladskap-i-rosa-med-stol","status":"publish","type":"product","link":"https:\/\/nordicmart.andreevmaster.com\/sv\/produkt\/tooky-toy-trakladskap-i-rosa-med-stol\/","title":{"rendered":"TOOKY TOY Tr\u00e4kl\u00e4dsk\u00e5p i rosa med stol"},"content":{"rendered":"<p>Tr\u00e4kl\u00e4dsk\u00e5p med stol f\u00f6r barn fr\u00e5n TOOKY TOY. Varje flicka f\u00f6rtj\u00e4nar ett vackert kl\u00e4dsk\u00e5p med en stor spegel och stol i sitt sovrum, s\u00e5 att hon kan se vacker ut varje dag. Kl\u00e4dsk\u00e5pet \u00e4r tillverkat av massivt tr\u00e4 och dekorerat med vita och rosa prickar. Egenskaper:<\/p>\n<p>* &#8211; leksak f\u00f6r barn \u00f6ver 3 \u00e5r,<br \/>\n* &#8211; toalettbord i tr\u00e4 f\u00f6r barn med stol och spegel,<br \/>\n* &#8211; tillverkat av massivt tr\u00e4,<br \/>\n* &#8211; toalettbordet har en liten rosa l\u00e5da f\u00f6r personliga f\u00f6rem\u00e5l,<br \/>\n* &#8211; toalettbordet s\u00e4ljs utan tillbeh\u00f6r<\/p>\n<p>Leken utvecklar:<\/p>\n<p>* &#8211; rollspel och fantasi,* &#8211; kreativitet och fantasi,<br \/>\n* &#8211; sj\u00e4lvf\u00f6rtroende och sj\u00e4lvk\u00e4nsla,<br \/>\n* &#8211; hand-\u00f6ga-koordination<\/p>\n<p>M\u00c5TT:<\/p>\n<p>\u2714 H\u00f6jd &#8211; 84,5 cm<\/p>\n<p>\u2714 Bredd &#8211; 51,3 cm<\/p>\n<p>\u2714 Djup &#8211; 30 cm<\/p>\n","protected":false},"excerpt":{"rendered":"<p>Tr\u00e4kl\u00e4dsk\u00e5p med stol f\u00f6r barn fr\u00e5n TOOKY TOY. Varje flicka f\u00f6rtj\u00e4nar ett vackert kl\u00e4dsk\u00e5p med en stor spegel och stol i sitt sovrum, s\u00e5 att hon kan se vacker ut varje dag. Kl\u00e4dsk\u00e5pet \u00e4r tillverkat av massivt tr\u00e4 och dekorerat med vita och rosa prickar. Egenskaper: * &#8211; leksak f\u00f6r barn \u00f6ver 3 \u00e5r, * [&hellip;]<\/p>\n","protected":false},"featured_media":0,"comment_status":"open","ping_status":"closed","template":"","meta":[],"product_brand":[],"product_cat":[33],"product_tag":[],"class_list":{"0":"post-19708","1":"product","2":"type-product","3":"status-publish","5":"product_cat-okategoriserad","7":"first","8":"instock","9":"shipping-taxable","10":"purchasable","11":"product-type-simple"},"_links":{"self":[{"href":"https:\/\/nordicmart.andreevmaster.com\/sv\/wp-json\/wp\/v2\/product\/19708","targetHints":{"allow":["GET"]}}],"collection":[{"href":"https:\/\/nordicmart.andreevmaster.com\/sv\/wp-json\/wp\/v2\/product"}],"about":[{"href":"https:\/\/nordicmart.andreevmaster.com\/sv\/wp-json\/wp\/v2\/types\/product"}],"replies":[{"embeddable":true,"href":"https:\/\/nordicmart.andreevmaster.com\/sv\/wp-json\/wp\/v2\/comments?post=19708"}],"wp:attachment":[{"href":"https:\/\/nordicmart.andreevmaster.com\/sv\/wp-json\/wp\/v2\/media?parent=19708"}],"wp:term":[{"taxonomy":"product_brand","embeddable":true,"href":"https:\/\/nordicmart.andreevmaster.com\/sv\/wp-json\/wp\/v2\/product_brand?post=19708"},{"taxonomy":"product_cat","embeddable":true,"href":"https:\/\/nordicmart.andreevmaster.com\/sv\/wp-json\/wp\/v2\/product_cat?post=19708"},{"taxonomy":"product_tag","embeddable":true,"href":"https:\/\/nordicmart.andreevmaster.com\/sv\/wp-json\/wp\/v2\/product_tag?post=19708"}],"curies":[{"name":"wp","href":"https:\/\/api.w.org\/{rel}","templated":true}]}}