{"id":19707,"date":"2026-02-27T00:46:23","date_gmt":"2026-02-27T00:46:23","guid":{"rendered":"https:\/\/nordicmart.andreevmaster.com\/product\/tooky-toy-moderna-koksredskap-i-tra\/"},"modified":"2026-02-27T08:33:13","modified_gmt":"2026-02-27T08:33:13","slug":"tooky-toy-moderna-koksredskap-i-tra","status":"publish","type":"product","link":"https:\/\/nordicmart.andreevmaster.com\/sv\/produkt\/tooky-toy-moderna-koksredskap-i-tra\/","title":{"rendered":"TOOKY TOY Moderna k\u00f6ksredskap i tr\u00e4"},"content":{"rendered":"<p>Det moderna tr\u00e4k\u00f6k fr\u00e5n Tooky Toy \u00e4r en tidl\u00f6s och omtyckt leksak f\u00f6r barn \u00f6ver 3 \u00e5r, som f\u00f6rflyttar dem till matlagningens v\u00e4rld. K\u00f6ket \u00e4r fullt utrustat med tillbeh\u00f6r och apparater som simulerar ett riktigt k\u00f6k, vilket g\u00f6r det perfekt f\u00f6r rollspel d\u00e4r barnen kan imitera vuxnas vardag. <\/p>\n<p>K\u00f6kets tr\u00e4konstruktion garanterar h\u00e5llbarhet och estetik, och ger ocks\u00e5 en realistisk upplevelse under leken.<\/p>\n<p>K\u00f6ksutrustning:<\/p>\n<p>&#8211; kylsk\u00e5p med dispenser<\/p>\n<p>&#8211; mikrov\u00e5gsugn<\/p>\n<p>&#8211; induktionsh\u00e4ll<\/p>\n<p>&#8211; diskho<\/p>\n<p>&#8211; kastrull<\/p>\n<p>&#8211; stekpanna<\/p>\n<p>&#8211; tr\u00e4spatlar<\/p>\n<p>&#8211; kopp<\/p>\n<p>&#8211; 2 isbitar<\/p>\n<p>&#8211; salt- och pepparkar<\/p>\n<p>Att leka med tr\u00e4k\u00f6k fr\u00e5n Tooky Toy ger inte bara gl\u00e4dje och underh\u00e5llning, utan utvecklar ocks\u00e5 barnets fantasi, motoriska koordination och sociala f\u00e4rdigheter. Det \u00e4r en helt\u00e4ckande upplevelse som kombinerar utbildning och kreativitet och stimulerar barns utveckling p\u00e5 m\u00e5nga niv\u00e5er.<\/p>\n","protected":false},"excerpt":{"rendered":"<p>Det moderna tr\u00e4k\u00f6k fr\u00e5n Tooky Toy \u00e4r en tidl\u00f6s och omtyckt leksak f\u00f6r barn \u00f6ver 3 \u00e5r, som f\u00f6rflyttar dem till matlagningens v\u00e4rld. K\u00f6ket \u00e4r fullt utrustat med tillbeh\u00f6r och apparater som simulerar ett riktigt k\u00f6k, vilket g\u00f6r det perfekt f\u00f6r rollspel d\u00e4r barnen kan imitera vuxnas vardag. K\u00f6kets tr\u00e4konstruktion garanterar h\u00e5llbarhet och estetik, och [&hellip;]<\/p>\n","protected":false},"featured_media":0,"comment_status":"open","ping_status":"closed","template":"","meta":[],"product_brand":[],"product_cat":[33],"product_tag":[],"class_list":{"0":"post-19707","1":"product","2":"type-product","3":"status-publish","5":"product_cat-okategoriserad","7":"first","8":"instock","9":"shipping-taxable","10":"purchasable","11":"product-type-simple"},"_links":{"self":[{"href":"https:\/\/nordicmart.andreevmaster.com\/sv\/wp-json\/wp\/v2\/product\/19707","targetHints":{"allow":["GET"]}}],"collection":[{"href":"https:\/\/nordicmart.andreevmaster.com\/sv\/wp-json\/wp\/v2\/product"}],"about":[{"href":"https:\/\/nordicmart.andreevmaster.com\/sv\/wp-json\/wp\/v2\/types\/product"}],"replies":[{"embeddable":true,"href":"https:\/\/nordicmart.andreevmaster.com\/sv\/wp-json\/wp\/v2\/comments?post=19707"}],"wp:attachment":[{"href":"https:\/\/nordicmart.andreevmaster.com\/sv\/wp-json\/wp\/v2\/media?parent=19707"}],"wp:term":[{"taxonomy":"product_brand","embeddable":true,"href":"https:\/\/nordicmart.andreevmaster.com\/sv\/wp-json\/wp\/v2\/product_brand?post=19707"},{"taxonomy":"product_cat","embeddable":true,"href":"https:\/\/nordicmart.andreevmaster.com\/sv\/wp-json\/wp\/v2\/product_cat?post=19707"},{"taxonomy":"product_tag","embeddable":true,"href":"https:\/\/nordicmart.andreevmaster.com\/sv\/wp-json\/wp\/v2\/product_tag?post=19707"}],"curies":[{"name":"wp","href":"https:\/\/api.w.org\/{rel}","templated":true}]}}