{"id":19706,"date":"2026-02-27T00:46:22","date_gmt":"2026-02-27T00:46:22","guid":{"rendered":"https:\/\/nordicmart.andreevmaster.com\/product\/tooky-toy-interaktiv-trabox-i-montessori-stil-med-sexkantig-oppning\/"},"modified":"2026-02-27T08:33:13","modified_gmt":"2026-02-27T08:33:13","slug":"tooky-toy-interaktiv-trabox-i-montessori-stil-med-sexkantig-oppning","status":"publish","type":"product","link":"https:\/\/nordicmart.andreevmaster.com\/sv\/produkt\/tooky-toy-interaktiv-trabox-i-montessori-stil-med-sexkantig-oppning\/","title":{"rendered":"TOOKY TOY Interaktiv tr\u00e4box i Montessori-stil med sexkantig \u00f6ppning"},"content":{"rendered":"<p>Den multifunktionella sexkanten i tr\u00e4 med 7 aktiviteter fr\u00e5n TOOKY TOY \u00e4r ett interaktivt pedagogiskt leksak som erbjuder m\u00e5nga olika typer av lek p\u00e5 var och en av sina sju sidor. Barn kan flytta p\u00e4rlor i labyrinter, vrida kugghjul, matcha former eller l\u00e4ra sig att l\u00e4sa klockan. Leksaken \u00e4r omsorgsfullt tillverkad f\u00f6r att uppmuntra barn att leka. Dessutom kan den \u00f6vre panelen \u00f6ppnas, s\u00e5 att du kan f\u00f6rvara ditt barns leksaker. Egenskaper:<\/p>\n<p>* &#8211; leksak f\u00f6r barn fr\u00e5n 18 m\u00e5nader,<br \/>\n* &#8211; interaktiv pedagogisk leksak f\u00f6r barn,<br \/>\n* &#8211; inneh\u00e5ller 7 olika aktiviteter, en p\u00e5 varje sida av kuben,* &#8211; leksakens vackra design uppmuntrar barn att leka,<br \/>\n* &#8211; sexkantig form och liten storlek,<br \/>\n* &#8211; tillverkad av s\u00e4kra och h\u00e5llbara material,<br \/>\n* &#8211; l\u00e5dan kan \u00f6ppnas s\u00e5 att du kan f\u00f6rvara ditt barns leksaker.<\/p>\n<p>Leksaken utvecklar:<\/p>\n<p>* &#8211; logiskt t\u00e4nkande,<br \/>\n* &#8211; samarbetsf\u00f6rm\u00e5ga och praktiska f\u00e4rdigheter,<br \/>\n* &#8211; hand-\u00f6ga-koordination,<br \/>\n* &#8211; form- och f\u00e4rgigenk\u00e4nning,<br \/>\n* &#8211; f\u00f6rm\u00e5ga att r\u00e4kna,<br \/>\n* &#8211; finmotorik och matematiska f\u00e4rdigheter.<\/p>\n","protected":false},"excerpt":{"rendered":"<p>Den multifunktionella sexkanten i tr\u00e4 med 7 aktiviteter fr\u00e5n TOOKY TOY \u00e4r ett interaktivt pedagogiskt leksak som erbjuder m\u00e5nga olika typer av lek p\u00e5 var och en av sina sju sidor. Barn kan flytta p\u00e4rlor i labyrinter, vrida kugghjul, matcha former eller l\u00e4ra sig att l\u00e4sa klockan. Leksaken \u00e4r omsorgsfullt tillverkad f\u00f6r att uppmuntra barn [&hellip;]<\/p>\n","protected":false},"featured_media":0,"comment_status":"open","ping_status":"closed","template":"","meta":[],"product_brand":[],"product_cat":[33],"product_tag":[],"class_list":{"0":"post-19706","1":"product","2":"type-product","3":"status-publish","5":"product_cat-okategoriserad","7":"first","8":"instock","9":"shipping-taxable","10":"purchasable","11":"product-type-simple"},"_links":{"self":[{"href":"https:\/\/nordicmart.andreevmaster.com\/sv\/wp-json\/wp\/v2\/product\/19706","targetHints":{"allow":["GET"]}}],"collection":[{"href":"https:\/\/nordicmart.andreevmaster.com\/sv\/wp-json\/wp\/v2\/product"}],"about":[{"href":"https:\/\/nordicmart.andreevmaster.com\/sv\/wp-json\/wp\/v2\/types\/product"}],"replies":[{"embeddable":true,"href":"https:\/\/nordicmart.andreevmaster.com\/sv\/wp-json\/wp\/v2\/comments?post=19706"}],"wp:attachment":[{"href":"https:\/\/nordicmart.andreevmaster.com\/sv\/wp-json\/wp\/v2\/media?parent=19706"}],"wp:term":[{"taxonomy":"product_brand","embeddable":true,"href":"https:\/\/nordicmart.andreevmaster.com\/sv\/wp-json\/wp\/v2\/product_brand?post=19706"},{"taxonomy":"product_cat","embeddable":true,"href":"https:\/\/nordicmart.andreevmaster.com\/sv\/wp-json\/wp\/v2\/product_cat?post=19706"},{"taxonomy":"product_tag","embeddable":true,"href":"https:\/\/nordicmart.andreevmaster.com\/sv\/wp-json\/wp\/v2\/product_tag?post=19706"}],"curies":[{"name":"wp","href":"https:\/\/api.w.org\/{rel}","templated":true}]}}