{"id":19705,"date":"2026-02-27T00:46:22","date_gmt":"2026-02-27T00:46:22","guid":{"rendered":"https:\/\/nordicmart.andreevmaster.com\/product\/tooky-toy-traparkeringsplats-for-rymdstation\/"},"modified":"2026-02-27T08:33:12","modified_gmt":"2026-02-27T08:33:12","slug":"tooky-toy-traparkeringsplats-for-rymdstation","status":"publish","type":"product","link":"https:\/\/nordicmart.andreevmaster.com\/sv\/produkt\/tooky-toy-traparkeringsplats-for-rymdstation\/","title":{"rendered":"TOOKY TOY Tr\u00e4parkeringsplats f\u00f6r rymdstation"},"content":{"rendered":"<p>Stationen \u00e4r klar f\u00f6r uppskjutning \u2013 sm\u00e5 astronauter i aktion!<\/p>\n<p>Denna unika tr\u00e4leksak \u00e4r en riktig h\u00f6jdare f\u00f6r sm\u00e5 rymdutforskare! Rymdstationen med flera v\u00e5ningar, ramper, landningsplatta och hiss ger timmar av fascinerande lek. Setet inneh\u00e5ller inte bara stationen, utan \u00e4ven fordon, en raket, en utomjording och astronauter \u2013 allt tillverkat med omsorg om detaljer och barns\u00e4kerhet.<\/p>\n<p>Egenskaper:<\/p>\n<p>* &#8211; Leksak f\u00f6r barn fr\u00e5n 3 \u00e5r<br \/>\n* &#8211; Konstruktion med flera niv\u00e5er<br \/>\n* &#8211; Landningsplatta med raket<br \/>\n* &#8211; R\u00f6rlig hiss och rutschkana<br \/>\n* &#8211; 3 astronautfigurer och 1 utomjording<br \/>\n* &#8211; 3 rymdfarkoster (inklusive en laboratoriefarkost, transportfarkost och elbil)<br \/>\n* &#8211; Satellit, UFO, laddningsstation, radar och barri\u00e4rskylten<br \/>\n* &#8211; H\u00f6gkvalitativ konstruktion av tr\u00e4 och s\u00e4kra f\u00e4rger<\/p>\n<p>Satsen inneh\u00e5ller:<\/p>\n<p>* &#8211; 1 rymdstation med landningsplatta<br \/>\n* &#8211; 1 raket<br \/>\n* &#8211; 3 astronauter<br \/>\n* &#8211; 1 utomjording<br \/>\n* &#8211; 1 satellit<br \/>\n* &#8211; 1 UFO<br \/>\n* &#8211; 1 radar<br \/>\n* &#8211; 1 skylt + barri\u00e4r<br \/>\n* &#8211; 3 fordon<br \/>\n* &#8211; 1 laddningsstation<\/p>\n<p>Leksaken utvecklar:<\/p>\n<p>* &#8211; fantasi och kreativitet<br \/>\n* &#8211; rollspelsf\u00f6rm\u00e5ga<br \/>\n* &#8211; hand-\u00f6ga-koordination<br \/>\n* &#8211; manuell skicklighet<\/p>\n","protected":false},"excerpt":{"rendered":"<p>Stationen \u00e4r klar f\u00f6r uppskjutning \u2013 sm\u00e5 astronauter i aktion! Denna unika tr\u00e4leksak \u00e4r en riktig h\u00f6jdare f\u00f6r sm\u00e5 rymdutforskare! Rymdstationen med flera v\u00e5ningar, ramper, landningsplatta och hiss ger timmar av fascinerande lek. Setet inneh\u00e5ller inte bara stationen, utan \u00e4ven fordon, en raket, en utomjording och astronauter \u2013 allt tillverkat med omsorg om detaljer och [&hellip;]<\/p>\n","protected":false},"featured_media":0,"comment_status":"open","ping_status":"closed","template":"","meta":[],"product_brand":[],"product_cat":[33],"product_tag":[],"class_list":{"0":"post-19705","1":"product","2":"type-product","3":"status-publish","5":"product_cat-okategoriserad","7":"first","8":"instock","9":"shipping-taxable","10":"purchasable","11":"product-type-simple"},"_links":{"self":[{"href":"https:\/\/nordicmart.andreevmaster.com\/sv\/wp-json\/wp\/v2\/product\/19705","targetHints":{"allow":["GET"]}}],"collection":[{"href":"https:\/\/nordicmart.andreevmaster.com\/sv\/wp-json\/wp\/v2\/product"}],"about":[{"href":"https:\/\/nordicmart.andreevmaster.com\/sv\/wp-json\/wp\/v2\/types\/product"}],"replies":[{"embeddable":true,"href":"https:\/\/nordicmart.andreevmaster.com\/sv\/wp-json\/wp\/v2\/comments?post=19705"}],"wp:attachment":[{"href":"https:\/\/nordicmart.andreevmaster.com\/sv\/wp-json\/wp\/v2\/media?parent=19705"}],"wp:term":[{"taxonomy":"product_brand","embeddable":true,"href":"https:\/\/nordicmart.andreevmaster.com\/sv\/wp-json\/wp\/v2\/product_brand?post=19705"},{"taxonomy":"product_cat","embeddable":true,"href":"https:\/\/nordicmart.andreevmaster.com\/sv\/wp-json\/wp\/v2\/product_cat?post=19705"},{"taxonomy":"product_tag","embeddable":true,"href":"https:\/\/nordicmart.andreevmaster.com\/sv\/wp-json\/wp\/v2\/product_tag?post=19705"}],"curies":[{"name":"wp","href":"https:\/\/api.w.org\/{rel}","templated":true}]}}