{"id":19704,"date":"2026-02-27T00:46:22","date_gmt":"2026-02-27T00:46:22","guid":{"rendered":"https:\/\/nordicmart.andreevmaster.com\/product\/tooky-toy-stort-dockhus-i-tra-figurer-fsc\/"},"modified":"2026-02-27T08:33:12","modified_gmt":"2026-02-27T08:33:12","slug":"tooky-toy-stort-dockhus-i-tra-figurer-fsc","status":"publish","type":"product","link":"https:\/\/nordicmart.andreevmaster.com\/sv\/produkt\/tooky-toy-stort-dockhus-i-tra-figurer-fsc\/","title":{"rendered":"TOOKY TOY Stort dockhus i tr\u00e4 + figurer FSC"},"content":{"rendered":"<p>Dockhuset fr\u00e5n Tooky Toy utm\u00e4rker sig med sin moderna design i tre v\u00e5ningar, helt tillverkat i tr\u00e4. Dess eleganta linjer och moderna estetik g\u00f6r det till det perfekta valet f\u00f6r barn som uppskattar modern arkitektur. Huset har tre v\u00e5ningar fulla av attraktioner, d\u00e4r varje v\u00e5ning \u00e4r utrustad med unika rum och funktioner. <\/p>\n<p>P\u00e5 bottenv\u00e5ningen finns ett k\u00f6k med matplats, bredvid ett badrum utrustat med alla n\u00f6dv\u00e4ndiga element, s\u00e5som badkar, dusch och toalett. P\u00e5 f\u00f6rsta v\u00e5ningen finns ett rymligt vardagsrum med en mysig soffa och TV, d\u00e4r dockorna kan koppla av och umg\u00e5s. Vinden \u00e4r ett charmigt sovrum med en bekv\u00e4m s\u00e4ng, garderob och spj\u00e4ls\u00e4ng. Sovrummet vetter mot en balkong, som \u00e4r den perfekta platsen att koppla av och njuta av utsikten. <\/p>\n<p>Dockhuset levereras med en familj p\u00e5 sex dockor som \u00e4r redo att flytta in. Varje docka har en unik stil och personlighet, och med fullt r\u00f6rliga leder \u00e4r m\u00f6jligheterna till kreativt lekande o\u00e4ndliga. Satsen inneh\u00e5ller \u00e4ven m\u00f6bler och dekorationer som ger liv \u00e5t varje rum och skapar en unik atmosf\u00e4r. <\/p>\n<p>Tooky Toy-dockhuset inspirerar barn att leka kreativt, utveckla sin fantasi och sociala f\u00e4rdigheter samtidigt som det l\u00e4r dem om familjelivet. Det \u00e4r det perfekta valet f\u00f6r alla barn som \u00e4lskar modern design och kreativa lekar.<\/p>\n<p>Egenskaper:<\/p>\n<p>* &#8211; leksak f\u00f6r barn fr\u00e5n 3 \u00e5r<br \/>\n* &#8211; huset \u00e4r m\u00e5lat med s\u00e4ker, giftfri f\u00e4rg i pastellf\u00e4rger<br \/>\n* &#8211; huset har 2 v\u00e5ningar + en vind<br \/>\n* &#8211; leksaken \u00e4r tillverkad av h\u00f6gkvalitativt tr\u00e4, solid och h\u00e5llbar, utformad f\u00f6r att t\u00e5la intensiv lek.<\/p>\n<p>Leksaken utvecklar:<\/p>\n<p>* &#8211; socialt beteende<br \/>\n* &#8211; fantasi<br \/>\n* &#8211; kreativitet<\/p>\n<p>[img-67344-left-thickbox_default]<\/p>\n<p>[img-67336-left-thickbox_default]<\/p>\n<p>[img-67342-left-thickbox_default]<\/p>\n","protected":false},"excerpt":{"rendered":"<p>Dockhuset fr\u00e5n Tooky Toy utm\u00e4rker sig med sin moderna design i tre v\u00e5ningar, helt tillverkat i tr\u00e4. Dess eleganta linjer och moderna estetik g\u00f6r det till det perfekta valet f\u00f6r barn som uppskattar modern arkitektur. Huset har tre v\u00e5ningar fulla av attraktioner, d\u00e4r varje v\u00e5ning \u00e4r utrustad med unika rum och funktioner. P\u00e5 bottenv\u00e5ningen finns [&hellip;]<\/p>\n","protected":false},"featured_media":0,"comment_status":"open","ping_status":"closed","template":"","meta":[],"product_brand":[],"product_cat":[33],"product_tag":[],"class_list":{"0":"post-19704","1":"product","2":"type-product","3":"status-publish","5":"product_cat-okategoriserad","7":"first","8":"instock","9":"shipping-taxable","10":"purchasable","11":"product-type-simple"},"_links":{"self":[{"href":"https:\/\/nordicmart.andreevmaster.com\/sv\/wp-json\/wp\/v2\/product\/19704","targetHints":{"allow":["GET"]}}],"collection":[{"href":"https:\/\/nordicmart.andreevmaster.com\/sv\/wp-json\/wp\/v2\/product"}],"about":[{"href":"https:\/\/nordicmart.andreevmaster.com\/sv\/wp-json\/wp\/v2\/types\/product"}],"replies":[{"embeddable":true,"href":"https:\/\/nordicmart.andreevmaster.com\/sv\/wp-json\/wp\/v2\/comments?post=19704"}],"wp:attachment":[{"href":"https:\/\/nordicmart.andreevmaster.com\/sv\/wp-json\/wp\/v2\/media?parent=19704"}],"wp:term":[{"taxonomy":"product_brand","embeddable":true,"href":"https:\/\/nordicmart.andreevmaster.com\/sv\/wp-json\/wp\/v2\/product_brand?post=19704"},{"taxonomy":"product_cat","embeddable":true,"href":"https:\/\/nordicmart.andreevmaster.com\/sv\/wp-json\/wp\/v2\/product_cat?post=19704"},{"taxonomy":"product_tag","embeddable":true,"href":"https:\/\/nordicmart.andreevmaster.com\/sv\/wp-json\/wp\/v2\/product_tag?post=19704"}],"curies":[{"name":"wp","href":"https:\/\/api.w.org\/{rel}","templated":true}]}}