{"id":19703,"date":"2026-02-27T00:46:21","date_gmt":"2026-02-27T00:46:21","guid":{"rendered":"https:\/\/nordicmart.andreevmaster.com\/product\/tooky-toy-stort-trakok-for-barn-10-delar-fsc\/"},"modified":"2026-02-27T08:33:12","modified_gmt":"2026-02-27T08:33:12","slug":"tooky-toy-stort-trakok-for-barn-10-delar-fsc","status":"publish","type":"product","link":"https:\/\/nordicmart.andreevmaster.com\/sv\/produkt\/tooky-toy-stort-trakok-for-barn-10-delar-fsc\/","title":{"rendered":"TOOKY TOY Stort tr\u00e4k\u00f6k f\u00f6r barn, 10 delar. FSC"},"content":{"rendered":"<p>Detta vackra tr\u00e4k\u00f6k fr\u00e5n TOOKY TOY \u00e4r perfekt f\u00f6r sm\u00e5 kockar som \u00e4lskar att leka vuxna. Detta unika set kombinerar modern design med funktionalitet och erbjuder barn en realistisk matlagningsupplevelse tack vare ljud- och ljuseffekter. Tr\u00e4k\u00f6ket \u00e4r tillverkat av h\u00f6gkvalitativa material och kommer att gl\u00e4dja alla barn med sin \u00e4kthet och rikedom av detaljer.<\/p>\n<p>Egenskaper:<\/p>\n<p>* &#8211; F\u00f6r barn fr\u00e5n 3 \u00e5r<br \/>\n* &#8211; Modern design med ugn, induktionsh\u00e4ll, fl\u00e4kt och mikrov\u00e5gsugn<br \/>\n* &#8211; K\u00f6ket har ljud- och ljuseffekter som f\u00f6rst\u00e4rker lekens realism<br \/>\n* &#8211; Tillverkat av h\u00f6gkvalitativt FSC-certifierat tr\u00e4<\/p>\n<p>Satsen inneh\u00e5ller:<\/p>\n<p>* &#8211; Tr\u00e4k\u00f6k med mikrov\u00e5gsugn, fl\u00e4kt, ugn och induktionsh\u00e4ll<br \/>\n* &#8211; Diskho med kran<br \/>\n* &#8211; Kastrull med lock<br \/>\n* &#8211; Stekpannor<br \/>\n* &#8211; 3 tr\u00e4spatlar<br \/>\n* &#8211; 2 salt- och pepparkar<br \/>\n* &#8211; Kritta tavlor<\/p>\n<p>Leksaken utvecklar:<\/p>\n<p>* &#8211; Fantasi<br \/>\n* &#8211; Kreativitet<br \/>\n* &#8211; Logik<br \/>\n* &#8211; Motorik<br \/>\n* &#8211; Sociala f\u00e4rdigheter<\/p>\n","protected":false},"excerpt":{"rendered":"<p>Detta vackra tr\u00e4k\u00f6k fr\u00e5n TOOKY TOY \u00e4r perfekt f\u00f6r sm\u00e5 kockar som \u00e4lskar att leka vuxna. Detta unika set kombinerar modern design med funktionalitet och erbjuder barn en realistisk matlagningsupplevelse tack vare ljud- och ljuseffekter. Tr\u00e4k\u00f6ket \u00e4r tillverkat av h\u00f6gkvalitativa material och kommer att gl\u00e4dja alla barn med sin \u00e4kthet och rikedom av detaljer. Egenskaper: [&hellip;]<\/p>\n","protected":false},"featured_media":0,"comment_status":"open","ping_status":"closed","template":"","meta":[],"product_brand":[],"product_cat":[33],"product_tag":[],"class_list":{"0":"post-19703","1":"product","2":"type-product","3":"status-publish","5":"product_cat-okategoriserad","7":"first","8":"instock","9":"shipping-taxable","10":"purchasable","11":"product-type-simple"},"_links":{"self":[{"href":"https:\/\/nordicmart.andreevmaster.com\/sv\/wp-json\/wp\/v2\/product\/19703","targetHints":{"allow":["GET"]}}],"collection":[{"href":"https:\/\/nordicmart.andreevmaster.com\/sv\/wp-json\/wp\/v2\/product"}],"about":[{"href":"https:\/\/nordicmart.andreevmaster.com\/sv\/wp-json\/wp\/v2\/types\/product"}],"replies":[{"embeddable":true,"href":"https:\/\/nordicmart.andreevmaster.com\/sv\/wp-json\/wp\/v2\/comments?post=19703"}],"wp:attachment":[{"href":"https:\/\/nordicmart.andreevmaster.com\/sv\/wp-json\/wp\/v2\/media?parent=19703"}],"wp:term":[{"taxonomy":"product_brand","embeddable":true,"href":"https:\/\/nordicmart.andreevmaster.com\/sv\/wp-json\/wp\/v2\/product_brand?post=19703"},{"taxonomy":"product_cat","embeddable":true,"href":"https:\/\/nordicmart.andreevmaster.com\/sv\/wp-json\/wp\/v2\/product_cat?post=19703"},{"taxonomy":"product_tag","embeddable":true,"href":"https:\/\/nordicmart.andreevmaster.com\/sv\/wp-json\/wp\/v2\/product_tag?post=19703"}],"curies":[{"name":"wp","href":"https:\/\/api.w.org\/{rel}","templated":true}]}}