{"id":19696,"date":"2026-02-27T00:46:19","date_gmt":"2026-02-27T00:46:19","guid":{"rendered":"https:\/\/nordicmart.andreevmaster.com\/product\/textilier-till-moseskorgen-fine-blue\/"},"modified":"2026-02-27T08:33:10","modified_gmt":"2026-02-27T08:33:10","slug":"textilier-till-moseskorgen-fine-blue","status":"publish","type":"product","link":"https:\/\/nordicmart.andreevmaster.com\/sv\/produkt\/textilier-till-moseskorgen-fine-blue\/","title":{"rendered":"Textilier till moseskorgen Fine Blue"},"content":{"rendered":"<p>Satsen inneh\u00e5ller: s\u00e4ngkl\u00e4der, lakan, t\u00e4cke och kudde med huvudutsk\u00e4rning <\/p>\n<p>Detaljer:<br \/>\n &#8211; s\u00e4ngkl\u00e4der med fyllning av bomullsmuslin med Oeko-TEX Standard 100-certifikat, <\/p>\n<p>&#8211; fyllda med certifierad allergiv\u00e4nlig silikonfiber <\/p>\n<p>&#8211; luftigt och mjukt, s\u00e4ngkl\u00e4derna i muslin med fyllning omsluter ditt barn perfekt och minimerar risken f\u00f6r \u00f6verhettning, <\/p>\n<p>&#8211; kudden har en f\u00f6rdjupning f\u00f6r huvudet \u2013 tack vare denna l\u00f6sning kommer barnets huvud inte att bli platt, <\/p>\n<p>&#8211; s\u00e4kerst\u00e4ller tillr\u00e4cklig luftcirkulation,<br \/>\n &#8211; textilierna \u00e4r delikata och mjuka att ta p\u00e5,<br \/>\n &#8211; f\u00e4rgen bleknar inte, \u00e4ven efter upprepade tv\u00e4ttar, <\/p>\n<p>&#8211; passar perfekt f\u00f6r en korg som \u00e4r s\u00e5 stor som 86x43x26 och 83x47x26. <\/p>\n<p> Tyg:<br \/>\n &#8211; bomullsmuslin med Oeko-TEX Standard 100-certifikat <\/p>\n<p>&#8211; allergiv\u00e4nlig silikonfiber.<\/p>\n<p>Textilier (cm):<br \/>\n -lakan: passar madrasser p\u00e5 72&#215;25 och 65&#215;31<br \/>\n -t\u00e4cke: 77&#215;63 (+\/- 2 cm)<br \/>\n -kudde: 24&#215;18 (+\/- 2 cm) <\/p>\n<p> Tv\u00e4tt:<br \/>\n &#8211; maskintv\u00e4ttbar (30 grader),<br \/>\n &#8211; f\u00e5r inte torktumlas,<br \/>\n &#8211; kan strykas fuktig vid h\u00f6g temperatur,<br \/>\n &#8211; f\u00e5r inte blekas. <\/p>\n<p>F\u00e4rger: <\/p>\n<p>&#8211; Sn\u00f6, <\/p>\n<p>&#8211; Honung, <\/p>\n<p>&#8211; Mj\u00f6lk, <\/p>\n<p>&#8211; Vallmo, <\/p>\n<p>&#8211; Mynta, <\/p>\n<p>&#8211; Ljusbl\u00e5 <\/p>\n<p>&#8211; Godis<\/p>\n","protected":false},"excerpt":{"rendered":"<p>Satsen inneh\u00e5ller: s\u00e4ngkl\u00e4der, lakan, t\u00e4cke och kudde med huvudutsk\u00e4rning Detaljer: &#8211; s\u00e4ngkl\u00e4der med fyllning av bomullsmuslin med Oeko-TEX Standard 100-certifikat, &#8211; fyllda med certifierad allergiv\u00e4nlig silikonfiber &#8211; luftigt och mjukt, s\u00e4ngkl\u00e4derna i muslin med fyllning omsluter ditt barn perfekt och minimerar risken f\u00f6r \u00f6verhettning, &#8211; kudden har en f\u00f6rdjupning f\u00f6r huvudet \u2013 tack vare denna [&hellip;]<\/p>\n","protected":false},"featured_media":0,"comment_status":"open","ping_status":"closed","template":"","meta":[],"product_brand":[],"product_cat":[33],"product_tag":[],"class_list":{"0":"post-19696","1":"product","2":"type-product","3":"status-publish","5":"product_cat-okategoriserad","7":"first","8":"instock","9":"shipping-taxable","10":"purchasable","11":"product-type-simple"},"_links":{"self":[{"href":"https:\/\/nordicmart.andreevmaster.com\/sv\/wp-json\/wp\/v2\/product\/19696","targetHints":{"allow":["GET"]}}],"collection":[{"href":"https:\/\/nordicmart.andreevmaster.com\/sv\/wp-json\/wp\/v2\/product"}],"about":[{"href":"https:\/\/nordicmart.andreevmaster.com\/sv\/wp-json\/wp\/v2\/types\/product"}],"replies":[{"embeddable":true,"href":"https:\/\/nordicmart.andreevmaster.com\/sv\/wp-json\/wp\/v2\/comments?post=19696"}],"wp:attachment":[{"href":"https:\/\/nordicmart.andreevmaster.com\/sv\/wp-json\/wp\/v2\/media?parent=19696"}],"wp:term":[{"taxonomy":"product_brand","embeddable":true,"href":"https:\/\/nordicmart.andreevmaster.com\/sv\/wp-json\/wp\/v2\/product_brand?post=19696"},{"taxonomy":"product_cat","embeddable":true,"href":"https:\/\/nordicmart.andreevmaster.com\/sv\/wp-json\/wp\/v2\/product_cat?post=19696"},{"taxonomy":"product_tag","embeddable":true,"href":"https:\/\/nordicmart.andreevmaster.com\/sv\/wp-json\/wp\/v2\/product_tag?post=19696"}],"curies":[{"name":"wp","href":"https:\/\/api.w.org\/{rel}","templated":true}]}}