{"id":19694,"date":"2026-02-27T00:46:19","date_gmt":"2026-02-27T00:46:19","guid":{"rendered":"https:\/\/nordicmart.andreevmaster.com\/product\/teepee-sang-90x200-med-lada\/"},"modified":"2026-02-27T08:33:09","modified_gmt":"2026-02-27T08:33:09","slug":"teepee-sang-90x200-med-lada","status":"publish","type":"product","link":"https:\/\/nordicmart.andreevmaster.com\/sv\/produkt\/teepee-sang-90x200-med-lada\/","title":{"rendered":"TeePee-s\u00e4ng 90&#215;200 med l\u00e5da"},"content":{"rendered":"<p>En idealisk s\u00e4ng f\u00f6r \u00e4ldre barn. Tack vare sin form, inspirerad av indianernas t\u00e4lt, teepee, kommer varje ung man att k\u00e4nna sig som en uppt\u00e4cktsresande, modig krigare eller helt enkelt g\u00f6mma sig fr\u00e5n hela v\u00e4rlden. Formen \u00e4r universell och tidl\u00f6s nog att passa perfekt ihop med m\u00f6bler fr\u00e5n andra kollektioner. S\u00e4ngen med tr\u00e4tak kan arrangeras p\u00e5 olika s\u00e4tt. Den kan bli ett t\u00e4lt, ett skepp eller en os\u00e4ker grotta, om s\u00e5 \u00f6nskas. Materialen som anv\u00e4nds p\u00e5minner om naturen, dess sk\u00f6nhet och frihet som upplevs av ursprungsbefolkningar som lever i de vildaste omr\u00e5dena p\u00e5 jorden, tack vare vilket ditt barn kan k\u00e4nna sig fritt och oh\u00e4mmat. S\u00e4ngen, som \u00e4r 90 x 200 cm stor, \u00e4r utrustad med ett skyddsr\u00e4cke som skyddar ditt barn fr\u00e5n att falla ur s\u00e4ngen, vilket du enkelt kan ta bort till baksidan av s\u00e4ngen n\u00e4r barnet v\u00e4xer upp. Den utdragbara l\u00e5dan kan rymma m\u00e5nga av ditt barns skatter eller, efter att du lagt en madrass i den, bli en extra sovplats f\u00f6r en of\u00f6rgl\u00f6mlig pyjamasfest.   **Viktiga f\u00f6rdelar:<br \/>\n **- tillverkad i enlighet med europeiska s\u00e4kerhetsstandarder<br \/>\n &#8211; trendig husformad ram med ryggst\u00f6d p\u00e5 tv\u00e5 sidor<br \/>\n &#8211; L\u00e5da med f\u00f6rst\u00e4rkt botten som kan anv\u00e4ndas f\u00f6r f\u00f6rvaring eller som extra s\u00e4ng<br \/>\n &#8211; L\u00e5da f\u00f6rsedd med hjul med gummiband, s\u00e4kra f\u00f6r ditt golv<br \/>\n &#8211; F\u00f6rsedd med skyddsbarri\u00e4rer som enkelt kan flyttas till baksidan av s\u00e4ngen<br \/>\n &#8211; Kan dekoreras med en inskription eller med barnets namn<\/p>\n<p> **Ytterligare information: **- den \u00f6vre s\u00e4ngen passar f\u00f6r en madrass: 90 cm x 200 cm &#8211;  Med en 8 cm h\u00f6g madrass kan l\u00e5dan med madrass och s\u00e4ngkl\u00e4der enkelt skjutas in under s\u00e4ngen &#8211; maximal belastning p\u00e5 s\u00e4ngen 120 kg &#8211; maximal belastning p\u00e5 l\u00e5dan 100 kg &#8211; avsedd f\u00f6r barn fr\u00e5n cirka 5\/6 \u00e5rs \u00e5lder **M\u00e5tt (cm):<br \/>\n **l\u00e4ngd: 206<br \/>\n bredd: 96<br \/>\n s\u00e4ngh\u00f6jd: 156<br \/>\n ramh\u00f6jd: 156 cm<\/p>\n<p> **Ytbehandling och tillverkningsdetaljer:**<br \/>\n &#8211; S\u00e4ngens stomme och l\u00e5da \u00e4r tillverkade av h\u00f6gkvalitativ laminerad skiva. &#8211; L\u00e5dans framsida \u00e4r tillverkad av MDF som \u00e4r lackerad med vit f\u00e4rg som \u00e4r s\u00e4ker f\u00f6r barn och certifierad enligt standarden EN71\/3. &#8211; Tipiformad ram och sidoskenor tillverkade av furu som \u00e4r lackerade med klar f\u00e4rg som \u00e4r s\u00e4ker f\u00f6r barn och certifierad enligt standarden EN71\/3. &#8211; Madrassst\u00f6dplattform tillverkad av bokplywood<br \/>\n &#8211; L\u00e5dan \u00e4r f\u00f6rsedd med hjul med gummiband<\/p>\n<p> **F\u00e4rger:<br \/>\n **- Sn\u00f6vit, neutral gr\u00e5, ljus furu, allt med matt yta **Bruksanvisning:<br \/>\n **M\u00f6blerna ska torkas av med en mjuk bomullsduk fuktad med vatten eller m\u00f6belpolish. **Ytterligare information:<br \/>\n **M\u00f6blerna levereras i l\u00e5dor f\u00f6r sj\u00e4lvmontering. L\u00e5dorna inneh\u00e5ller en detaljerad monteringsanvisning samt tillbeh\u00f6r (skruvar etc.).<\/p>\n","protected":false},"excerpt":{"rendered":"<p>En idealisk s\u00e4ng f\u00f6r \u00e4ldre barn. Tack vare sin form, inspirerad av indianernas t\u00e4lt, teepee, kommer varje ung man att k\u00e4nna sig som en uppt\u00e4cktsresande, modig krigare eller helt enkelt g\u00f6mma sig fr\u00e5n hela v\u00e4rlden. Formen \u00e4r universell och tidl\u00f6s nog att passa perfekt ihop med m\u00f6bler fr\u00e5n andra kollektioner. S\u00e4ngen med tr\u00e4tak kan arrangeras [&hellip;]<\/p>\n","protected":false},"featured_media":0,"comment_status":"open","ping_status":"closed","template":"","meta":[],"product_brand":[],"product_cat":[33],"product_tag":[],"class_list":{"0":"post-19694","1":"product","2":"type-product","3":"status-publish","5":"product_cat-okategoriserad","7":"first","8":"instock","9":"shipping-taxable","10":"purchasable","11":"product-type-simple"},"_links":{"self":[{"href":"https:\/\/nordicmart.andreevmaster.com\/sv\/wp-json\/wp\/v2\/product\/19694","targetHints":{"allow":["GET"]}}],"collection":[{"href":"https:\/\/nordicmart.andreevmaster.com\/sv\/wp-json\/wp\/v2\/product"}],"about":[{"href":"https:\/\/nordicmart.andreevmaster.com\/sv\/wp-json\/wp\/v2\/types\/product"}],"replies":[{"embeddable":true,"href":"https:\/\/nordicmart.andreevmaster.com\/sv\/wp-json\/wp\/v2\/comments?post=19694"}],"wp:attachment":[{"href":"https:\/\/nordicmart.andreevmaster.com\/sv\/wp-json\/wp\/v2\/media?parent=19694"}],"wp:term":[{"taxonomy":"product_brand","embeddable":true,"href":"https:\/\/nordicmart.andreevmaster.com\/sv\/wp-json\/wp\/v2\/product_brand?post=19694"},{"taxonomy":"product_cat","embeddable":true,"href":"https:\/\/nordicmart.andreevmaster.com\/sv\/wp-json\/wp\/v2\/product_cat?post=19694"},{"taxonomy":"product_tag","embeddable":true,"href":"https:\/\/nordicmart.andreevmaster.com\/sv\/wp-json\/wp\/v2\/product_tag?post=19694"}],"curies":[{"name":"wp","href":"https:\/\/api.w.org\/{rel}","templated":true}]}}