{"id":19691,"date":"2026-02-27T00:46:18","date_gmt":"2026-02-27T00:46:18","guid":{"rendered":"https:\/\/nordicmart.andreevmaster.com\/product\/songmics-home-tacke-200-x-200-cm-med-8-oglor-molnvit\/"},"modified":"2026-02-27T08:33:09","modified_gmt":"2026-02-27T08:33:09","slug":"songmics-home-tacke-200-x-200-cm-med-8-oglor-molnvit","status":"publish","type":"product","link":"https:\/\/nordicmart.andreevmaster.com\/sv\/produkt\/songmics-home-tacke-200-x-200-cm-med-8-oglor-molnvit\/","title":{"rendered":"SONGMICS HOME t\u00e4cke 200 x 200 cm med 8 \u00f6glor molnvit"},"content":{"rendered":"<p>SONGMICS HOME t\u00e4cke, 200 x 135 cm quiltat t\u00e4cke, quiltat t\u00e4cke med 8 \u00f6glor, 300 GSM t\u00e4cke, enkels\u00e4ngst\u00e4cke, med rutm\u00f6nster, molnvit TDC011W01<br \/>\nF\u00e4rg: Molnvit<br \/>\nMaterial: 110 g\/m\u00b2 mikrofiber, 7D polyesterfiber<br \/>\nStorlek: 200 x 100 cm (L x B)<br \/>\nVikt: 2,4 kg<\/p>\n","protected":false},"excerpt":{"rendered":"<p>SONGMICS HOME t\u00e4cke, 200 x 135 cm quiltat t\u00e4cke, quiltat t\u00e4cke med 8 \u00f6glor, 300 GSM t\u00e4cke, enkels\u00e4ngst\u00e4cke, med rutm\u00f6nster, molnvit TDC011W01<\/p>\n","protected":false},"featured_media":46547,"comment_status":"open","ping_status":"closed","template":"","meta":[],"product_brand":[],"product_cat":[33],"product_tag":[],"class_list":{"0":"post-19691","1":"product","2":"type-product","3":"status-publish","4":"has-post-thumbnail","6":"product_cat-okategoriserad","8":"first","9":"instock","10":"shipping-taxable","11":"purchasable","12":"product-type-simple"},"_links":{"self":[{"href":"https:\/\/nordicmart.andreevmaster.com\/sv\/wp-json\/wp\/v2\/product\/19691","targetHints":{"allow":["GET"]}}],"collection":[{"href":"https:\/\/nordicmart.andreevmaster.com\/sv\/wp-json\/wp\/v2\/product"}],"about":[{"href":"https:\/\/nordicmart.andreevmaster.com\/sv\/wp-json\/wp\/v2\/types\/product"}],"replies":[{"embeddable":true,"href":"https:\/\/nordicmart.andreevmaster.com\/sv\/wp-json\/wp\/v2\/comments?post=19691"}],"wp:featuredmedia":[{"embeddable":true,"href":"https:\/\/nordicmart.andreevmaster.com\/sv\/wp-json\/wp\/v2\/media\/46547"}],"wp:attachment":[{"href":"https:\/\/nordicmart.andreevmaster.com\/sv\/wp-json\/wp\/v2\/media?parent=19691"}],"wp:term":[{"taxonomy":"product_brand","embeddable":true,"href":"https:\/\/nordicmart.andreevmaster.com\/sv\/wp-json\/wp\/v2\/product_brand?post=19691"},{"taxonomy":"product_cat","embeddable":true,"href":"https:\/\/nordicmart.andreevmaster.com\/sv\/wp-json\/wp\/v2\/product_cat?post=19691"},{"taxonomy":"product_tag","embeddable":true,"href":"https:\/\/nordicmart.andreevmaster.com\/sv\/wp-json\/wp\/v2\/product_tag?post=19691"}],"curies":[{"name":"wp","href":"https:\/\/api.w.org\/{rel}","templated":true}]}}