{"id":19687,"date":"2026-02-27T00:46:17","date_gmt":"2026-02-27T00:46:17","guid":{"rendered":"https:\/\/nordicmart.andreevmaster.com\/product\/2-i-1-paslakanset-135-x-200-cm-paslakan-med-150-gsm-sommarpaslakan-och-350-gsm-vinterpaslakan-500-gsm-all-season-paslakan-4-arstider-molnvit\/"},"modified":"2026-02-27T08:33:08","modified_gmt":"2026-02-27T08:33:08","slug":"2-i-1-paslakanset-135-x-200-cm-paslakan-med-150-gsm-sommarpaslakan-och-350-gsm-vinterpaslakan-500-gsm-all-season-paslakan-4-arstider-molnvit","status":"publish","type":"product","link":"https:\/\/nordicmart.andreevmaster.com\/sv\/produkt\/2-i-1-paslakanset-135-x-200-cm-paslakan-med-150-gsm-sommarpaslakan-och-350-gsm-vinterpaslakan-500-gsm-all-season-paslakan-4-arstider-molnvit\/","title":{"rendered":"2-i-1-p\u00e5slakanset, 135 x 200 cm p\u00e5slakan med 150 GSM sommarp\u00e5slakan och 350 GSM vinterp\u00e5slakan, 500 GSM All Season-p\u00e5slakan, 4 \u00e5rstider, molnvit"},"content":{"rendered":"","protected":false},"excerpt":{"rendered":"","protected":false},"featured_media":0,"comment_status":"open","ping_status":"closed","template":"","meta":[],"product_brand":[],"product_cat":[33],"product_tag":[],"class_list":{"0":"post-19687","1":"product","2":"type-product","3":"status-publish","5":"product_cat-okategoriserad","7":"first","8":"instock","9":"shipping-taxable","10":"product-type-simple"},"_links":{"self":[{"href":"https:\/\/nordicmart.andreevmaster.com\/sv\/wp-json\/wp\/v2\/product\/19687","targetHints":{"allow":["GET"]}}],"collection":[{"href":"https:\/\/nordicmart.andreevmaster.com\/sv\/wp-json\/wp\/v2\/product"}],"about":[{"href":"https:\/\/nordicmart.andreevmaster.com\/sv\/wp-json\/wp\/v2\/types\/product"}],"replies":[{"embeddable":true,"href":"https:\/\/nordicmart.andreevmaster.com\/sv\/wp-json\/wp\/v2\/comments?post=19687"}],"wp:attachment":[{"href":"https:\/\/nordicmart.andreevmaster.com\/sv\/wp-json\/wp\/v2\/media?parent=19687"}],"wp:term":[{"taxonomy":"product_brand","embeddable":true,"href":"https:\/\/nordicmart.andreevmaster.com\/sv\/wp-json\/wp\/v2\/product_brand?post=19687"},{"taxonomy":"product_cat","embeddable":true,"href":"https:\/\/nordicmart.andreevmaster.com\/sv\/wp-json\/wp\/v2\/product_cat?post=19687"},{"taxonomy":"product_tag","embeddable":true,"href":"https:\/\/nordicmart.andreevmaster.com\/sv\/wp-json\/wp\/v2\/product_tag?post=19687"}],"curies":[{"name":"wp","href":"https:\/\/api.w.org\/{rel}","templated":true}]}}