{"id":19686,"date":"2026-02-27T00:46:16","date_gmt":"2026-02-27T00:46:16","guid":{"rendered":"https:\/\/nordicmart.andreevmaster.com\/product\/songmics-kudde-80-x-40-cm-maskintvattbar-molnvit\/"},"modified":"2026-02-27T08:33:07","modified_gmt":"2026-02-27T08:33:07","slug":"songmics-kudde-80-x-40-cm-maskintvattbar-molnvit","status":"publish","type":"product","link":"https:\/\/nordicmart.andreevmaster.com\/sv\/produkt\/songmics-kudde-80-x-40-cm-maskintvattbar-molnvit\/","title":{"rendered":"SONGMICS Kudde 80 x 40 cm maskintv\u00e4ttbar molnvit"},"content":{"rendered":"<p>SONGMICS HOME Kudde, standardstorlek, sovkudde, 80 x 40 cm, s\u00e4ngkudde f\u00f6r olika sovpositioner, medelh\u00e5rd kudde, maskintv\u00e4ttbar, molnvit TBP034W01<br \/>\nF\u00e4rg: molnvit<br \/>\nMaterial i \u00f6verdraget: 55 % viskosfiber, 45 % polyester<br \/>\nFyllningsmaterial: 100 % polyester<br \/>\nStorlek per kudde: 80 x 40 cm (L x B)<br \/>\nVikt per kudde: 0,8 kg<\/p>\n","protected":false},"excerpt":{"rendered":"<p>SONGMICS HOME Kudde, standardstorlek, sovkudde, 80 x 40 cm, s\u00e4ngkudde f\u00f6r olika sovpositioner, medelh\u00e5rd kudde, maskintv\u00e4ttbar, molnvit TBP034W01<\/p>\n","protected":false},"featured_media":46545,"comment_status":"open","ping_status":"closed","template":"","meta":[],"product_brand":[],"product_cat":[33],"product_tag":[],"class_list":{"0":"post-19686","1":"product","2":"type-product","3":"status-publish","4":"has-post-thumbnail","6":"product_cat-okategoriserad","8":"first","9":"instock","10":"shipping-taxable","11":"purchasable","12":"product-type-simple"},"_links":{"self":[{"href":"https:\/\/nordicmart.andreevmaster.com\/sv\/wp-json\/wp\/v2\/product\/19686","targetHints":{"allow":["GET"]}}],"collection":[{"href":"https:\/\/nordicmart.andreevmaster.com\/sv\/wp-json\/wp\/v2\/product"}],"about":[{"href":"https:\/\/nordicmart.andreevmaster.com\/sv\/wp-json\/wp\/v2\/types\/product"}],"replies":[{"embeddable":true,"href":"https:\/\/nordicmart.andreevmaster.com\/sv\/wp-json\/wp\/v2\/comments?post=19686"}],"wp:featuredmedia":[{"embeddable":true,"href":"https:\/\/nordicmart.andreevmaster.com\/sv\/wp-json\/wp\/v2\/media\/46545"}],"wp:attachment":[{"href":"https:\/\/nordicmart.andreevmaster.com\/sv\/wp-json\/wp\/v2\/media?parent=19686"}],"wp:term":[{"taxonomy":"product_brand","embeddable":true,"href":"https:\/\/nordicmart.andreevmaster.com\/sv\/wp-json\/wp\/v2\/product_brand?post=19686"},{"taxonomy":"product_cat","embeddable":true,"href":"https:\/\/nordicmart.andreevmaster.com\/sv\/wp-json\/wp\/v2\/product_cat?post=19686"},{"taxonomy":"product_tag","embeddable":true,"href":"https:\/\/nordicmart.andreevmaster.com\/sv\/wp-json\/wp\/v2\/product_tag?post=19686"}],"curies":[{"name":"wp","href":"https:\/\/api.w.org\/{rel}","templated":true}]}}