{"id":19683,"date":"2026-02-27T00:46:15","date_gmt":"2026-02-27T00:46:15","guid":{"rendered":"https:\/\/nordicmart.andreevmaster.com\/product\/2-kuddar-vandbara-80-x-80-cm-svalkande-mjukt-overdrag-1200-g-fyllning-vinter-sommar-maskintvattbar-torktumling-max-60-c-duvgra-duvgra\/"},"modified":"2026-02-27T08:33:07","modified_gmt":"2026-02-27T08:33:07","slug":"2-kuddar-vandbara-80-x-80-cm-svalkande-mjukt-overdrag-1200-g-fyllning-vinter-sommar-maskintvattbar-torktumling-max-60-c-duvgra-duvgra","status":"publish","type":"product","link":"https:\/\/nordicmart.andreevmaster.com\/sv\/produkt\/2-kuddar-vandbara-80-x-80-cm-svalkande-mjukt-overdrag-1200-g-fyllning-vinter-sommar-maskintvattbar-torktumling-max-60-c-duvgra-duvgra\/","title":{"rendered":"2 kuddar, v\u00e4ndbara 80 x 80 cm, svalkande mjukt \u00f6verdrag, 1200 g fyllning, vinter, sommar, maskintv\u00e4ttbar, torktumling max 60 \u00b0C, duvgr\u00e5, duvgr\u00e5"},"content":{"rendered":"","protected":false},"excerpt":{"rendered":"","protected":false},"featured_media":0,"comment_status":"open","ping_status":"closed","template":"","meta":[],"product_brand":[],"product_cat":[33],"product_tag":[],"class_list":{"0":"post-19683","1":"product","2":"type-product","3":"status-publish","5":"product_cat-okategoriserad","7":"first","8":"instock","9":"shipping-taxable","10":"product-type-simple"},"_links":{"self":[{"href":"https:\/\/nordicmart.andreevmaster.com\/sv\/wp-json\/wp\/v2\/product\/19683","targetHints":{"allow":["GET"]}}],"collection":[{"href":"https:\/\/nordicmart.andreevmaster.com\/sv\/wp-json\/wp\/v2\/product"}],"about":[{"href":"https:\/\/nordicmart.andreevmaster.com\/sv\/wp-json\/wp\/v2\/types\/product"}],"replies":[{"embeddable":true,"href":"https:\/\/nordicmart.andreevmaster.com\/sv\/wp-json\/wp\/v2\/comments?post=19683"}],"wp:attachment":[{"href":"https:\/\/nordicmart.andreevmaster.com\/sv\/wp-json\/wp\/v2\/media?parent=19683"}],"wp:term":[{"taxonomy":"product_brand","embeddable":true,"href":"https:\/\/nordicmart.andreevmaster.com\/sv\/wp-json\/wp\/v2\/product_brand?post=19683"},{"taxonomy":"product_cat","embeddable":true,"href":"https:\/\/nordicmart.andreevmaster.com\/sv\/wp-json\/wp\/v2\/product_cat?post=19683"},{"taxonomy":"product_tag","embeddable":true,"href":"https:\/\/nordicmart.andreevmaster.com\/sv\/wp-json\/wp\/v2\/product_tag?post=19683"}],"curies":[{"name":"wp","href":"https:\/\/api.w.org\/{rel}","templated":true}]}}