{"id":19681,"date":"2026-02-27T00:46:14","date_gmt":"2026-02-27T00:46:14","guid":{"rendered":"https:\/\/nordicmart.andreevmaster.com\/product\/kuddeset-2-vandbart-80-x-40-cm-svalkande-mjukt-overdrag-650-g-fyllning-vinter-sommar-maskintvattbar-torktumling-max-60-c-molnvit\/"},"modified":"2026-02-27T08:33:06","modified_gmt":"2026-02-27T08:33:06","slug":"kuddeset-2-vandbart-80-x-40-cm-svalkande-mjukt-overdrag-650-g-fyllning-vinter-sommar-maskintvattbar-torktumling-max-60-c-molnvit","status":"publish","type":"product","link":"https:\/\/nordicmart.andreevmaster.com\/sv\/produkt\/kuddeset-2-vandbart-80-x-40-cm-svalkande-mjukt-overdrag-650-g-fyllning-vinter-sommar-maskintvattbar-torktumling-max-60-c-molnvit\/","title":{"rendered":"Kuddeset 2, v\u00e4ndbart 80 x 40 cm, svalkande mjukt \u00f6verdrag, 650 g fyllning, vinter, sommar, maskintv\u00e4ttbar, torktumling max 60 \u00b0C, molnvit"},"content":{"rendered":"","protected":false},"excerpt":{"rendered":"","protected":false},"featured_media":0,"comment_status":"open","ping_status":"closed","template":"","meta":[],"product_brand":[],"product_cat":[33],"product_tag":[],"class_list":{"0":"post-19681","1":"product","2":"type-product","3":"status-publish","5":"product_cat-okategoriserad","7":"first","8":"instock","9":"shipping-taxable","10":"product-type-simple"},"_links":{"self":[{"href":"https:\/\/nordicmart.andreevmaster.com\/sv\/wp-json\/wp\/v2\/product\/19681","targetHints":{"allow":["GET"]}}],"collection":[{"href":"https:\/\/nordicmart.andreevmaster.com\/sv\/wp-json\/wp\/v2\/product"}],"about":[{"href":"https:\/\/nordicmart.andreevmaster.com\/sv\/wp-json\/wp\/v2\/types\/product"}],"replies":[{"embeddable":true,"href":"https:\/\/nordicmart.andreevmaster.com\/sv\/wp-json\/wp\/v2\/comments?post=19681"}],"wp:attachment":[{"href":"https:\/\/nordicmart.andreevmaster.com\/sv\/wp-json\/wp\/v2\/media?parent=19681"}],"wp:term":[{"taxonomy":"product_brand","embeddable":true,"href":"https:\/\/nordicmart.andreevmaster.com\/sv\/wp-json\/wp\/v2\/product_brand?post=19681"},{"taxonomy":"product_cat","embeddable":true,"href":"https:\/\/nordicmart.andreevmaster.com\/sv\/wp-json\/wp\/v2\/product_cat?post=19681"},{"taxonomy":"product_tag","embeddable":true,"href":"https:\/\/nordicmart.andreevmaster.com\/sv\/wp-json\/wp\/v2\/product_tag?post=19681"}],"curies":[{"name":"wp","href":"https:\/\/api.w.org\/{rel}","templated":true}]}}