{"id":19680,"date":"2026-02-27T00:46:14","date_gmt":"2026-02-27T00:46:14","guid":{"rendered":"https:\/\/nordicmart.andreevmaster.com\/product\/vandbar-kudde-80-x-40-cm-svalkande-mjukt-overdrag-650-g-fyllning-vinter-sommar-maskintvattbar-torktumling-60-c-molnvit\/"},"modified":"2026-02-27T08:33:06","modified_gmt":"2026-02-27T08:33:06","slug":"vandbar-kudde-80-x-40-cm-svalkande-mjukt-overdrag-650-g-fyllning-vinter-sommar-maskintvattbar-torktumling-60-c-molnvit","status":"publish","type":"product","link":"https:\/\/nordicmart.andreevmaster.com\/sv\/produkt\/vandbar-kudde-80-x-40-cm-svalkande-mjukt-overdrag-650-g-fyllning-vinter-sommar-maskintvattbar-torktumling-60-c-molnvit\/","title":{"rendered":"V\u00e4ndbar kudde 80 x 40 cm svalkande mjukt \u00f6verdrag 650 g fyllning vinter sommar maskintv\u00e4ttbar torktumling 60 \u00b0C molnvit"},"content":{"rendered":"<p>Tv\u00e5 sidor f\u00f6r komfort \u00e5ret runt: Sval tyg mot sommarv\u00e4rmen och mjuk polyester mot vinterkylan. Det ger komfort \u00e5ret runt n\u00e4r \u00e5rstiderna v\u00e4xlar. <\/p>\n<p>Sjunk ner i mjukheten: Denna kudde, fylld med h\u00f6gkvalitativa 650 g polyesterfibrer, omsluter dig med h\u00f6gsta mjukhet. Den \u00e4r luktfri och flexibel och l\u00e5ter dig glida mjukt in i dr\u00f6mmarnas v\u00e4rld varje natt. <\/p>\n<p>Mindre svett, b\u00e4ttre s\u00f6mn: kuddens \u00f6verdrag har ett innovativt, svettavvisande lager. Denna smarta design f\u00f6rhindrar klumpbildning, f\u00f6rl\u00e4nger livsl\u00e4ngden och s\u00e4kerst\u00e4ller att du kan sova lugnt. <\/p>\n<p>L\u00e5ngvarig elegans: V\u00e5r kudde med diamantstickning och kontrasterande, f\u00f6rst\u00e4rkt kant kombinerar stil och h\u00e5llbarhet. Noggrannhet och yrkesskicklighet s\u00e4kerst\u00e4ller att kudden inte drar tr\u00e5dar. <\/p>\n<p>L\u00e4ttsk\u00f6tt: denna s\u00e4ngkudde \u00e4r maskintv\u00e4ttbar och kan torkas i 60 \u00b0C. P\u00e5 s\u00e5 s\u00e4tt f\u00f6rblir den fr\u00e4sch och ren, beh\u00e5ller sin mjukhet och \u00e4r l\u00e4tt att sk\u00f6ta, vilket minskar stressen i vardagen!<\/p>\n<p>Produktinformation: Kudden \u00e4r fylld med mjukt och sk\u00f6nt material:<\/p>\n<p>F\u00e4rg: molnvit<br \/>\nMaterial: Vit, vit, vit, vit, vit, vit, vit, vit, vit, vit, vit: Polyamidblandning, 110 g\/m2 borstad polyesterduk, 3D polyesterfiber, 7D polyesterfiber.Storlek: 80 x 40 cm (l\u00e4ngd x bredd).<br \/>\nVikt: 0,9 kg<br \/>\nLeveransomfattning:<\/p>\n<p>1 x kudde<\/p>\n","protected":false},"excerpt":{"rendered":"<p>Tv\u00e5 sidor f\u00f6r komfort \u00e5ret runt: Sval tyg mot sommarv\u00e4rmen och mjuk polyester mot vinterkylan. Det ger komfort \u00e5ret runt n\u00e4r \u00e5rstiderna v\u00e4xlar. Sjunk ner i mjukheten: Denna kudde, fylld med h\u00f6gkvalitativa 650 g polyesterfibrer, omsluter dig med h\u00f6gsta mjukhet. Den \u00e4r luktfri och flexibel och l\u00e5ter dig glida mjukt in i dr\u00f6mmarnas v\u00e4rld varje [&hellip;]<\/p>\n","protected":false},"featured_media":0,"comment_status":"open","ping_status":"closed","template":"","meta":[],"product_brand":[],"product_cat":[33],"product_tag":[],"class_list":{"0":"post-19680","1":"product","2":"type-product","3":"status-publish","5":"product_cat-okategoriserad","7":"first","8":"instock","9":"shipping-taxable","10":"product-type-simple"},"_links":{"self":[{"href":"https:\/\/nordicmart.andreevmaster.com\/sv\/wp-json\/wp\/v2\/product\/19680","targetHints":{"allow":["GET"]}}],"collection":[{"href":"https:\/\/nordicmart.andreevmaster.com\/sv\/wp-json\/wp\/v2\/product"}],"about":[{"href":"https:\/\/nordicmart.andreevmaster.com\/sv\/wp-json\/wp\/v2\/types\/product"}],"replies":[{"embeddable":true,"href":"https:\/\/nordicmart.andreevmaster.com\/sv\/wp-json\/wp\/v2\/comments?post=19680"}],"wp:attachment":[{"href":"https:\/\/nordicmart.andreevmaster.com\/sv\/wp-json\/wp\/v2\/media?parent=19680"}],"wp:term":[{"taxonomy":"product_brand","embeddable":true,"href":"https:\/\/nordicmart.andreevmaster.com\/sv\/wp-json\/wp\/v2\/product_brand?post=19680"},{"taxonomy":"product_cat","embeddable":true,"href":"https:\/\/nordicmart.andreevmaster.com\/sv\/wp-json\/wp\/v2\/product_cat?post=19680"},{"taxonomy":"product_tag","embeddable":true,"href":"https:\/\/nordicmart.andreevmaster.com\/sv\/wp-json\/wp\/v2\/product_tag?post=19680"}],"curies":[{"name":"wp","href":"https:\/\/api.w.org\/{rel}","templated":true}]}}