{"id":19678,"date":"2026-02-27T00:46:14","date_gmt":"2026-02-27T00:46:14","guid":{"rendered":"https:\/\/nordicmart.andreevmaster.com\/product\/kudde-80-x-80-cm-fyllning-1500-g-mjukt-overdrag-av-borstad-polyester-kudde-maskintvattbar-i-60-c-med-forvaringspase-molnvit\/"},"modified":"2026-02-27T08:33:06","modified_gmt":"2026-02-27T08:33:06","slug":"kudde-80-x-80-cm-fyllning-1500-g-mjukt-overdrag-av-borstad-polyester-kudde-maskintvattbar-i-60-c-med-forvaringspase-molnvit","status":"publish","type":"product","link":"https:\/\/nordicmart.andreevmaster.com\/sv\/produkt\/kudde-80-x-80-cm-fyllning-1500-g-mjukt-overdrag-av-borstad-polyester-kudde-maskintvattbar-i-60-c-med-forvaringspase-molnvit\/","title":{"rendered":"Kudde, 80 x 80 cm, fyllning 1500 g, mjukt \u00f6verdrag av borstad polyester, kudde, maskintv\u00e4ttbar i 60 \u00b0C, med f\u00f6rvaringsp\u00e5se, molnvit"},"content":{"rendered":"<p>[Runsas t\u00e4yte] 65 % p\u00f6rr\u00f6ist\u00e4 3D-polyesterikuitua ja 35 % kiinte\u00e4\u00e4 7D-polyesterikuitua, suhde on valittu useiden testien j\u00e4lkeen. Yhden tyynyn t\u00e4ytt\u00f6: Joka aamu her\u00e4\u00e4t t\u00e4ynn\u00e4 energiaa.[Mjuk och bekv\u00e4m \u00f6verdrag] Kudden \u00e4r kl\u00e4dd med ett \u00f6verdrag av 110 GSM borstad polyester som \u00e4r behagligt att ta p\u00e5 och ger b\u00e4ttre s\u00f6mnkvalitet. Lite irriterande ljud fr\u00e5n tyget n\u00e4r du v\u00e4nder dig.[F\u00f6rvaringsp\u00e5se] Denna kudde p\u00e5 80 x 80 cm levereras med en p\u00e5se som \u00e4r praktisk f\u00f6r f\u00f6rvaring hemma och l\u00e4tt att ta med p\u00e5 resor eller utflykter.<\/p>\n<p>[H\u00f6gkvalitativ finish] Kudden har fina, estetiska dubbla s\u00f6mmar. S\u00f6mmarna \u00e4r t\u00e4ta och h\u00e5llbara. [MASKINTV\u00c4TT] Kudden kan tv\u00e4ttas och torkas i maskin vid 60 \u00b0C, vilket garanterar renlighet utan att kompromissa med komforten.<\/p>\n<p>Egenskaper:<\/p>\n<p>F\u00e4rg: Molnvit<br \/>\nMaterial: 3D-polyesterfiber, 7D-polyesterfiber.Kudde storlek: 74 x 48 cm (L x B) Kudde vikt: 0,85 kg Inneh\u00e5ll i f\u00f6rpackningen: 1 x kudde. 1 x f\u00f6rvaringsp\u00e5se.<\/p>\n","protected":false},"excerpt":{"rendered":"<p>[Runsas t\u00e4yte] 65 % p\u00f6rr\u00f6ist\u00e4 3D-polyesterikuitua ja 35 % kiinte\u00e4\u00e4 7D-polyesterikuitua, suhde on valittu useiden testien j\u00e4lkeen. Yhden tyynyn t\u00e4ytt\u00f6: Joka aamu her\u00e4\u00e4t t\u00e4ynn\u00e4 energiaa.[Mjuk och bekv\u00e4m \u00f6verdrag] Kudden \u00e4r kl\u00e4dd med ett \u00f6verdrag av 110 GSM borstad polyester som \u00e4r behagligt att ta p\u00e5 och ger b\u00e4ttre s\u00f6mnkvalitet. Lite irriterande ljud fr\u00e5n tyget n\u00e4r [&hellip;]<\/p>\n","protected":false},"featured_media":0,"comment_status":"open","ping_status":"closed","template":"","meta":[],"product_brand":[],"product_cat":[33],"product_tag":[],"class_list":{"0":"post-19678","1":"product","2":"type-product","3":"status-publish","5":"product_cat-okategoriserad","7":"first","8":"instock","9":"shipping-taxable","10":"product-type-simple"},"_links":{"self":[{"href":"https:\/\/nordicmart.andreevmaster.com\/sv\/wp-json\/wp\/v2\/product\/19678","targetHints":{"allow":["GET"]}}],"collection":[{"href":"https:\/\/nordicmart.andreevmaster.com\/sv\/wp-json\/wp\/v2\/product"}],"about":[{"href":"https:\/\/nordicmart.andreevmaster.com\/sv\/wp-json\/wp\/v2\/types\/product"}],"replies":[{"embeddable":true,"href":"https:\/\/nordicmart.andreevmaster.com\/sv\/wp-json\/wp\/v2\/comments?post=19678"}],"wp:attachment":[{"href":"https:\/\/nordicmart.andreevmaster.com\/sv\/wp-json\/wp\/v2\/media?parent=19678"}],"wp:term":[{"taxonomy":"product_brand","embeddable":true,"href":"https:\/\/nordicmart.andreevmaster.com\/sv\/wp-json\/wp\/v2\/product_brand?post=19678"},{"taxonomy":"product_cat","embeddable":true,"href":"https:\/\/nordicmart.andreevmaster.com\/sv\/wp-json\/wp\/v2\/product_cat?post=19678"},{"taxonomy":"product_tag","embeddable":true,"href":"https:\/\/nordicmart.andreevmaster.com\/sv\/wp-json\/wp\/v2\/product_tag?post=19678"}],"curies":[{"name":"wp","href":"https:\/\/api.w.org\/{rel}","templated":true}]}}