{"id":19677,"date":"2026-02-27T00:46:13","date_gmt":"2026-02-27T00:46:13","guid":{"rendered":"https:\/\/nordicmart.andreevmaster.com\/product\/kuddar-40-x-80-cm-2-st-800-g-fyllning-mjuk-borstad-polyestervav-kudde-maskintvattbar-60-forvaringspase-molnvit\/"},"modified":"2026-02-27T08:33:05","modified_gmt":"2026-02-27T08:33:05","slug":"kuddar-40-x-80-cm-2-st-800-g-fyllning-mjuk-borstad-polyestervav-kudde-maskintvattbar-60-forvaringspase-molnvit","status":"publish","type":"product","link":"https:\/\/nordicmart.andreevmaster.com\/sv\/produkt\/kuddar-40-x-80-cm-2-st-800-g-fyllning-mjuk-borstad-polyestervav-kudde-maskintvattbar-60-forvaringspase-molnvit\/","title":{"rendered":"Kuddar 40 x 80 cm, 2 st, 800 g fyllning, mjuk borstad polyesterv\u00e4v, kudde, maskintv\u00e4ttbar 60\u00b0, f\u00f6rvaringsp\u00e5se, molnvit"},"content":{"rendered":"<p>V\u00e4lfylld \u2013 65 % mjuk 3D-polyesterfiber, 35 % fast 7D-polyesterfiber och 800 g fyllningsvikt garanterar bekv\u00e4mt st\u00f6d och sk\u00f6na dr\u00f6mmar. Mjuk och bekv\u00e4m tygyta \u2013 Tillverkad av 110 g\/m\u00b2 borstad polyester, tygets yta \u00e4r mjuk, hudv\u00e4nlig och bidrar till b\u00e4ttre s\u00f6mnkvalitet. Tyget avger inga irriterande friktionsljud n\u00e4r du v\u00e4nder dig i s\u00f6mnen.<\/p>\n<p>F\u00d6RVARINGSP\u00c5SE \u2013 N\u00e4r du inte anv\u00e4nder kudden (40 x 80 cm) kan du f\u00f6rvara den i denna p\u00e5se. I denna p\u00e5se kan du ocks\u00e5 enkelt ta med den p\u00e5 l\u00e5nga resor eller utflykter. <\/p>\n<p>H\u00d6G KVALITET &#8211; Kudden har en fin och estetisk dubbel s\u00f6m i kanten. S\u00f6mmarna \u00e4r starka och h\u00e5llbara. <\/p>\n<p>MASKINTV\u00c4TTBAR &#8211; Kudden kan tv\u00e4ttas i maskin och torkas i 60 \u00b0C, vilket garanterar enkel sk\u00f6tsel utan att kompromissa med komforten. <\/p>\n<p>Produktinformation: Kudden \u00e4r utrustad och utformad s\u00e5 att den \u00e4r l\u00e4ttillg\u00e4nglig:<br \/>\n&#8211; F\u00e4rg: Molnvit.<br \/>\n&#8211; Material: 3D-polyesterfiber, 7D-polyesterfiber.<br \/>\n&#8211; Storlek: 80 x 40 cm (L x B).<\/p>\n<p>&#8211; Vikt: 0,85 kg<\/p>\n<p>Vad du f\u00e5r:<br \/>\n&#8211; 2 x kuddar.- 1 x f\u00f6rvaringsp\u00e5se.<\/p>\n","protected":false},"excerpt":{"rendered":"<p>V\u00e4lfylld \u2013 65 % mjuk 3D-polyesterfiber, 35 % fast 7D-polyesterfiber och 800 g fyllningsvikt garanterar bekv\u00e4mt st\u00f6d och sk\u00f6na dr\u00f6mmar. Mjuk och bekv\u00e4m tygyta \u2013 Tillverkad av 110 g\/m\u00b2 borstad polyester, tygets yta \u00e4r mjuk, hudv\u00e4nlig och bidrar till b\u00e4ttre s\u00f6mnkvalitet. Tyget avger inga irriterande friktionsljud n\u00e4r du v\u00e4nder dig i s\u00f6mnen. F\u00d6RVARINGSP\u00c5SE \u2013 N\u00e4r [&hellip;]<\/p>\n","protected":false},"featured_media":0,"comment_status":"open","ping_status":"closed","template":"","meta":[],"product_brand":[],"product_cat":[33],"product_tag":[],"class_list":{"0":"post-19677","1":"product","2":"type-product","3":"status-publish","5":"product_cat-okategoriserad","7":"first","8":"instock","9":"shipping-taxable","10":"product-type-simple"},"_links":{"self":[{"href":"https:\/\/nordicmart.andreevmaster.com\/sv\/wp-json\/wp\/v2\/product\/19677","targetHints":{"allow":["GET"]}}],"collection":[{"href":"https:\/\/nordicmart.andreevmaster.com\/sv\/wp-json\/wp\/v2\/product"}],"about":[{"href":"https:\/\/nordicmart.andreevmaster.com\/sv\/wp-json\/wp\/v2\/types\/product"}],"replies":[{"embeddable":true,"href":"https:\/\/nordicmart.andreevmaster.com\/sv\/wp-json\/wp\/v2\/comments?post=19677"}],"wp:attachment":[{"href":"https:\/\/nordicmart.andreevmaster.com\/sv\/wp-json\/wp\/v2\/media?parent=19677"}],"wp:term":[{"taxonomy":"product_brand","embeddable":true,"href":"https:\/\/nordicmart.andreevmaster.com\/sv\/wp-json\/wp\/v2\/product_brand?post=19677"},{"taxonomy":"product_cat","embeddable":true,"href":"https:\/\/nordicmart.andreevmaster.com\/sv\/wp-json\/wp\/v2\/product_cat?post=19677"},{"taxonomy":"product_tag","embeddable":true,"href":"https:\/\/nordicmart.andreevmaster.com\/sv\/wp-json\/wp\/v2\/product_tag?post=19677"}],"curies":[{"name":"wp","href":"https:\/\/api.w.org\/{rel}","templated":true}]}}