{"id":19676,"date":"2026-02-27T00:46:13","date_gmt":"2026-02-27T00:46:13","guid":{"rendered":"https:\/\/nordicmart.andreevmaster.com\/product\/kudde-40-x-80-cm-800-g-fyllning-mjuk-borstad-polyestertygsytan-kudde-maskintvattbar-i-60-c-forvaringspase-molnvit\/"},"modified":"2026-02-27T08:33:05","modified_gmt":"2026-02-27T08:33:05","slug":"kudde-40-x-80-cm-800-g-fyllning-mjuk-borstad-polyestertygsytan-kudde-maskintvattbar-i-60-c-forvaringspase-molnvit","status":"publish","type":"product","link":"https:\/\/nordicmart.andreevmaster.com\/sv\/produkt\/kudde-40-x-80-cm-800-g-fyllning-mjuk-borstad-polyestertygsytan-kudde-maskintvattbar-i-60-c-forvaringspase-molnvit\/","title":{"rendered":"Kudde 40 x 80 cm, 800 g fyllning, mjuk borstad polyestertygsytan, kudde, maskintv\u00e4ttbar i 60 \u00b0C, f\u00f6rvaringsp\u00e5se, molnvit."},"content":{"rendered":"<p>[V\u00e4lfylld] 65 % mjuk 3D-polyesterfiber, 35 % fast 7D-polyesterfiber och 800 g fyllningsvikt garanterar bekv\u00e4mt st\u00f6d och sk\u00f6na dr\u00f6mmar.[Mjuk och behaglig tygyta] Tillverkad av 110 GSM borstad polyester, tygets yta \u00e4r mjuk, hudv\u00e4nlig och bidrar till att f\u00f6rb\u00e4ttra s\u00f6mnkvaliteten. Tyget avger inget irriterande friktionsljud n\u00e4r du v\u00e4nder dig i s\u00f6mnen.[F\u00f6rvaringsp\u00e5se] N\u00e4r du inte anv\u00e4nder kudden (40 x 80 cm) kan du f\u00f6rvara den i denna p\u00e5se. I p\u00e5sen kan du ocks\u00e5 enkelt ta med dig kudden p\u00e5 l\u00e5nga resor eller utflykter.[H\u00f6gkvalitativt arbete] Kudden har en fin och estetisk dubbel s\u00f6m i kanten. S\u00f6mmarna \u00e4r starka och h\u00e5llbara \u00f6ver tid. <\/p>\n<p>[Maskintv\u00e4ttbar] Kudden kan tv\u00e4ttas i maskin och torkas i 60 \u00b0C, vilket garanterar enkel sk\u00f6tsel utan att kompromissa med komforten.<\/p>\n<p>Produktinformation: Kudden \u00e4r utrustad med och \u00e4r enkel att montera:<br \/>\n&#8211; F\u00e4rg: Vadderad kudde, f\u00e4rg mm: F\u00e4rg: Molnvit.- Material: 3D-polyesterfiber, 7D-polyesterfiber. &#8211; Storlek: 80 x 40 cm (L x B). &#8211; Vikt: 0,85 kg Vad du f\u00e5r: &#8211; 1 x kudde. &#8211; 1 x f\u00f6rvaringsp\u00e5se.<\/p>\n","protected":false},"excerpt":{"rendered":"<p>[V\u00e4lfylld] 65 % mjuk 3D-polyesterfiber, 35 % fast 7D-polyesterfiber och 800 g fyllningsvikt garanterar bekv\u00e4mt st\u00f6d och sk\u00f6na dr\u00f6mmar.[Mjuk och behaglig tygyta] Tillverkad av 110 GSM borstad polyester, tygets yta \u00e4r mjuk, hudv\u00e4nlig och bidrar till att f\u00f6rb\u00e4ttra s\u00f6mnkvaliteten. Tyget avger inget irriterande friktionsljud n\u00e4r du v\u00e4nder dig i s\u00f6mnen.[F\u00f6rvaringsp\u00e5se] N\u00e4r du inte anv\u00e4nder kudden [&hellip;]<\/p>\n","protected":false},"featured_media":0,"comment_status":"open","ping_status":"closed","template":"","meta":[],"product_brand":[],"product_cat":[33],"product_tag":[],"class_list":{"0":"post-19676","1":"product","2":"type-product","3":"status-publish","5":"product_cat-okategoriserad","7":"first","8":"instock","9":"shipping-taxable","10":"product-type-simple"},"_links":{"self":[{"href":"https:\/\/nordicmart.andreevmaster.com\/sv\/wp-json\/wp\/v2\/product\/19676","targetHints":{"allow":["GET"]}}],"collection":[{"href":"https:\/\/nordicmart.andreevmaster.com\/sv\/wp-json\/wp\/v2\/product"}],"about":[{"href":"https:\/\/nordicmart.andreevmaster.com\/sv\/wp-json\/wp\/v2\/types\/product"}],"replies":[{"embeddable":true,"href":"https:\/\/nordicmart.andreevmaster.com\/sv\/wp-json\/wp\/v2\/comments?post=19676"}],"wp:attachment":[{"href":"https:\/\/nordicmart.andreevmaster.com\/sv\/wp-json\/wp\/v2\/media?parent=19676"}],"wp:term":[{"taxonomy":"product_brand","embeddable":true,"href":"https:\/\/nordicmart.andreevmaster.com\/sv\/wp-json\/wp\/v2\/product_brand?post=19676"},{"taxonomy":"product_cat","embeddable":true,"href":"https:\/\/nordicmart.andreevmaster.com\/sv\/wp-json\/wp\/v2\/product_cat?post=19676"},{"taxonomy":"product_tag","embeddable":true,"href":"https:\/\/nordicmart.andreevmaster.com\/sv\/wp-json\/wp\/v2\/product_tag?post=19676"}],"curies":[{"name":"wp","href":"https:\/\/api.w.org\/{rel}","templated":true}]}}