{"id":19675,"date":"2026-02-27T00:46:13","date_gmt":"2026-02-27T00:46:13","guid":{"rendered":"https:\/\/nordicmart.andreevmaster.com\/product\/toteme-botanic-garderob\/"},"modified":"2026-02-27T08:33:05","modified_gmt":"2026-02-27T08:33:05","slug":"toteme-botanic-garderob","status":"publish","type":"product","link":"https:\/\/nordicmart.andreevmaster.com\/sv\/produkt\/toteme-botanic-garderob\/","title":{"rendered":"Toteme botanic garderob"},"content":{"rendered":"<p>En h\u00f6g och rymlig garderob med dubbla d\u00f6rrar och en dold l\u00e5da l\u00e4ngst ner \u00e4r ett m\u00e5ste i varje barnrum. Den hj\u00e4lper dig att h\u00e5lla ordning och f\u00f6rvara allt fr\u00e5n s\u00e4ngkl\u00e4der och kl\u00e4der till leksaker. Garderoben \u00e4r uppdelad i tre sektioner \u2013 p\u00e5 v\u00e4nster sida finns en justerbar hylla och tv\u00e5 h\u00e4ngare, p\u00e5 h\u00f6ger sida finns justerbara hyllor, medan den tredje sektionen best\u00e5r av en l\u00e5da med ett \u201dtryck f\u00f6r att \u00f6ppna\u201d-system. Den noggrant utformade interi\u00f6ren och de justerbara hyllorna och h\u00e4ngarna g\u00f6r att garderoben kan anpassas efter individuella behov. Dessutom kan du v\u00e4lja mellan olika d\u00f6rrfinishar: dekorerade med ett taktilt m\u00f6nster: geometriskt eller botaniskt.<br \/>\n **Huvudsakliga egenskaper:**<br \/>\n &#8211; en rymlig innerl\u00e5da<br \/>\n &#8211; sektion till h\u00f6ger utrustad med 5 hyllor, varav 4 \u00e4r justerbara; sektion till v\u00e4nster utrustad med 2 kl\u00e4dh\u00e4ngare och en justerbar hylla<br \/>\n &#8211; kan f\u00e4stas p\u00e5 v\u00e4ggen \u2013 rekommenderas<br \/>\n &#8211; uppfyller europeiska standarder och s\u00e4kerhetskrav<br \/>\n **M\u00e5tt (cm):<br \/>\n **h\u00f6jd: 200<br \/>\n djup: 50<br \/>\n bredd: 90 F\u00e4rger:<br \/>\n &#8211; vit, ek, alla i matt finish <\/p>\n<p> Material och finish:<br \/>\n &#8211; d\u00f6rrarna \u00e4r tillverkade av MDF-skiva i matt vit folie med h\u00f6gre motst\u00e5ndskraft mot repor, skador och fingeravtryck &#8211; sidor och inre komponenter \u00e4r tillverkade av h\u00f6gkvalitativ laminatskiva som \u00e4r motst\u00e5ndskraftig mot slitage och fukt, l\u00e4tt att reng\u00f6ra och underh\u00e5lla &#8211; benen \u00e4r tillverkade av ek<br \/>\n &#8211; l\u00e5dor och d\u00f6rrar \u00e4r utrustade med &#8221;push to open&#8221;-system &#8211; h\u00f6gkvalitativa Hafele-utdragsskenor &#8211; m\u00f6blerna kan f\u00e4stas p\u00e5 v\u00e4ggen &#8211; rekommenderas &#8211; folien som anv\u00e4nds i tillverkningsprocessen uppfyller kvalitetsstandarden ISO PN-EN ISO 90001:2015 samt milj\u00f6standarden ISO PN-EN ISO 14001:2015<br \/>\n **Underh\u00e5ll:<br \/>\n **Torka av med en mjuk bomullsduk fuktad med vatten eller ett m\u00f6belv\u00e5rdsmedel.<br \/>\n **<br \/>\n Ytterligare information:<br \/>\n **M\u00f6blerna levereras i platta paket f\u00f6r sj\u00e4lvmontering. Paketet inneh\u00e5ller monteringsanvisningar samt tillbeh\u00f6r (bultar etc.).<\/p>\n","protected":false},"excerpt":{"rendered":"<p>En h\u00f6g och rymlig garderob med dubbla d\u00f6rrar och en dold l\u00e5da l\u00e4ngst ner \u00e4r ett m\u00e5ste i varje barnrum. Den hj\u00e4lper dig att h\u00e5lla ordning och f\u00f6rvara allt fr\u00e5n s\u00e4ngkl\u00e4der och kl\u00e4der till leksaker. Garderoben \u00e4r uppdelad i tre sektioner \u2013 p\u00e5 v\u00e4nster sida finns en justerbar hylla och tv\u00e5 h\u00e4ngare, p\u00e5 h\u00f6ger sida [&hellip;]<\/p>\n","protected":false},"featured_media":0,"comment_status":"open","ping_status":"closed","template":"","meta":[],"product_brand":[],"product_cat":[33],"product_tag":[],"class_list":{"0":"post-19675","1":"product","2":"type-product","3":"status-publish","5":"product_cat-okategoriserad","7":"first","8":"instock","9":"shipping-taxable","10":"purchasable","11":"product-type-simple"},"_links":{"self":[{"href":"https:\/\/nordicmart.andreevmaster.com\/sv\/wp-json\/wp\/v2\/product\/19675","targetHints":{"allow":["GET"]}}],"collection":[{"href":"https:\/\/nordicmart.andreevmaster.com\/sv\/wp-json\/wp\/v2\/product"}],"about":[{"href":"https:\/\/nordicmart.andreevmaster.com\/sv\/wp-json\/wp\/v2\/types\/product"}],"replies":[{"embeddable":true,"href":"https:\/\/nordicmart.andreevmaster.com\/sv\/wp-json\/wp\/v2\/comments?post=19675"}],"wp:attachment":[{"href":"https:\/\/nordicmart.andreevmaster.com\/sv\/wp-json\/wp\/v2\/media?parent=19675"}],"wp:term":[{"taxonomy":"product_brand","embeddable":true,"href":"https:\/\/nordicmart.andreevmaster.com\/sv\/wp-json\/wp\/v2\/product_brand?post=19675"},{"taxonomy":"product_cat","embeddable":true,"href":"https:\/\/nordicmart.andreevmaster.com\/sv\/wp-json\/wp\/v2\/product_cat?post=19675"},{"taxonomy":"product_tag","embeddable":true,"href":"https:\/\/nordicmart.andreevmaster.com\/sv\/wp-json\/wp\/v2\/product_tag?post=19675"}],"curies":[{"name":"wp","href":"https:\/\/api.w.org\/{rel}","templated":true}]}}