{"id":19674,"date":"2026-02-27T00:46:12","date_gmt":"2026-02-27T00:46:12","guid":{"rendered":"https:\/\/nordicmart.andreevmaster.com\/product\/toteme-botanisk-bokhylla\/"},"modified":"2026-02-27T08:33:05","modified_gmt":"2026-02-27T08:33:05","slug":"toteme-botanisk-bokhylla","status":"publish","type":"product","link":"https:\/\/nordicmart.andreevmaster.com\/sv\/produkt\/toteme-botanisk-bokhylla\/","title":{"rendered":"Toteme botanisk bokhylla"},"content":{"rendered":"<p>En enkel, geometrisk bokhylla med en nedre l\u00e5da utrustad med \u201dpush to open\u201d-systemet g\u00f6r det enkelt att f\u00f6rvara och visa upp b\u00f6cker, l\u00e5dor, leksaker och andra skatter som \u00e4r oumb\u00e4rliga i ett barnrum. Passar perfekt ihop med andra m\u00f6bler i Toteme-serien. L\u00e5dans front kan dekoreras med ett taktilt geometriskt eller botaniskt m\u00f6nster.<br \/>\n **Huvudsakliga egenskaper:**<br \/>\n &#8211; en rymlig l\u00e5da utrustad med \u201dpush to open\u201d-systemet<br \/>\n &#8211; kan f\u00e4stas p\u00e5 v\u00e4ggen \u2013 rekommenderas<br \/>\n &#8211; uppfyller europeiska standarder och s\u00e4kerhetskrav **M\u00e5tt (cm):<br \/>\n **h\u00f6jd: 183<br \/>\n djup: 40<br \/>\n bredd: 90 F\u00e4rger:<br \/>\n &#8211; vit, ek, alla i matt finish<br \/>\n Material och finish:<br \/>\n &#8211; ovansidan, l\u00e5dfronten och sidorna \u00e4r tillverkade av MDF-skiva i matt vit folie med h\u00f6gre motst\u00e5ndskraft mot repor, skador och fingeravtryck &#8211; hyllorna och baksidan av l\u00e5dan \u00e4r tillverkade av h\u00f6gkvalitativ laminatskiva som \u00e4r motst\u00e5ndskraftig mot slitage och fukt, l\u00e4tt att reng\u00f6ra och underh\u00e5lla &#8211; benen \u00e4r tillverkade av ek<br \/>\n &#8211; l\u00e5dan \u00e4r utrustad med &#8221;push to open&#8221;-systemet &#8211; h\u00f6gkvalitativa Hafele-utdragsskenor &#8211; M\u00f6blerna kan f\u00e4stas p\u00e5 v\u00e4ggen \u2013 rekommenderas &#8211; Folien som anv\u00e4nds i tillverkningsprocessen uppfyller kvalitetsstandarden ISO PN-EN ISO 90001:2015 samt milj\u00f6standarden ISO PN-EN ISO 14001:2015.<br \/>\n **Underh\u00e5ll:<br \/>\n **Torka av med en mjuk bomullsduk fuktad med vatten eller ett m\u00f6belv\u00e5rdsmedel.**<br \/>\n Ytterligare information:<br \/>\n **M\u00f6blerna levereras i platta paket f\u00f6r sj\u00e4lvmontering. Paketet inneh\u00e5ller monteringsanvisningar samt tillbeh\u00f6r (bultar etc.).<\/p>\n","protected":false},"excerpt":{"rendered":"<p>En enkel, geometrisk bokhylla med en nedre l\u00e5da utrustad med \u201dpush to open\u201d-systemet g\u00f6r det enkelt att f\u00f6rvara och visa upp b\u00f6cker, l\u00e5dor, leksaker och andra skatter som \u00e4r oumb\u00e4rliga i ett barnrum. Passar perfekt ihop med andra m\u00f6bler i Toteme-serien. L\u00e5dans front kan dekoreras med ett taktilt geometriskt eller botaniskt m\u00f6nster. **Huvudsakliga egenskaper:** &#8211; [&hellip;]<\/p>\n","protected":false},"featured_media":0,"comment_status":"open","ping_status":"closed","template":"","meta":[],"product_brand":[],"product_cat":[33],"product_tag":[],"class_list":{"0":"post-19674","1":"product","2":"type-product","3":"status-publish","5":"product_cat-okategoriserad","7":"first","8":"instock","9":"shipping-taxable","10":"purchasable","11":"product-type-simple"},"_links":{"self":[{"href":"https:\/\/nordicmart.andreevmaster.com\/sv\/wp-json\/wp\/v2\/product\/19674","targetHints":{"allow":["GET"]}}],"collection":[{"href":"https:\/\/nordicmart.andreevmaster.com\/sv\/wp-json\/wp\/v2\/product"}],"about":[{"href":"https:\/\/nordicmart.andreevmaster.com\/sv\/wp-json\/wp\/v2\/types\/product"}],"replies":[{"embeddable":true,"href":"https:\/\/nordicmart.andreevmaster.com\/sv\/wp-json\/wp\/v2\/comments?post=19674"}],"wp:attachment":[{"href":"https:\/\/nordicmart.andreevmaster.com\/sv\/wp-json\/wp\/v2\/media?parent=19674"}],"wp:term":[{"taxonomy":"product_brand","embeddable":true,"href":"https:\/\/nordicmart.andreevmaster.com\/sv\/wp-json\/wp\/v2\/product_brand?post=19674"},{"taxonomy":"product_cat","embeddable":true,"href":"https:\/\/nordicmart.andreevmaster.com\/sv\/wp-json\/wp\/v2\/product_cat?post=19674"},{"taxonomy":"product_tag","embeddable":true,"href":"https:\/\/nordicmart.andreevmaster.com\/sv\/wp-json\/wp\/v2\/product_tag?post=19674"}],"curies":[{"name":"wp","href":"https:\/\/api.w.org\/{rel}","templated":true}]}}