{"id":19673,"date":"2026-02-27T00:46:12","date_gmt":"2026-02-27T00:46:12","guid":{"rendered":"https:\/\/nordicmart.andreevmaster.com\/product\/toteme-nomi-skotbord\/"},"modified":"2026-02-27T08:33:04","modified_gmt":"2026-02-27T08:33:04","slug":"toteme-nomi-skotbord","status":"publish","type":"product","link":"https:\/\/nordicmart.andreevmaster.com\/sv\/produkt\/toteme-nomi-skotbord\/","title":{"rendered":"Toteme\/ Nomi sk\u00f6tbord"},"content":{"rendered":"<p>Ett sk\u00f6tbord \u00e4r ett m\u00e5ste i varje barnrum. Det skapar en s\u00e4ker och bekv\u00e4m plats f\u00f6r daglig omv\u00e5rdnad och sk\u00f6tning. Toteme-sk\u00f6tbordet monteras ovanp\u00e5 en byr\u00e5, i mitten, med l\u00e4ttillg\u00e4ngligt utrymme p\u00e5 b\u00e5da sidor f\u00f6r alla tillbeh\u00f6r du beh\u00f6ver. Storleken p\u00e5 v\u00e5rt sk\u00f6tbord har valts noggrant f\u00f6r att garantera maximal s\u00e4kerhet f\u00f6r ditt barn. Det icke-invasiva monteringssystemet l\u00e4mnar byr\u00e5n intakt n\u00e4r du best\u00e4mmer dig f\u00f6r att ta bort sk\u00f6tbordet och forts\u00e4tta anv\u00e4nda byr\u00e5n som f\u00f6rvaring.                               **Huvudsakliga egenskaper:** &#8211; uppfyller europeiska standarder och s\u00e4kerhetskrav &#8211; mittmonterat ovanp\u00e5 byr\u00e5n   Material och ytbehandling: &#8211; laminerad skiva i matt vitt <\/p>\n<p> M\u00e5tt (cm): l\u00e4ngd: 75,9<br \/>\n bredd: 60,2<br \/>\n h\u00f6jd: 9,6<br \/>\n **Ytterligare information:<br \/>\n **- sk\u00f6tbordet \u00e4r kompatibelt med tyginsatser\/sk\u00f6tunderl\u00e4gg upp till m\u00e5tten cm x 75 cm<br \/>\n &#8211; maximal belastning: barn upp till 15 kg **<br \/>\n ****F\u00e4rger:<br \/>\n **- vit i matt finish<\/p>\n","protected":false},"excerpt":{"rendered":"<p>Ett sk\u00f6tbord \u00e4r ett m\u00e5ste i varje barnrum. Det skapar en s\u00e4ker och bekv\u00e4m plats f\u00f6r daglig omv\u00e5rdnad och sk\u00f6tning. Toteme-sk\u00f6tbordet monteras ovanp\u00e5 en byr\u00e5, i mitten, med l\u00e4ttillg\u00e4ngligt utrymme p\u00e5 b\u00e5da sidor f\u00f6r alla tillbeh\u00f6r du beh\u00f6ver. Storleken p\u00e5 v\u00e5rt sk\u00f6tbord har valts noggrant f\u00f6r att garantera maximal s\u00e4kerhet f\u00f6r ditt barn. Det icke-invasiva [&hellip;]<\/p>\n","protected":false},"featured_media":0,"comment_status":"open","ping_status":"closed","template":"","meta":[],"product_brand":[],"product_cat":[33],"product_tag":[],"class_list":{"0":"post-19673","1":"product","2":"type-product","3":"status-publish","5":"product_cat-okategoriserad","7":"first","8":"instock","9":"shipping-taxable","10":"purchasable","11":"product-type-simple"},"_links":{"self":[{"href":"https:\/\/nordicmart.andreevmaster.com\/sv\/wp-json\/wp\/v2\/product\/19673","targetHints":{"allow":["GET"]}}],"collection":[{"href":"https:\/\/nordicmart.andreevmaster.com\/sv\/wp-json\/wp\/v2\/product"}],"about":[{"href":"https:\/\/nordicmart.andreevmaster.com\/sv\/wp-json\/wp\/v2\/types\/product"}],"replies":[{"embeddable":true,"href":"https:\/\/nordicmart.andreevmaster.com\/sv\/wp-json\/wp\/v2\/comments?post=19673"}],"wp:attachment":[{"href":"https:\/\/nordicmart.andreevmaster.com\/sv\/wp-json\/wp\/v2\/media?parent=19673"}],"wp:term":[{"taxonomy":"product_brand","embeddable":true,"href":"https:\/\/nordicmart.andreevmaster.com\/sv\/wp-json\/wp\/v2\/product_brand?post=19673"},{"taxonomy":"product_cat","embeddable":true,"href":"https:\/\/nordicmart.andreevmaster.com\/sv\/wp-json\/wp\/v2\/product_cat?post=19673"},{"taxonomy":"product_tag","embeddable":true,"href":"https:\/\/nordicmart.andreevmaster.com\/sv\/wp-json\/wp\/v2\/product_tag?post=19673"}],"curies":[{"name":"wp","href":"https:\/\/api.w.org\/{rel}","templated":true}]}}