{"id":19672,"date":"2026-02-27T00:46:11","date_gmt":"2026-02-27T00:46:11","guid":{"rendered":"https:\/\/nordicmart.andreevmaster.com\/product\/toteme-botanic-spjalsang-sang-70x140\/"},"modified":"2026-02-27T08:33:04","modified_gmt":"2026-02-27T08:33:04","slug":"toteme-botanic-spjalsang-sang-70x140","status":"publish","type":"product","link":"https:\/\/nordicmart.andreevmaster.com\/sv\/produkt\/toteme-botanic-spjalsang-sang-70x140\/","title":{"rendered":"Toteme botanic spj\u00e4ls\u00e4ng\/s\u00e4ng 70&#215;140"},"content":{"rendered":"<p>En bekv\u00e4m och s\u00e4ker s\u00e4ng, d\u00e4r ditt barn kan vila, leka och dr\u00f6mma, \u00e4r ett centralt inslag i varje barnrum. Toteme-s\u00e4ngarna uppfyller strikta s\u00e4kerhetskrav, vilket g\u00f6r dem till en trygg plats f\u00f6r alla barn. Tack vare den justerbara s\u00e4ngbotten med tre h\u00f6jdl\u00e4gen och tv\u00e5 avtagbara spj\u00e4lor p\u00e5 ena sidan v\u00e4xer spj\u00e4ls\u00e4ngen med ditt barn och anpassar sig efter dess utveckling, fr\u00e5n nyf\u00f6dd (h\u00f6gsta madrassl\u00e4get), n\u00e4r barnet l\u00e4r sig att sitta (mellanl\u00e4get), till n\u00e4r det b\u00f6rjar g\u00e5 och utforska v\u00e4rlden (l\u00e4gsta madrassl\u00e4get, borttagna spj\u00e4lor). Spj\u00e4ls\u00e4ngen kan enkelt omvandlas till en dagb\u00e4dd genom att ta bort en av sidosidorna.   **Huvudsakliga egenskaper:<br \/>\n **- uppfyller europeiska standarder och s\u00e4kerhetskrav**<br \/>\n **- **tv\u00e5 avtagbara sidosidor** p\u00e5 ena sidan av spj\u00e4ls\u00e4ngen g\u00f6r att ditt barn kan kliva i och ur s\u00e4ngen fritt &#8211; **S\u00e4ngbotten som kan justeras i tre h\u00f6jdl\u00e4gen** g\u00f6r att s\u00e4ngen kan anpassas efter barnets utveckling (27,1 cm\/44,7 cm\/57,5 cm fr\u00e5n golvet)**<br \/>\n ****- Kan omvandlas till en dagb\u00e4dd** genom att ta bort en av sidorna<br \/>\n  Material och ytbehandling:<br \/>\n &#8211; Huvudgavel och paneler under ramen \u00e4r tillverkade av MDF-skiva i matt vit folie med h\u00f6gre motst\u00e5ndskraft mot repor, skador och fingeravtryck. &#8211; Benen \u00e4r tillverkade av ek. &#8211; St\u00e4ngerna \u00e4r tillverkade av lackerad bokskiva i vitt, barns\u00e4ker och certifierad enligt standarden EN71\/3. &#8211; F\u00e4rgerna som anv\u00e4nds i dessa m\u00f6bler \u00e4r barns\u00e4kra, certifierade enligt standarden EN71\/3 och allergifria. &#8211; Folien som anv\u00e4nds i tillverkningsprocessen uppfyller kvalitetsstandarden ISO PN-EN ISO 90001:2015 samt milj\u00f6standarden ISO PN-EN ISO 14001:2015.   **M\u00e5tt (cm):<br \/>\n **h\u00f6jd: 89,7<br \/>\n djup: 143,7<br \/>\n bredd: 74,2 **F\u00e4rger:<br \/>\n **- vit, ek, alla i matt finish <\/p>\n<p> **Sk\u00f6tsel:<br \/>\n **Torka av med en mjuk bomullsduk fuktad med vatten eller ett m\u00f6belv\u00e5rdsmedel.<br \/>\n **<br \/>\n Ytterligare information:<br \/>\n **M\u00f6blerna levereras i platta paket f\u00f6r sj\u00e4lvmontering. Paketet inneh\u00e5ller monteringsanvisningar samt tillbeh\u00f6r (bultar etc.).<\/p>\n","protected":false},"excerpt":{"rendered":"<p>En bekv\u00e4m och s\u00e4ker s\u00e4ng, d\u00e4r ditt barn kan vila, leka och dr\u00f6mma, \u00e4r ett centralt inslag i varje barnrum. Toteme-s\u00e4ngarna uppfyller strikta s\u00e4kerhetskrav, vilket g\u00f6r dem till en trygg plats f\u00f6r alla barn. Tack vare den justerbara s\u00e4ngbotten med tre h\u00f6jdl\u00e4gen och tv\u00e5 avtagbara spj\u00e4lor p\u00e5 ena sidan v\u00e4xer spj\u00e4ls\u00e4ngen med ditt barn och [&hellip;]<\/p>\n","protected":false},"featured_media":0,"comment_status":"open","ping_status":"closed","template":"","meta":[],"product_brand":[],"product_cat":[33],"product_tag":[],"class_list":{"0":"post-19672","1":"product","2":"type-product","3":"status-publish","5":"product_cat-okategoriserad","7":"first","8":"instock","9":"shipping-taxable","10":"purchasable","11":"product-type-simple"},"_links":{"self":[{"href":"https:\/\/nordicmart.andreevmaster.com\/sv\/wp-json\/wp\/v2\/product\/19672","targetHints":{"allow":["GET"]}}],"collection":[{"href":"https:\/\/nordicmart.andreevmaster.com\/sv\/wp-json\/wp\/v2\/product"}],"about":[{"href":"https:\/\/nordicmart.andreevmaster.com\/sv\/wp-json\/wp\/v2\/types\/product"}],"replies":[{"embeddable":true,"href":"https:\/\/nordicmart.andreevmaster.com\/sv\/wp-json\/wp\/v2\/comments?post=19672"}],"wp:attachment":[{"href":"https:\/\/nordicmart.andreevmaster.com\/sv\/wp-json\/wp\/v2\/media?parent=19672"}],"wp:term":[{"taxonomy":"product_brand","embeddable":true,"href":"https:\/\/nordicmart.andreevmaster.com\/sv\/wp-json\/wp\/v2\/product_brand?post=19672"},{"taxonomy":"product_cat","embeddable":true,"href":"https:\/\/nordicmart.andreevmaster.com\/sv\/wp-json\/wp\/v2\/product_cat?post=19672"},{"taxonomy":"product_tag","embeddable":true,"href":"https:\/\/nordicmart.andreevmaster.com\/sv\/wp-json\/wp\/v2\/product_tag?post=19672"}],"curies":[{"name":"wp","href":"https:\/\/api.w.org\/{rel}","templated":true}]}}