{"id":19671,"date":"2026-02-27T00:46:11","date_gmt":"2026-02-27T00:46:11","guid":{"rendered":"https:\/\/nordicmart.andreevmaster.com\/product\/toteme-botanic-byra-med-3-lador\/"},"modified":"2026-02-27T08:33:04","modified_gmt":"2026-02-27T08:33:04","slug":"toteme-botanic-byra-med-3-lador","status":"publish","type":"product","link":"https:\/\/nordicmart.andreevmaster.com\/sv\/produkt\/toteme-botanic-byra-med-3-lador\/","title":{"rendered":"Toteme botanic byr\u00e5 med 3 l\u00e5dor"},"content":{"rendered":"<p>Denna byr\u00e5 \u00e4r oumb\u00e4rlig i ett barnrum och f\u00f6rvandlas till en perfekt sk\u00f6tstation med ett sk\u00f6tbord monterat p\u00e5 toppen (centrerat). I de rymliga l\u00e5dorna f\u00e5r du plats med alla n\u00f6dv\u00e4ndiga tillbeh\u00f6r, kl\u00e4der, leksaker och andra barns skatter. L\u00e5dorna finns i olika utf\u00f6randen: dekorerade med ett av tv\u00e5 m\u00f6nster: geometriskt eller botaniskt. **Huvudsakliga egenskaper:<br \/>\n **- tre rymliga l\u00e5dor<br \/>\n &#8211; kan kombineras med ett sk\u00f6tbord<br \/>\n &#8211; kan f\u00e4stas p\u00e5 v\u00e4ggen &#8211; rekommenderas<br \/>\n &#8211; uppfyller europeiska standarder och s\u00e4kerhetskrav<br \/>\n **<br \/>\n M\u00e5tt (cm):<br \/>\n **h\u00f6jd: 91<br \/>\n djup: 50<br \/>\n bredd: 90<br \/>\n  F\u00e4rger:<br \/>\n &#8211; vit, ek, alla i matt finish <\/p>\n<p> Material och finish:<br \/>\n &#8211; topp, l\u00e5dfronter och sidor \u00e4r tillverkade av MDF-skiva i matt vit folie med h\u00f6gre motst\u00e5ndskraft mot repor, skador och fingeravtryck &#8211; ramen \u00e4r tillverkad av h\u00f6gkvalitativ laminatskiva som \u00e4r motst\u00e5ndskraftig mot slitage och fukt, l\u00e4tt att reng\u00f6ra och underh\u00e5lla &#8211; benen \u00e4r tillverkade av ek<br \/>\n &#8211; l\u00e5dor och d\u00f6rrar \u00e4r utrustade med &#8221;push to open&#8221;-systemet &#8211; h\u00f6gkvalitativa Hafele-utdragsskenor &#8211; M\u00f6blerna kan f\u00e4stas p\u00e5 v\u00e4ggen \u2013 rekommenderas &#8211; Folien som anv\u00e4nds i tillverkningsprocessen uppfyller kvalitetsstandarden ISO PN-EN ISO 90001:2015 samt milj\u00f6standarden ISO PN-EN ISO 14001:2015<br \/>\n **Underh\u00e5ll:<br \/>\n **Torka av med en mjuk bomullsduk fuktad med vatten eller ett m\u00f6belv\u00e5rdsmedel.**<br \/>\n Ytterligare information:<br \/>\n **M\u00f6blerna levereras i platta paket f\u00f6r sj\u00e4lvmontering. Paketet inneh\u00e5ller monteringsanvisningar samt tillbeh\u00f6r (bultar etc.).<\/p>\n","protected":false},"excerpt":{"rendered":"<p>Denna byr\u00e5 \u00e4r oumb\u00e4rlig i ett barnrum och f\u00f6rvandlas till en perfekt sk\u00f6tstation med ett sk\u00f6tbord monterat p\u00e5 toppen (centrerat). I de rymliga l\u00e5dorna f\u00e5r du plats med alla n\u00f6dv\u00e4ndiga tillbeh\u00f6r, kl\u00e4der, leksaker och andra barns skatter. L\u00e5dorna finns i olika utf\u00f6randen: dekorerade med ett av tv\u00e5 m\u00f6nster: geometriskt eller botaniskt. **Huvudsakliga egenskaper: **- tre [&hellip;]<\/p>\n","protected":false},"featured_media":0,"comment_status":"open","ping_status":"closed","template":"","meta":[],"product_brand":[],"product_cat":[33],"product_tag":[],"class_list":{"0":"post-19671","1":"product","2":"type-product","3":"status-publish","5":"product_cat-okategoriserad","7":"first","8":"instock","9":"shipping-taxable","10":"purchasable","11":"product-type-simple"},"_links":{"self":[{"href":"https:\/\/nordicmart.andreevmaster.com\/sv\/wp-json\/wp\/v2\/product\/19671","targetHints":{"allow":["GET"]}}],"collection":[{"href":"https:\/\/nordicmart.andreevmaster.com\/sv\/wp-json\/wp\/v2\/product"}],"about":[{"href":"https:\/\/nordicmart.andreevmaster.com\/sv\/wp-json\/wp\/v2\/types\/product"}],"replies":[{"embeddable":true,"href":"https:\/\/nordicmart.andreevmaster.com\/sv\/wp-json\/wp\/v2\/comments?post=19671"}],"wp:attachment":[{"href":"https:\/\/nordicmart.andreevmaster.com\/sv\/wp-json\/wp\/v2\/media?parent=19671"}],"wp:term":[{"taxonomy":"product_brand","embeddable":true,"href":"https:\/\/nordicmart.andreevmaster.com\/sv\/wp-json\/wp\/v2\/product_brand?post=19671"},{"taxonomy":"product_cat","embeddable":true,"href":"https:\/\/nordicmart.andreevmaster.com\/sv\/wp-json\/wp\/v2\/product_cat?post=19671"},{"taxonomy":"product_tag","embeddable":true,"href":"https:\/\/nordicmart.andreevmaster.com\/sv\/wp-json\/wp\/v2\/product_tag?post=19671"}],"curies":[{"name":"wp","href":"https:\/\/api.w.org\/{rel}","templated":true}]}}