{"id":19660,"date":"2026-02-27T00:46:01","date_gmt":"2026-02-27T00:46:01","guid":{"rendered":"https:\/\/nordicmart.andreevmaster.com\/product\/songmics-home-matta-80-x-150-cm-i-jute-look-kamelbrun\/"},"modified":"2026-02-27T08:33:01","modified_gmt":"2026-02-27T08:33:01","slug":"songmics-home-matta-80-x-150-cm-i-jute-look-kamelbrun","status":"publish","type":"product","link":"https:\/\/nordicmart.andreevmaster.com\/sv\/produkt\/songmics-home-matta-80-x-150-cm-i-jute-look-kamelbrun\/","title":{"rendered":"SONGMICS HOME Matta 80 x 150 cm i jute-look kamelbrun"},"content":{"rendered":"<p>SONGMICS HOME matta, 80 x 200 cm, vardagsrumsmatta, halkfri matta, jute-look, dekoration, f\u00f6r hall, k\u00f6k, sovrum, matsal, maskintv\u00e4ttbar, kamelbrun TAR096K01<br \/>\nF\u00e4rg: Kamelbrun<br \/>\nMaterial: 580 g\/m\u00b2 polyester, 200 g\/m\u00b2 filt, 650 g\/m\u00b2 TPR (termoplastisk gummi)<br \/>\nStorlek:<br \/>\nL\u00e4ngd: 150 cm<br \/>\nBredd: 80 cm<br \/>\nVikt: 1,7 kg<\/p>\n","protected":false},"excerpt":{"rendered":"<p>SONGMICS HOME matta, 80 x 200 cm, vardagsrumsmatta, halkfri matta, jute-look, dekoration, f\u00f6r hall, k\u00f6k, sovrum, matsal, maskintv\u00e4ttbar, kamelbrun TAR096K01<\/p>\n","protected":false},"featured_media":46536,"comment_status":"open","ping_status":"closed","template":"","meta":[],"product_brand":[],"product_cat":[33],"product_tag":[],"class_list":{"0":"post-19660","1":"product","2":"type-product","3":"status-publish","4":"has-post-thumbnail","6":"product_cat-okategoriserad","8":"first","9":"instock","10":"shipping-taxable","11":"purchasable","12":"product-type-simple"},"_links":{"self":[{"href":"https:\/\/nordicmart.andreevmaster.com\/sv\/wp-json\/wp\/v2\/product\/19660","targetHints":{"allow":["GET"]}}],"collection":[{"href":"https:\/\/nordicmart.andreevmaster.com\/sv\/wp-json\/wp\/v2\/product"}],"about":[{"href":"https:\/\/nordicmart.andreevmaster.com\/sv\/wp-json\/wp\/v2\/types\/product"}],"replies":[{"embeddable":true,"href":"https:\/\/nordicmart.andreevmaster.com\/sv\/wp-json\/wp\/v2\/comments?post=19660"}],"wp:featuredmedia":[{"embeddable":true,"href":"https:\/\/nordicmart.andreevmaster.com\/sv\/wp-json\/wp\/v2\/media\/46536"}],"wp:attachment":[{"href":"https:\/\/nordicmart.andreevmaster.com\/sv\/wp-json\/wp\/v2\/media?parent=19660"}],"wp:term":[{"taxonomy":"product_brand","embeddable":true,"href":"https:\/\/nordicmart.andreevmaster.com\/sv\/wp-json\/wp\/v2\/product_brand?post=19660"},{"taxonomy":"product_cat","embeddable":true,"href":"https:\/\/nordicmart.andreevmaster.com\/sv\/wp-json\/wp\/v2\/product_cat?post=19660"},{"taxonomy":"product_tag","embeddable":true,"href":"https:\/\/nordicmart.andreevmaster.com\/sv\/wp-json\/wp\/v2\/product_tag?post=19660"}],"curies":[{"name":"wp","href":"https:\/\/api.w.org\/{rel}","templated":true}]}}