{"id":19659,"date":"2026-02-27T00:46:01","date_gmt":"2026-02-27T00:46:01","guid":{"rendered":"https:\/\/nordicmart.andreevmaster.com\/product\/songmics-home-mattor-80-x-200-cm-i-jute-look-kamelbrun\/"},"modified":"2026-02-27T08:33:01","modified_gmt":"2026-02-27T08:33:01","slug":"songmics-home-mattor-80-x-200-cm-i-jute-look-kamelbrun","status":"publish","type":"product","link":"https:\/\/nordicmart.andreevmaster.com\/sv\/produkt\/songmics-home-mattor-80-x-200-cm-i-jute-look-kamelbrun\/","title":{"rendered":"SONGMICS HOME Mattor 80 x 200 cm i jute-look kamelbrun"},"content":{"rendered":"<p>SONGMICS HOME matta, 80 x 200 cm, vardagsrumsmatta, halkfri matta, jute-look, dekoration, f\u00f6r hall, k\u00f6k, sovrum, matsal, maskintv\u00e4ttbar, kamelbrun TAR096K01<br \/>\nF\u00e4rg: kamelbrun<br \/>\nMaterial: 580 g\/m\u00b2 polyester, 200 g\/m\u00b2 filt, 650 g\/m\u00b2 TPR (termoplastisk gummi)<br \/>\nStorlek:<br \/>\nL\u00e4ngd: 200 cm<br \/>\nBredd: 80 cm<br \/>\nVikt: 2,2 kg<\/p>\n","protected":false},"excerpt":{"rendered":"<p>SONGMICS HOME matta, 80 x 200 cm, vardagsrumsmatta, halkfri matta, jute-look, dekoration, f\u00f6r hall, k\u00f6k, sovrum, matsal, maskintv\u00e4ttbar, kamelbrun TAR096K01<\/p>\n","protected":false},"featured_media":46535,"comment_status":"open","ping_status":"closed","template":"","meta":[],"product_brand":[],"product_cat":[33],"product_tag":[],"class_list":{"0":"post-19659","1":"product","2":"type-product","3":"status-publish","4":"has-post-thumbnail","6":"product_cat-okategoriserad","8":"first","9":"instock","10":"shipping-taxable","11":"purchasable","12":"product-type-simple"},"_links":{"self":[{"href":"https:\/\/nordicmart.andreevmaster.com\/sv\/wp-json\/wp\/v2\/product\/19659","targetHints":{"allow":["GET"]}}],"collection":[{"href":"https:\/\/nordicmart.andreevmaster.com\/sv\/wp-json\/wp\/v2\/product"}],"about":[{"href":"https:\/\/nordicmart.andreevmaster.com\/sv\/wp-json\/wp\/v2\/types\/product"}],"replies":[{"embeddable":true,"href":"https:\/\/nordicmart.andreevmaster.com\/sv\/wp-json\/wp\/v2\/comments?post=19659"}],"wp:featuredmedia":[{"embeddable":true,"href":"https:\/\/nordicmart.andreevmaster.com\/sv\/wp-json\/wp\/v2\/media\/46535"}],"wp:attachment":[{"href":"https:\/\/nordicmart.andreevmaster.com\/sv\/wp-json\/wp\/v2\/media?parent=19659"}],"wp:term":[{"taxonomy":"product_brand","embeddable":true,"href":"https:\/\/nordicmart.andreevmaster.com\/sv\/wp-json\/wp\/v2\/product_brand?post=19659"},{"taxonomy":"product_cat","embeddable":true,"href":"https:\/\/nordicmart.andreevmaster.com\/sv\/wp-json\/wp\/v2\/product_cat?post=19659"},{"taxonomy":"product_tag","embeddable":true,"href":"https:\/\/nordicmart.andreevmaster.com\/sv\/wp-json\/wp\/v2\/product_tag?post=19659"}],"curies":[{"name":"wp","href":"https:\/\/api.w.org\/{rel}","templated":true}]}}