{"id":19658,"date":"2026-02-27T00:46:00","date_gmt":"2026-02-27T00:46:00","guid":{"rendered":"https:\/\/nordicmart.andreevmaster.com\/product\/songmics-home-matta-200-x-300-cm\/"},"modified":"2026-02-27T08:33:01","modified_gmt":"2026-02-27T08:33:01","slug":"songmics-home-matta-200-x-300-cm","status":"publish","type":"product","link":"https:\/\/nordicmart.andreevmaster.com\/sv\/produkt\/songmics-home-matta-200-x-300-cm\/","title":{"rendered":"SONGMICS HOME Matta 200 x 300 cm"},"content":{"rendered":"<p>SONGMICS HOME matta, 92 x 153 cm, vardagsrumsmatta, halkfri matta, modern abstrakt stil, f\u00f6r vardagsrum, k\u00f6k, hall, matsal, maskintv\u00e4ttbar, duvgr\u00e5 TAR072G01<br \/>\nF\u00e4rg: Duvgr\u00e5<br \/>\nMaterial: 350 g\/m\u00b2 polyester (\u00b115 g\/m\u00b2), 300 g\/m\u00b2 filt (\u00b15 g\/m\u00b2), 650 g\/m\u00b2 TPR (termoplastisk gummi) (\u00b110 g\/m\u00b2)<br \/>\nStorlek:<br \/>\nL\u00e4ngd: 300 cm<br \/>\nBredd: 200 cm<br \/>\nVikt: 9,4 kg<\/p>\n","protected":false},"excerpt":{"rendered":"<p>SONGMICS HOME matta, 92 x 153 cm, vardagsrumsmatta, halkfri matta, modern abstrakt stil, f\u00f6r vardagsrum, k\u00f6k, hall, matsal, maskintv\u00e4ttbar, duvgr\u00e5 TAR072G01<\/p>\n","protected":false},"featured_media":46534,"comment_status":"open","ping_status":"closed","template":"","meta":[],"product_brand":[],"product_cat":[33],"product_tag":[],"class_list":{"0":"post-19658","1":"product","2":"type-product","3":"status-publish","4":"has-post-thumbnail","6":"product_cat-okategoriserad","8":"first","9":"instock","10":"shipping-taxable","11":"purchasable","12":"product-type-simple"},"_links":{"self":[{"href":"https:\/\/nordicmart.andreevmaster.com\/sv\/wp-json\/wp\/v2\/product\/19658","targetHints":{"allow":["GET"]}}],"collection":[{"href":"https:\/\/nordicmart.andreevmaster.com\/sv\/wp-json\/wp\/v2\/product"}],"about":[{"href":"https:\/\/nordicmart.andreevmaster.com\/sv\/wp-json\/wp\/v2\/types\/product"}],"replies":[{"embeddable":true,"href":"https:\/\/nordicmart.andreevmaster.com\/sv\/wp-json\/wp\/v2\/comments?post=19658"}],"wp:featuredmedia":[{"embeddable":true,"href":"https:\/\/nordicmart.andreevmaster.com\/sv\/wp-json\/wp\/v2\/media\/46534"}],"wp:attachment":[{"href":"https:\/\/nordicmart.andreevmaster.com\/sv\/wp-json\/wp\/v2\/media?parent=19658"}],"wp:term":[{"taxonomy":"product_brand","embeddable":true,"href":"https:\/\/nordicmart.andreevmaster.com\/sv\/wp-json\/wp\/v2\/product_brand?post=19658"},{"taxonomy":"product_cat","embeddable":true,"href":"https:\/\/nordicmart.andreevmaster.com\/sv\/wp-json\/wp\/v2\/product_cat?post=19658"},{"taxonomy":"product_tag","embeddable":true,"href":"https:\/\/nordicmart.andreevmaster.com\/sv\/wp-json\/wp\/v2\/product_tag?post=19658"}],"curies":[{"name":"wp","href":"https:\/\/api.w.org\/{rel}","templated":true}]}}