{"id":19656,"date":"2026-02-27T00:45:58","date_gmt":"2026-02-27T00:45:58","guid":{"rendered":"https:\/\/nordicmart.andreevmaster.com\/product\/songmics-home-matta-92-x-153-cm-maskintvattbar-duvgra\/"},"modified":"2026-02-27T08:33:00","modified_gmt":"2026-02-27T08:33:00","slug":"songmics-home-matta-92-x-153-cm-maskintvattbar-duvgra","status":"publish","type":"product","link":"https:\/\/nordicmart.andreevmaster.com\/sv\/produkt\/songmics-home-matta-92-x-153-cm-maskintvattbar-duvgra\/","title":{"rendered":"SONGMICS HOME matta 92 x 153 cm, maskintv\u00e4ttbar, duvgr\u00e5"},"content":{"rendered":"<p>SONGMICS HOME matta, 92 x 153 cm, vardagsrumsmatta, halkfri matta, modern abstrakt stil, f\u00f6r vardagsrum, k\u00f6k, hall, matsal, maskintv\u00e4ttbar, duvgr\u00e5 TAR072G01<br \/>\n&#8211; F\u00e4rg: duvgr\u00e5<br \/>\n&#8211; Material: 700 g\/m\u00b2 polyester (\u00b115 g\/m\u00b2), 200 g\/m\u00b2 filt (\u00b15 g\/m\u00b2), 650 g\/m\u00b2 TPR (termoplastisk gummi) (\u00b110 g\/m\u00b2)<br \/>\n&#8211; Storlek:<br \/>\n&#8211; L\u00e4ngd: 153 cm<br \/>\n&#8211; Bredd: 92 cm<br \/>\n&#8211; Vikt: 2,2 kg<\/p>\n","protected":false},"excerpt":{"rendered":"<p>SONGMICS HOME matta, 92 x 153 cm, vardagsrumsmatta, halkfri matta, modern abstrakt stil, f\u00f6r vardagsrum, k\u00f6k, hall, matsal, maskintv\u00e4ttbar, duvgr\u00e5 TAR072G01<\/p>\n","protected":false},"featured_media":46532,"comment_status":"open","ping_status":"closed","template":"","meta":[],"product_brand":[],"product_cat":[33],"product_tag":[],"class_list":{"0":"post-19656","1":"product","2":"type-product","3":"status-publish","4":"has-post-thumbnail","6":"product_cat-okategoriserad","8":"first","9":"instock","10":"shipping-taxable","11":"purchasable","12":"product-type-simple"},"_links":{"self":[{"href":"https:\/\/nordicmart.andreevmaster.com\/sv\/wp-json\/wp\/v2\/product\/19656","targetHints":{"allow":["GET"]}}],"collection":[{"href":"https:\/\/nordicmart.andreevmaster.com\/sv\/wp-json\/wp\/v2\/product"}],"about":[{"href":"https:\/\/nordicmart.andreevmaster.com\/sv\/wp-json\/wp\/v2\/types\/product"}],"replies":[{"embeddable":true,"href":"https:\/\/nordicmart.andreevmaster.com\/sv\/wp-json\/wp\/v2\/comments?post=19656"}],"wp:featuredmedia":[{"embeddable":true,"href":"https:\/\/nordicmart.andreevmaster.com\/sv\/wp-json\/wp\/v2\/media\/46532"}],"wp:attachment":[{"href":"https:\/\/nordicmart.andreevmaster.com\/sv\/wp-json\/wp\/v2\/media?parent=19656"}],"wp:term":[{"taxonomy":"product_brand","embeddable":true,"href":"https:\/\/nordicmart.andreevmaster.com\/sv\/wp-json\/wp\/v2\/product_brand?post=19656"},{"taxonomy":"product_cat","embeddable":true,"href":"https:\/\/nordicmart.andreevmaster.com\/sv\/wp-json\/wp\/v2\/product_cat?post=19656"},{"taxonomy":"product_tag","embeddable":true,"href":"https:\/\/nordicmart.andreevmaster.com\/sv\/wp-json\/wp\/v2\/product_tag?post=19656"}],"curies":[{"name":"wp","href":"https:\/\/api.w.org\/{rel}","templated":true}]}}