{"id":19654,"date":"2026-02-27T00:45:57","date_gmt":"2026-02-27T00:45:57","guid":{"rendered":"https:\/\/nordicmart.andreevmaster.com\/product\/songmics-home-rund-matta-160-cm-d-boho-stil-duvgra\/"},"modified":"2026-02-27T08:33:00","modified_gmt":"2026-02-27T08:33:00","slug":"songmics-home-rund-matta-160-cm-d-boho-stil-duvgra","status":"publish","type":"product","link":"https:\/\/nordicmart.andreevmaster.com\/sv\/produkt\/songmics-home-rund-matta-160-cm-d-boho-stil-duvgra\/","title":{"rendered":"SONGMICS HOME Rund matta 160 cm d Boho-stil duvgr\u00e5"},"content":{"rendered":"<p>SONGMICS HOME Rund matta, 120 cm, vardagsrumsmatta, halkfri matta, fluffig, dekoration, f\u00f6r vardagsrum, sovrum, maskintv\u00e4ttbar, boho-stil, duvgr\u00e5 TAR051G01<br \/>\nF\u00e4rg: Duvgr\u00e5<br \/>\nMaterial: Polyester, filt, TPR (termoplastisk gummi)<br \/>\nStorlek: 160 cm d<br \/>\nVikt: 2,8 kg<\/p>\n","protected":false},"excerpt":{"rendered":"<p>SONGMICS HOME Rund matta, 120 cm, vardagsrumsmatta, halkfri matta, fluffig, dekoration, f\u00f6r vardagsrum, sovrum, maskintv\u00e4ttbar, boho-stil, duvgr\u00e5 TAR051G01<\/p>\n","protected":false},"featured_media":46530,"comment_status":"open","ping_status":"closed","template":"","meta":[],"product_brand":[],"product_cat":[33],"product_tag":[],"class_list":{"0":"post-19654","1":"product","2":"type-product","3":"status-publish","4":"has-post-thumbnail","6":"product_cat-okategoriserad","8":"first","9":"instock","10":"shipping-taxable","11":"purchasable","12":"product-type-simple"},"_links":{"self":[{"href":"https:\/\/nordicmart.andreevmaster.com\/sv\/wp-json\/wp\/v2\/product\/19654","targetHints":{"allow":["GET"]}}],"collection":[{"href":"https:\/\/nordicmart.andreevmaster.com\/sv\/wp-json\/wp\/v2\/product"}],"about":[{"href":"https:\/\/nordicmart.andreevmaster.com\/sv\/wp-json\/wp\/v2\/types\/product"}],"replies":[{"embeddable":true,"href":"https:\/\/nordicmart.andreevmaster.com\/sv\/wp-json\/wp\/v2\/comments?post=19654"}],"wp:featuredmedia":[{"embeddable":true,"href":"https:\/\/nordicmart.andreevmaster.com\/sv\/wp-json\/wp\/v2\/media\/46530"}],"wp:attachment":[{"href":"https:\/\/nordicmart.andreevmaster.com\/sv\/wp-json\/wp\/v2\/media?parent=19654"}],"wp:term":[{"taxonomy":"product_brand","embeddable":true,"href":"https:\/\/nordicmart.andreevmaster.com\/sv\/wp-json\/wp\/v2\/product_brand?post=19654"},{"taxonomy":"product_cat","embeddable":true,"href":"https:\/\/nordicmart.andreevmaster.com\/sv\/wp-json\/wp\/v2\/product_cat?post=19654"},{"taxonomy":"product_tag","embeddable":true,"href":"https:\/\/nordicmart.andreevmaster.com\/sv\/wp-json\/wp\/v2\/product_tag?post=19654"}],"curies":[{"name":"wp","href":"https:\/\/api.w.org\/{rel}","templated":true}]}}