{"id":19632,"date":"2026-02-27T00:45:42","date_gmt":"2026-02-27T00:45:42","guid":{"rendered":"https:\/\/nordicmart.andreevmaster.com\/product\/aluematto-2x3-ft-matto-makuuhuoneeseen-liukumaton-matto-kodin-sisustus-olohuoneeseen-konepestava-boho-tyyli-cappuccino-beige-2\/"},"modified":"2026-02-27T08:32:55","modified_gmt":"2026-02-27T08:32:55","slug":"aluematto-2x3-ft-matto-makuuhuoneeseen-liukumaton-matto-kodin-sisustus-olohuoneeseen-konepestava-boho-tyyli-cappuccino-beige-2","status":"publish","type":"product","link":"https:\/\/nordicmart.andreevmaster.com\/sv\/produkt\/aluematto-2x3-ft-matto-makuuhuoneeseen-liukumaton-matto-kodin-sisustus-olohuoneeseen-konepestava-boho-tyyli-cappuccino-beige-2\/","title":{"rendered":"Aluematto, 2&#215;3 ft matto makuuhuoneeseen, liukumaton matto, kodin sisustus, olohuoneeseen, konepest\u00e4v\u00e4, Boho-tyyli, Cappuccino Beige"},"content":{"rendered":"<p>\u3010STEG IN I MJUKHET\u3011Mattan \u00e4r tillverkad av mjuka 600 g\/\u33a1 polyesterfibrer och ett mellanlager av 200 g\/\u33a1 filt och erbjuder en hudv\u00e4nlig, bekv\u00e4m yta som passar perfekt f\u00f6r det f\u00f6rsta steget ur s\u00e4ngen eller f\u00f6r en mysig stund hemma.\u3010BOHO CHIC\u3011Denna regionala matta med distinkta m\u00f6nster och uppfriskande nyanser ger liv \u00e5t vilket rum som helst, oavsett om det \u00e4r ett mysigt sovrum eller ett livligt vardagsrum. Den ger ditt hem en mysig, bohemisk k\u00e4nsla.\u3010H\u00c5LLBAR OCH MASKINTV\u00c4TTBAR\u3011Denna h\u00e5llbara sovrumsmatta beh\u00e5ller sin mjuka struktur \u00e4ven efter l\u00e5ngvarig anv\u00e4ndning utan att tappa form. Den beh\u00e5ller sin kvalitet \u00e4ven efter flera maskintv\u00e4ttar.\u3010HALKS\u00c4KER OCH M\u00c5NGSIDIG\u3011Alumattans baksida \u00e4r tillverkad av TPR, vilket garanterar utm\u00e4rkt halkskydd, s\u00e5 den passar perfekt f\u00f6r olika typer av golv, inklusive massivt tr\u00e4, kakel och andra.\u3010ENKEL TRANSPORT OCH F\u00d6RVARING\u3011Mattan i vardagsrummet \u00e4r hopf\u00e4llbar, vilket underl\u00e4ttar f\u00f6rvaring och transport. Oavsett om du beh\u00f6ver flytta den f\u00f6r reng\u00f6ring eller vill fr\u00e4scha upp rummets utseende, erbjuder den hopf\u00e4llbara designen stor bekv\u00e4mlighet. Tekniska specifikationer: F\u00e4rg: F\u00e4rger: F\u00e4rger: F\u00e4rger: 1: Cappuccino Beige<br \/>\nMaterial: Polyester, filt, TPR (termoplastisk gummi).Produktens storlek: Produktens storlek: H\u00f6jd: 1,5 mm:<br \/>\n(92 cm)<br \/>\nBredd: 61 cm (2 ft)<br \/>\nProduktens vikt: 0,8 kg (1,8 lb).<br \/>\nF\u00f6rpackningens inneh\u00e5ll:<br \/>\n1 x alu-matta<\/p>\n","protected":false},"excerpt":{"rendered":"<p>\u3010STEG IN I MJUKHET\u3011Mattan \u00e4r tillverkad av mjuka 600 g\/\u33a1 polyesterfibrer och ett mellanlager av 200 g\/\u33a1 filt och erbjuder en hudv\u00e4nlig, bekv\u00e4m yta som passar perfekt f\u00f6r det f\u00f6rsta steget ur s\u00e4ngen eller f\u00f6r en mysig stund hemma.\u3010BOHO CHIC\u3011Denna regionala matta med distinkta m\u00f6nster och uppfriskande nyanser ger liv \u00e5t vilket rum som helst, [&hellip;]<\/p>\n","protected":false},"featured_media":0,"comment_status":"open","ping_status":"closed","template":"","meta":[],"product_brand":[],"product_cat":[33],"product_tag":[],"class_list":{"0":"post-19632","1":"product","2":"type-product","3":"status-publish","5":"product_cat-okategoriserad","7":"first","8":"instock","9":"shipping-taxable","10":"product-type-simple"},"_links":{"self":[{"href":"https:\/\/nordicmart.andreevmaster.com\/sv\/wp-json\/wp\/v2\/product\/19632","targetHints":{"allow":["GET"]}}],"collection":[{"href":"https:\/\/nordicmart.andreevmaster.com\/sv\/wp-json\/wp\/v2\/product"}],"about":[{"href":"https:\/\/nordicmart.andreevmaster.com\/sv\/wp-json\/wp\/v2\/types\/product"}],"replies":[{"embeddable":true,"href":"https:\/\/nordicmart.andreevmaster.com\/sv\/wp-json\/wp\/v2\/comments?post=19632"}],"wp:attachment":[{"href":"https:\/\/nordicmart.andreevmaster.com\/sv\/wp-json\/wp\/v2\/media?parent=19632"}],"wp:term":[{"taxonomy":"product_brand","embeddable":true,"href":"https:\/\/nordicmart.andreevmaster.com\/sv\/wp-json\/wp\/v2\/product_brand?post=19632"},{"taxonomy":"product_cat","embeddable":true,"href":"https:\/\/nordicmart.andreevmaster.com\/sv\/wp-json\/wp\/v2\/product_cat?post=19632"},{"taxonomy":"product_tag","embeddable":true,"href":"https:\/\/nordicmart.andreevmaster.com\/sv\/wp-json\/wp\/v2\/product_tag?post=19632"}],"curies":[{"name":"wp","href":"https:\/\/api.w.org\/{rel}","templated":true}]}}