{"id":19629,"date":"2026-02-27T00:45:41","date_gmt":"2026-02-27T00:45:41","guid":{"rendered":"https:\/\/nordicmart.andreevmaster.com\/product\/matta-160-x-230-cm-halkfri-matta-heminredning-for-vardagsrum-sovrum-barnrum-maskintvattbar-modern-stil-duvgra\/"},"modified":"2026-02-27T08:32:54","modified_gmt":"2026-02-27T08:32:54","slug":"matta-160-x-230-cm-halkfri-matta-heminredning-for-vardagsrum-sovrum-barnrum-maskintvattbar-modern-stil-duvgra","status":"publish","type":"product","link":"https:\/\/nordicmart.andreevmaster.com\/sv\/produkt\/matta-160-x-230-cm-halkfri-matta-heminredning-for-vardagsrum-sovrum-barnrum-maskintvattbar-modern-stil-duvgra\/","title":{"rendered":"Matta, 160 x 230 cm, halkfri matta, heminredning, f\u00f6r vardagsrum, sovrum, barnrum, maskintv\u00e4ttbar, modern stil, duvgr\u00e5"},"content":{"rendered":"<p>[Mjuk och s\u00e4ker] Tillverkad av 100 % polyesterfibrer \u00e4r mattan mjuk att vidr\u00f6ra. Den \u00e4r certifierad enligt OEKO-TEX Standard 100, som uppfyller de str\u00e4ngaste textils\u00e4kerhetsstandarderna (certifikatnummer: SHO25 152411, innehavare: leverant\u00f6r).<\/p>\n<p>[Halkfri och m\u00e5ngsidig] Mattans undersida anv\u00e4nder TPR, vilket garanterar utm\u00e4rkt halkfri prestanda, s\u00e5 den passar utm\u00e4rkt f\u00f6r olika golvtyper, inklusive h\u00e5rdtr\u00e4, kakel m.m.<\/p>\n<p>[H\u00e5llbar och maskintv\u00e4ttbar] Designad f\u00f6r att h\u00e5lla, denna sovrumsmatta beh\u00e5ller sin mjuka struktur \u00e4ven efter l\u00e5ngvarig anv\u00e4ndning utan att tappa fiber. \u00c4ven efter flera maskintv\u00e4ttar beh\u00e5ller den sin kvalitet.<\/p>\n<p>[\u00c5terh\u00e5llsam elegans] Den subtila duvgr\u00e5 nyansen ger denna matta en enkel men stilfull attraktionskraft som sm\u00e4lter in s\u00f6ml\u00f6st i vilket rum som helst, vare sig det \u00e4r sovrummet eller vardagsrummet, och ger ditt hem en lugn atmosf\u00e4r.<\/p>\n<p>[Enkel att transportera och f\u00f6rvara] Vardagsrumsmattan \u00e4r hopf\u00e4llbar och inkluderar en f\u00f6rvaringsp\u00e5se, vilket g\u00f6r den l\u00e4tt att transportera och f\u00f6rvara och \u00f6kar bekv\u00e4mligheten i dina dagliga rutiner.<\/p>\n<p>Produktdetaljer:<br \/>\nStorlek: 160x230cm<br \/>\nProduktvikt: 5,8 kg<br \/>\nF\u00e4rg: Duvgr\u00e5<br \/>\nM\u00f6nster: Enf\u00e4rgad<br \/>\nForm: Rektangul\u00e4r<\/p>\n","protected":false},"excerpt":{"rendered":"<p>F\u00e4rg: Duvgr\u00e5<br \/>\nMaterial: Polyester, filt, TPR (Termoplastiskt gummi)<br \/>\nStorlek:<br \/>\nL\u00e4ngd: 230 cm<br \/>\nBredd: 160 cm<br \/>\nVikt: 5,8 kg<\/p>\n","protected":false},"featured_media":46516,"comment_status":"open","ping_status":"closed","template":"","meta":[],"product_brand":[],"product_cat":[33],"product_tag":[],"class_list":{"0":"post-19629","1":"product","2":"type-product","3":"status-publish","4":"has-post-thumbnail","6":"product_cat-okategoriserad","8":"first","9":"instock","10":"shipping-taxable","11":"purchasable","12":"product-type-simple"},"_links":{"self":[{"href":"https:\/\/nordicmart.andreevmaster.com\/sv\/wp-json\/wp\/v2\/product\/19629","targetHints":{"allow":["GET"]}}],"collection":[{"href":"https:\/\/nordicmart.andreevmaster.com\/sv\/wp-json\/wp\/v2\/product"}],"about":[{"href":"https:\/\/nordicmart.andreevmaster.com\/sv\/wp-json\/wp\/v2\/types\/product"}],"replies":[{"embeddable":true,"href":"https:\/\/nordicmart.andreevmaster.com\/sv\/wp-json\/wp\/v2\/comments?post=19629"}],"wp:featuredmedia":[{"embeddable":true,"href":"https:\/\/nordicmart.andreevmaster.com\/sv\/wp-json\/wp\/v2\/media\/46516"}],"wp:attachment":[{"href":"https:\/\/nordicmart.andreevmaster.com\/sv\/wp-json\/wp\/v2\/media?parent=19629"}],"wp:term":[{"taxonomy":"product_brand","embeddable":true,"href":"https:\/\/nordicmart.andreevmaster.com\/sv\/wp-json\/wp\/v2\/product_brand?post=19629"},{"taxonomy":"product_cat","embeddable":true,"href":"https:\/\/nordicmart.andreevmaster.com\/sv\/wp-json\/wp\/v2\/product_cat?post=19629"},{"taxonomy":"product_tag","embeddable":true,"href":"https:\/\/nordicmart.andreevmaster.com\/sv\/wp-json\/wp\/v2\/product_tag?post=19629"}],"curies":[{"name":"wp","href":"https:\/\/api.w.org\/{rel}","templated":true}]}}