{"id":19628,"date":"2026-02-27T00:45:40","date_gmt":"2026-02-27T00:45:40","guid":{"rendered":"https:\/\/nordicmart.andreevmaster.com\/product\/matto-120-x-170-cm-liukumaton-matto-kodin-sisustus-olohuoneeseen-makuuhuoneeseen-lastenhuoneeseen-konepestava-moderni-tyyli-hiilenharmaa-2\/"},"modified":"2026-02-27T08:32:54","modified_gmt":"2026-02-27T08:32:54","slug":"matto-120-x-170-cm-liukumaton-matto-kodin-sisustus-olohuoneeseen-makuuhuoneeseen-lastenhuoneeseen-konepestava-moderni-tyyli-hiilenharmaa-2","status":"publish","type":"product","link":"https:\/\/nordicmart.andreevmaster.com\/sv\/produkt\/matto-120-x-170-cm-liukumaton-matto-kodin-sisustus-olohuoneeseen-makuuhuoneeseen-lastenhuoneeseen-konepestava-moderni-tyyli-hiilenharmaa-2\/","title":{"rendered":"Matto, 120 x 170 cm, liukumaton matto, kodin sisustus, olohuoneeseen, makuuhuoneeseen, lastenhuoneeseen, konepest\u00e4v\u00e4, moderni tyyli, hiilenharmaa"},"content":{"rendered":"<p>[Mjuk och s\u00e4ker] Mattan \u00e4r tillverkad av 100 % polyesterfiber och har en mjuk k\u00e4nsla. Den \u00e4r certifierad enligt OEKO-TEX Standard 100, som uppfyller de str\u00e4ngaste textils\u00e4kerhetsstandarderna (certifikatnummer: SHO25 152411, innehavare: leverant\u00f6r).[Halkfri och m\u00e5ngsidig] Mattans undersida \u00e4r tillverkad av TPR, vilket garanterar utm\u00e4rkt halkfrihet, s\u00e5 den passar utm\u00e4rkt f\u00f6r olika typer av golv, s\u00e5som massivt tr\u00e4, kakel etc.[H\u00e5llbar och maskintv\u00e4ttbar] Denna sovrumsmatta \u00e4r utformad f\u00f6r att h\u00e5lla och beh\u00e5ller sin mjuka struktur \u00e4ven efter l\u00e5ngvarig anv\u00e4ndning utan att slitas. Den beh\u00e5ller sin kvalitet \u00e4ven efter flera maskintv\u00e4ttar.[Diskret elegans] Den diskreta kolsvarta f\u00e4rgen ger mattan ett enkelt men elegant utseende som sm\u00e4lter in s\u00f6ml\u00f6st i vilket rum som helst, oavsett om det \u00e4r sovrummet eller vardagsrummet, och ger ditt hem en lugn atmosf\u00e4r.[Enkel transport och f\u00f6rvaring] Vardagsrumsmatta \u00e4r hopf\u00e4llbar och levereras med en f\u00f6rvaringsp\u00e5se, vilket g\u00f6r den enkel att transportera och f\u00f6rvara, vilket \u00f6kar bekv\u00e4mligheten i din dagliga rutin.<\/p>\n<p>Produktinformation: Mattan \u00e4r enkel och l\u00e4tt att installera, men den \u00e4r enkel och l\u00e4tt att installera, men den \u00e4r enkel och l\u00e4tt att installera, men den \u00e4r enkel och l\u00e4tt att installera, men den \u00e4r enkel och l\u00e4tt att installera, men den \u00e4r enkel och l\u00e4tt att anv\u00e4nda:<br \/>\nStorlek: 120 x 170 cm<br \/>\nProduktens vikt: 3,2 kg<br \/>\nF\u00e4rg: Kolsvart<br \/>\nM\u00f6nster: Enf\u00e4rgat<br \/>\nForm: Rektangul\u00e4r<\/p>\n","protected":false},"excerpt":{"rendered":"<p>[Mjuk och s\u00e4ker] Mattan \u00e4r tillverkad av 100 % polyesterfiber och har en mjuk k\u00e4nsla. Den \u00e4r certifierad enligt OEKO-TEX Standard 100, som uppfyller de str\u00e4ngaste textils\u00e4kerhetsstandarderna (certifikatnummer: SHO25 152411, innehavare: leverant\u00f6r).[Halkfri och m\u00e5ngsidig] Mattans undersida \u00e4r tillverkad av TPR, vilket garanterar utm\u00e4rkt halkfrihet, s\u00e5 den passar utm\u00e4rkt f\u00f6r olika typer av golv, s\u00e5som massivt [&hellip;]<\/p>\n","protected":false},"featured_media":0,"comment_status":"open","ping_status":"closed","template":"","meta":[],"product_brand":[],"product_cat":[33],"product_tag":[],"class_list":{"0":"post-19628","1":"product","2":"type-product","3":"status-publish","5":"product_cat-okategoriserad","7":"first","8":"instock","9":"shipping-taxable","10":"product-type-simple"},"_links":{"self":[{"href":"https:\/\/nordicmart.andreevmaster.com\/sv\/wp-json\/wp\/v2\/product\/19628","targetHints":{"allow":["GET"]}}],"collection":[{"href":"https:\/\/nordicmart.andreevmaster.com\/sv\/wp-json\/wp\/v2\/product"}],"about":[{"href":"https:\/\/nordicmart.andreevmaster.com\/sv\/wp-json\/wp\/v2\/types\/product"}],"replies":[{"embeddable":true,"href":"https:\/\/nordicmart.andreevmaster.com\/sv\/wp-json\/wp\/v2\/comments?post=19628"}],"wp:attachment":[{"href":"https:\/\/nordicmart.andreevmaster.com\/sv\/wp-json\/wp\/v2\/media?parent=19628"}],"wp:term":[{"taxonomy":"product_brand","embeddable":true,"href":"https:\/\/nordicmart.andreevmaster.com\/sv\/wp-json\/wp\/v2\/product_brand?post=19628"},{"taxonomy":"product_cat","embeddable":true,"href":"https:\/\/nordicmart.andreevmaster.com\/sv\/wp-json\/wp\/v2\/product_cat?post=19628"},{"taxonomy":"product_tag","embeddable":true,"href":"https:\/\/nordicmart.andreevmaster.com\/sv\/wp-json\/wp\/v2\/product_tag?post=19628"}],"curies":[{"name":"wp","href":"https:\/\/api.w.org\/{rel}","templated":true}]}}