{"id":19626,"date":"2026-02-27T00:45:40","date_gmt":"2026-02-27T00:45:40","guid":{"rendered":"https:\/\/nordicmart.andreevmaster.com\/product\/songmics-mattor-vardagsrumsmatta-halksaker-matta-dekoration\/"},"modified":"2026-02-27T08:32:54","modified_gmt":"2026-02-27T08:32:54","slug":"songmics-mattor-vardagsrumsmatta-halksaker-matta-dekoration","status":"publish","type":"product","link":"https:\/\/nordicmart.andreevmaster.com\/sv\/produkt\/songmics-mattor-vardagsrumsmatta-halksaker-matta-dekoration\/","title":{"rendered":"SONGMICS Mattor Vardagsrumsmatta Halks\u00e4ker matta Dekoration"},"content":{"rendered":"<p>SONGMICS matta, 80 x 150 cm, vardagsrumsmatta, halkfri matta, dekoration, f\u00f6r vardagsrum, sovrum, barnrum, maskintv\u00e4ttbar, supermjuk, modern, duvgr\u00e5 TAR011G01<br \/>\nF\u00e4rg: Duvgr\u00e5<br \/>\nF\u00f6rpackningsm\u00e5tt: 43 x 33 x 9 cm; 1,9 kg<br \/>\nMaterial: Polyester, filt, TPR (termoplastisk gummi)<br \/>\nYtterligare specifikationer: Tv\u00e4ttbar, halkfri<br \/>\nArtikelvikt: 1,9 kg<\/p>\n","protected":false},"excerpt":{"rendered":"<p>SONGMICS matta, 80 x 150 cm, vardagsrumsmatta, halkfri matta, dekoration, f\u00f6r vardagsrum, sovrum, barnrum, maskintv\u00e4ttbar, supermjuk, modern, duvgr\u00e5 TAR011G01<\/p>\n","protected":false},"featured_media":46514,"comment_status":"open","ping_status":"closed","template":"","meta":[],"product_brand":[],"product_cat":[33],"product_tag":[],"class_list":{"0":"post-19626","1":"product","2":"type-product","3":"status-publish","4":"has-post-thumbnail","6":"product_cat-okategoriserad","8":"first","9":"instock","10":"shipping-taxable","11":"purchasable","12":"product-type-simple"},"_links":{"self":[{"href":"https:\/\/nordicmart.andreevmaster.com\/sv\/wp-json\/wp\/v2\/product\/19626","targetHints":{"allow":["GET"]}}],"collection":[{"href":"https:\/\/nordicmart.andreevmaster.com\/sv\/wp-json\/wp\/v2\/product"}],"about":[{"href":"https:\/\/nordicmart.andreevmaster.com\/sv\/wp-json\/wp\/v2\/types\/product"}],"replies":[{"embeddable":true,"href":"https:\/\/nordicmart.andreevmaster.com\/sv\/wp-json\/wp\/v2\/comments?post=19626"}],"wp:featuredmedia":[{"embeddable":true,"href":"https:\/\/nordicmart.andreevmaster.com\/sv\/wp-json\/wp\/v2\/media\/46514"}],"wp:attachment":[{"href":"https:\/\/nordicmart.andreevmaster.com\/sv\/wp-json\/wp\/v2\/media?parent=19626"}],"wp:term":[{"taxonomy":"product_brand","embeddable":true,"href":"https:\/\/nordicmart.andreevmaster.com\/sv\/wp-json\/wp\/v2\/product_brand?post=19626"},{"taxonomy":"product_cat","embeddable":true,"href":"https:\/\/nordicmart.andreevmaster.com\/sv\/wp-json\/wp\/v2\/product_cat?post=19626"},{"taxonomy":"product_tag","embeddable":true,"href":"https:\/\/nordicmart.andreevmaster.com\/sv\/wp-json\/wp\/v2\/product_tag?post=19626"}],"curies":[{"name":"wp","href":"https:\/\/api.w.org\/{rel}","templated":true}]}}