{"id":19625,"date":"2026-02-27T00:45:39","date_gmt":"2026-02-27T00:45:39","guid":{"rendered":"https:\/\/nordicmart.andreevmaster.com\/product\/songmics-fotbollsmal-for-barn-2-pack-hopfallbart-blatt\/"},"modified":"2026-02-27T08:32:53","modified_gmt":"2026-02-27T08:32:53","slug":"songmics-fotbollsmal-for-barn-2-pack-hopfallbart-blatt","status":"publish","type":"product","link":"https:\/\/nordicmart.andreevmaster.com\/sv\/produkt\/songmics-fotbollsmal-for-barn-2-pack-hopfallbart-blatt\/","title":{"rendered":"SONGMICS fotbollsm\u00e5l f\u00f6r barn, 2-pack, hopf\u00e4llbart, bl\u00e5tt"},"content":{"rendered":"<p>SONGMICS fotbollsm\u00e5l f\u00f6r barn, 2-pack, b\u00e4rbart och hopf\u00e4llbart, tr\u00e4dg\u00e5rd, park, strand, st\u00f6dst\u00e4nger av glasfiber, svart SZQ422B01<br \/>\nF\u00e4rg: Bl\u00e5<br \/>\nMaterial: Glasfiberst\u00e4nger, polyestern\u00e4t, Oxford-tyg<br \/>\nStorlek per fotbollsm\u00e5l: 90 x 120 x 90 cm (D x B x H)<br \/>\nTotalvikt: 2,4 kg<\/p>\n","protected":false},"excerpt":{"rendered":"<p>SONGMICS fotbollsm\u00e5l f\u00f6r barn, 2-pack, b\u00e4rbart och hopf\u00e4llbart, tr\u00e4dg\u00e5rd, park, strand, st\u00f6dst\u00e4nger av glasfiber, svart SZQ422B01<\/p>\n","protected":false},"featured_media":46513,"comment_status":"open","ping_status":"closed","template":"","meta":[],"product_brand":[],"product_cat":[33],"product_tag":[],"class_list":{"0":"post-19625","1":"product","2":"type-product","3":"status-publish","4":"has-post-thumbnail","6":"product_cat-okategoriserad","8":"first","9":"instock","10":"shipping-taxable","11":"purchasable","12":"product-type-simple"},"_links":{"self":[{"href":"https:\/\/nordicmart.andreevmaster.com\/sv\/wp-json\/wp\/v2\/product\/19625","targetHints":{"allow":["GET"]}}],"collection":[{"href":"https:\/\/nordicmart.andreevmaster.com\/sv\/wp-json\/wp\/v2\/product"}],"about":[{"href":"https:\/\/nordicmart.andreevmaster.com\/sv\/wp-json\/wp\/v2\/types\/product"}],"replies":[{"embeddable":true,"href":"https:\/\/nordicmart.andreevmaster.com\/sv\/wp-json\/wp\/v2\/comments?post=19625"}],"wp:featuredmedia":[{"embeddable":true,"href":"https:\/\/nordicmart.andreevmaster.com\/sv\/wp-json\/wp\/v2\/media\/46513"}],"wp:attachment":[{"href":"https:\/\/nordicmart.andreevmaster.com\/sv\/wp-json\/wp\/v2\/media?parent=19625"}],"wp:term":[{"taxonomy":"product_brand","embeddable":true,"href":"https:\/\/nordicmart.andreevmaster.com\/sv\/wp-json\/wp\/v2\/product_brand?post=19625"},{"taxonomy":"product_cat","embeddable":true,"href":"https:\/\/nordicmart.andreevmaster.com\/sv\/wp-json\/wp\/v2\/product_cat?post=19625"},{"taxonomy":"product_tag","embeddable":true,"href":"https:\/\/nordicmart.andreevmaster.com\/sv\/wp-json\/wp\/v2\/product_tag?post=19625"}],"curies":[{"name":"wp","href":"https:\/\/api.w.org\/{rel}","templated":true}]}}